{"id":200802,"date":"2025-03-20T16:27:39","date_gmt":"2025-03-20T16:27:39","guid":{"rendered":"https:\/\/aromasentia.com\/product\/romance-bath-dust-200g\/"},"modified":"2025-06-22T03:31:49","modified_gmt":"2025-06-22T03:31:49","slug":"romance-bath-dust-200g","status":"publish","type":"product","link":"https:\/\/aromasentia.com\/da\/romance-bath-dust-200g\/","title":{"rendered":"Romance Bath Dust 200g"},"content":{"rendered":"<p>Skab en dr\u00f8mmende, forelsket atmosf\u00e6re med Romance Bath Dust. Denne fortryllende 200 g-pose er designet til at inspirere til f\u00f8lelser af k\u00e6rlighed og hengivenhed, sandsynligvis tilsat bl\u00f8de blomster, s\u00f8de noter eller et strejf af sensuel moskus. N\u00e5r det opl\u00f8ses, bl\u00f8dg\u00f8r det badevandet og frigiver en f\u00e6ngslende duft, der s\u00e6tter stemningen for en romantisk og fork\u00e6lende flugt. Drys den i et varmt bad for at indhylle dig selv i dens dragende aroma, der efterlader huden bl\u00f8d og sanserne glade.<\/p>\n","protected":false},"excerpt":{"rendered":"<p>Skab en dr\u00f8mmende, forelsket atmosf\u00e6re med Romance Bath Dust. Denne fortryllende 200 g-pose er designet til at inspirere til f\u00f8lelser af k\u00e6rlighed og hengivenhed, sandsynligvis tilsat bl\u00f8de blomster, s\u00f8de noter eller et strejf af sensuel moskus. N\u00e5r det opl\u00f8ses, bl\u00f8dg\u00f8r det badevandet og frigiver en f\u00e6ngslende duft, der s\u00e6tter stemningen for en romantisk og fork\u00e6lende [&hellip;]<\/p>\n","protected":false},"featured_media":277683,"comment_status":"closed","ping_status":"open","template":"","meta":{"_angie_page":false},"product_brand":[],"product_cat":[6994,7131],"product_tag":[],"class_list":{"0":"post-200802","1":"product","2":"type-product","3":"status-publish","4":"has-post-thumbnail","6":"product_cat-bad-og-bruser","7":"product_cat-badesalt","8":"pa_collection-bath-dust-190g-da","9":"pa_made-in-storbritannien","10":"pa_size-200g","12":"first","13":"instock","14":"purchasable","15":"product-type-simple"},"supplier_id":null,"supplier_sku":"BAS-27","barcode":null,"atum_controlled":true,"out_stock_date":null,"out_stock_threshold":null,"inheritable":false,"inbound_stock":null,"stock_on_hold":0,"sold_today":0,"sales_last_days":0,"reserved_stock":null,"customer_returns":null,"warehouse_damage":null,"lost_in_post":null,"other_logs":null,"out_stock_days":0,"lost_sales":0,"has_location":null,"update_date":"2026-04-27T06:53:55","atum_locations":[],"atum_stock_status":"instock","restock_status":false,"low_stock_amount":"","sales_update_date":"2026-01-30T01:26:40","calc_backorders":null,"_links":{"self":[{"href":"https:\/\/aromasentia.com\/da\/wp-json\/wp\/v2\/product\/200802","targetHints":{"allow":["GET"]}}],"collection":[{"href":"https:\/\/aromasentia.com\/da\/wp-json\/wp\/v2\/product"}],"about":[{"href":"https:\/\/aromasentia.com\/da\/wp-json\/wp\/v2\/types\/product"}],"replies":[{"embeddable":true,"href":"https:\/\/aromasentia.com\/da\/wp-json\/wp\/v2\/comments?post=200802"}],"version-history":[{"count":0,"href":"https:\/\/aromasentia.com\/da\/wp-json\/wp\/v2\/product\/200802\/revisions"}],"wp:featuredmedia":[{"embeddable":true,"href":"https:\/\/aromasentia.com\/da\/wp-json\/wp\/v2\/media\/277683"}],"wp:attachment":[{"href":"https:\/\/aromasentia.com\/da\/wp-json\/wp\/v2\/media?parent=200802"}],"wp:term":[{"taxonomy":"product_brand","embeddable":true,"href":"https:\/\/aromasentia.com\/da\/wp-json\/wp\/v2\/product_brand?post=200802"},{"taxonomy":"product_cat","embeddable":true,"href":"https:\/\/aromasentia.com\/da\/wp-json\/wp\/v2\/product_cat?post=200802"},{"taxonomy":"product_tag","embeddable":true,"href":"https:\/\/aromasentia.com\/da\/wp-json\/wp\/v2\/product_tag?post=200802"}],"curies":[{"name":"wp","href":"https:\/\/api.w.org\/{rel}","templated":true}]}}