{"id":200786,"date":"2025-03-20T16:29:32","date_gmt":"2025-03-20T16:29:32","guid":{"rendered":"https:\/\/aromasentia.com\/product\/funky-bath-bomb-125g-italian-promenade\/"},"modified":"2025-06-22T03:31:40","modified_gmt":"2025-06-22T03:31:40","slug":"funky-badebombe-125g-italian-promenade","status":"publish","type":"product","link":"https:\/\/aromasentia.com\/da\/funky-badebombe-125g-italian-promenade\/","title":{"rendered":"Funky Badebombe 125g &#8211; Italian Promenade"},"content":{"rendered":"<p>Den nye serie af Funky Bath Bombs er lige noget for alle, der leder efter et badetilbeh\u00f8r af h\u00f8j kvalitet, der b\u00e5de ser godt ud og dufter fantastisk.<\/p>\n<p>Vi har et udvalg af fantastiske dufte at v\u00e6lge imellem, hver i sin egen karakteristiske farve. De charmerende og luksuri\u00f8se badebomber er h\u00e5ndlavede for at give dine kunder luksusen af spa-afslapning i deres hjem.<\/p>\n<p>N\u00e5r de tabes i vandet, bruser de ved st\u00f8det og lader duftene finde vej til dine sanser.<\/p>\n<p><strong>K\u00f8b nu for at skabe det ultimative badev\u00e6relseshimmel i din butik.<\/strong><\/p>\n<p><span style=\"color: rgb(184, 49, 47);\"><strong>Bombest\u00f8rrelse: 6 cm<\/strong><\/span><\/p>\n","protected":false},"excerpt":{"rendered":"<p>Den nye serie af Funky Bath Bombs er lige noget for alle, der leder efter et badetilbeh\u00f8r af h\u00f8j kvalitet, der b\u00e5de ser godt ud og dufter fantastisk. Vi har et udvalg af fantastiske dufte at v\u00e6lge imellem, hver i sin egen karakteristiske farve. De charmerende og luksuri\u00f8se badebomber er h\u00e5ndlavede for at give dine [&hellip;]<\/p>\n","protected":false},"featured_media":278443,"comment_status":"closed","ping_status":"open","template":"","meta":[],"product_brand":[],"product_cat":[6994,7029],"product_tag":[],"class_list":{"0":"post-200786","1":"product","2":"type-product","3":"status-publish","4":"has-post-thumbnail","6":"product_cat-bad-og-bruser","7":"product_cat-badebomber","8":"pa_made-in-letland","10":"first","11":"outofstock","12":"purchasable","13":"product-type-simple"},"supplier_id":null,"supplier_sku":"BathB-02","barcode":null,"atum_controlled":true,"out_stock_date":"2025-10-09 14:01:47","out_stock_threshold":null,"inheritable":false,"inbound_stock":null,"stock_on_hold":0,"sold_today":0,"sales_last_days":0,"reserved_stock":null,"customer_returns":null,"warehouse_damage":null,"lost_in_post":null,"other_logs":null,"out_stock_days":112,"lost_sales":0,"has_location":null,"update_date":"2026-01-30T01:25:16","atum_locations":[],"atum_stock_status":"outofstock","restock_status":false,"low_stock_amount":"","sales_update_date":"2026-01-30T01:25:16","calc_backorders":null,"_links":{"self":[{"href":"https:\/\/aromasentia.com\/da\/wp-json\/wp\/v2\/product\/200786","targetHints":{"allow":["GET"]}}],"collection":[{"href":"https:\/\/aromasentia.com\/da\/wp-json\/wp\/v2\/product"}],"about":[{"href":"https:\/\/aromasentia.com\/da\/wp-json\/wp\/v2\/types\/product"}],"replies":[{"embeddable":true,"href":"https:\/\/aromasentia.com\/da\/wp-json\/wp\/v2\/comments?post=200786"}],"version-history":[{"count":0,"href":"https:\/\/aromasentia.com\/da\/wp-json\/wp\/v2\/product\/200786\/revisions"}],"wp:featuredmedia":[{"embeddable":true,"href":"https:\/\/aromasentia.com\/da\/wp-json\/wp\/v2\/media\/278443"}],"wp:attachment":[{"href":"https:\/\/aromasentia.com\/da\/wp-json\/wp\/v2\/media?parent=200786"}],"wp:term":[{"taxonomy":"product_brand","embeddable":true,"href":"https:\/\/aromasentia.com\/da\/wp-json\/wp\/v2\/product_brand?post=200786"},{"taxonomy":"product_cat","embeddable":true,"href":"https:\/\/aromasentia.com\/da\/wp-json\/wp\/v2\/product_cat?post=200786"},{"taxonomy":"product_tag","embeddable":true,"href":"https:\/\/aromasentia.com\/da\/wp-json\/wp\/v2\/product_tag?post=200786"}],"curies":[{"name":"wp","href":"https:\/\/api.w.org\/{rel}","templated":true}]}}