{"id":200781,"date":"2025-03-20T16:29:32","date_gmt":"2025-03-20T16:29:32","guid":{"rendered":"https:\/\/aromasentia.com\/product\/lavender-seeds-bath-dust-200g\/"},"modified":"2025-06-22T03:31:37","modified_gmt":"2025-06-22T03:31:37","slug":"lavendel-froe-badestoev-200g","status":"publish","type":"product","link":"https:\/\/aromasentia.com\/da\/lavendel-froe-badestoev-200g\/","title":{"rendered":"Lavendel &#038; Fr\u00f8 Badest\u00f8v 200g"},"content":{"rendered":"<p>Slap af med Lavender &#038; Seeds Bath Dust. Denne beroligende 200 g-pose kombinerer den beroligende, klassiske aroma af \u00e6terisk lavendelolie med den blide tekstur af fr\u00f8, muligvis lavendelknopper eller andre botaniske stoffer til mild eksfoliering eller visuel appel. N\u00e5r den opl\u00f8ses, frigiver den en rolig duft, der fremmer afslapning og mindsker stress, samtidig med at den bl\u00f8dg\u00f8r badevandet. Perfekt til et aftenbad som forberedelse til en fredelig nattes\u00f8vn, hvor du f\u00f8ler dig rolig og fredfyldt.<\/p>\n","protected":false},"excerpt":{"rendered":"<p>Slap af med Lavender &#038; Seeds Bath Dust. Denne beroligende 200 g-pose kombinerer den beroligende, klassiske aroma af \u00e6terisk lavendelolie med den blide tekstur af fr\u00f8, muligvis lavendelknopper eller andre botaniske stoffer til mild eksfoliering eller visuel appel. N\u00e5r den opl\u00f8ses, frigiver den en rolig duft, der fremmer afslapning og mindsker stress, samtidig med at [&hellip;]<\/p>\n","protected":false},"featured_media":278302,"comment_status":"closed","ping_status":"open","template":"","meta":{"_angie_page":false},"product_brand":[],"product_cat":[6994,7131,26830,25839,25957],"product_tag":[],"class_list":{"0":"post-200781","1":"product","2":"type-product","3":"status-publish","4":"has-post-thumbnail","6":"product_cat-bad-og-bruser","7":"product_cat-badesalt","8":"product_cat-blomster","9":"product_cat-dufte-aromaer","10":"product_cat-lavendel","11":"pa_collection-bath-dust-190g-da","12":"pa_made-in-storbritannien","13":"pa_size-200g","15":"first","16":"instock","17":"purchasable","18":"product-type-simple"},"supplier_id":null,"supplier_sku":"BAS-06","barcode":null,"atum_controlled":true,"out_stock_date":null,"out_stock_threshold":null,"inheritable":false,"inbound_stock":null,"stock_on_hold":0,"sold_today":0,"sales_last_days":0,"reserved_stock":null,"customer_returns":null,"warehouse_damage":null,"lost_in_post":null,"other_logs":null,"out_stock_days":0,"lost_sales":0,"has_location":null,"update_date":"2026-05-08T05:04:57","atum_locations":[],"atum_stock_status":"instock","restock_status":false,"low_stock_amount":"","sales_update_date":"2026-01-20T05:14:13","calc_backorders":null,"_links":{"self":[{"href":"https:\/\/aromasentia.com\/da\/wp-json\/wp\/v2\/product\/200781","targetHints":{"allow":["GET"]}}],"collection":[{"href":"https:\/\/aromasentia.com\/da\/wp-json\/wp\/v2\/product"}],"about":[{"href":"https:\/\/aromasentia.com\/da\/wp-json\/wp\/v2\/types\/product"}],"replies":[{"embeddable":true,"href":"https:\/\/aromasentia.com\/da\/wp-json\/wp\/v2\/comments?post=200781"}],"version-history":[{"count":0,"href":"https:\/\/aromasentia.com\/da\/wp-json\/wp\/v2\/product\/200781\/revisions"}],"wp:featuredmedia":[{"embeddable":true,"href":"https:\/\/aromasentia.com\/da\/wp-json\/wp\/v2\/media\/278302"}],"wp:attachment":[{"href":"https:\/\/aromasentia.com\/da\/wp-json\/wp\/v2\/media?parent=200781"}],"wp:term":[{"taxonomy":"product_brand","embeddable":true,"href":"https:\/\/aromasentia.com\/da\/wp-json\/wp\/v2\/product_brand?post=200781"},{"taxonomy":"product_cat","embeddable":true,"href":"https:\/\/aromasentia.com\/da\/wp-json\/wp\/v2\/product_cat?post=200781"},{"taxonomy":"product_tag","embeddable":true,"href":"https:\/\/aromasentia.com\/da\/wp-json\/wp\/v2\/product_tag?post=200781"}],"curies":[{"name":"wp","href":"https:\/\/api.w.org\/{rel}","templated":true}]}}