{"id":200777,"date":"2025-03-20T16:30:10","date_gmt":"2025-03-20T16:30:10","guid":{"rendered":"https:\/\/aromasentia.com\/product\/bath-eggs-banana\/"},"modified":"2025-06-22T03:31:35","modified_gmt":"2025-06-22T03:31:35","slug":"aegformet-badebomber-banan-6stk-2","status":"publish","type":"product","link":"https:\/\/aromasentia.com\/da\/aegformet-badebomber-banan-6stk-2\/","title":{"rendered":"\u00c6gformet Badebomber &#8211; Banan 6Stk."},"content":{"rendered":"<p>Disse originale \u00e6ggeformede (og -st\u00f8rrelses) badebomber ser godt ud og dufter fantastisk.<\/p>\n<p>Med en v\u00e6gt p\u00e5 ca. 60 gram er de ideelle til b\u00f8rns bade. Perfekte til bryllupsgaver eller p\u00e5ske.<\/p>\n<p>Vi har et udvalg af seks dufte at v\u00e6lge imellem, hver i sin egen karakteristiske farve.<\/p>\n<p>S\u00e6lges enkeltvis. Hvis der bestilles 6, sendes de i en \u00e6gge\u00e6ske.<\/p>\n","protected":false},"excerpt":{"rendered":"<p>Disse originale \u00e6ggeformede (og -st\u00f8rrelses) badebomber ser godt ud og dufter fantastisk. Med en v\u00e6gt p\u00e5 ca. 60 gram er de ideelle til b\u00f8rns bade. Perfekte til bryllupsgaver eller p\u00e5ske. Vi har et udvalg af seks dufte at v\u00e6lge imellem, hver i sin egen karakteristiske farve. S\u00e6lges enkeltvis. Hvis der bestilles 6, sendes de i [&hellip;]<\/p>\n","protected":false},"featured_media":278966,"comment_status":"closed","ping_status":"open","template":"","meta":{"_angie_page":false},"product_brand":[],"product_cat":[6994,7029,26554,25839,26844],"product_tag":[],"class_list":{"0":"post-200777","1":"product","2":"type-product","3":"status-publish","4":"has-post-thumbnail","6":"product_cat-bad-og-bruser","7":"product_cat-badebomber","8":"product_cat-banan","9":"product_cat-dufte-aromaer","10":"product_cat-frugtagtig","11":"pa_collection-pack-of-6-bath-eggs-da","12":"pa_made-in-irland","14":"first","15":"instock","16":"purchasable","17":"product-type-simple"},"supplier_id":null,"supplier_sku":"Begg-01DS","barcode":null,"atum_controlled":true,"out_stock_date":null,"out_stock_threshold":null,"inheritable":false,"inbound_stock":null,"stock_on_hold":0,"sold_today":0,"sales_last_days":0,"reserved_stock":null,"customer_returns":null,"warehouse_damage":null,"lost_in_post":null,"other_logs":null,"out_stock_days":0,"lost_sales":0,"has_location":null,"update_date":"2026-04-27T06:54:47","atum_locations":[],"atum_stock_status":"instock","restock_status":false,"low_stock_amount":"","sales_update_date":"2025-10-09T03:26:20","calc_backorders":null,"_links":{"self":[{"href":"https:\/\/aromasentia.com\/da\/wp-json\/wp\/v2\/product\/200777","targetHints":{"allow":["GET"]}}],"collection":[{"href":"https:\/\/aromasentia.com\/da\/wp-json\/wp\/v2\/product"}],"about":[{"href":"https:\/\/aromasentia.com\/da\/wp-json\/wp\/v2\/types\/product"}],"replies":[{"embeddable":true,"href":"https:\/\/aromasentia.com\/da\/wp-json\/wp\/v2\/comments?post=200777"}],"version-history":[{"count":0,"href":"https:\/\/aromasentia.com\/da\/wp-json\/wp\/v2\/product\/200777\/revisions"}],"wp:featuredmedia":[{"embeddable":true,"href":"https:\/\/aromasentia.com\/da\/wp-json\/wp\/v2\/media\/278966"}],"wp:attachment":[{"href":"https:\/\/aromasentia.com\/da\/wp-json\/wp\/v2\/media?parent=200777"}],"wp:term":[{"taxonomy":"product_brand","embeddable":true,"href":"https:\/\/aromasentia.com\/da\/wp-json\/wp\/v2\/product_brand?post=200777"},{"taxonomy":"product_cat","embeddable":true,"href":"https:\/\/aromasentia.com\/da\/wp-json\/wp\/v2\/product_cat?post=200777"},{"taxonomy":"product_tag","embeddable":true,"href":"https:\/\/aromasentia.com\/da\/wp-json\/wp\/v2\/product_tag?post=200777"}],"curies":[{"name":"wp","href":"https:\/\/api.w.org\/{rel}","templated":true}]}}