{"id":200776,"date":"2025-03-20T16:30:10","date_gmt":"2025-03-20T16:30:10","guid":{"rendered":"https:\/\/aromasentia.com\/product\/bath-bomb-kit-alloy-satin\/"},"modified":"2025-06-22T03:31:34","modified_gmt":"2025-06-22T03:31:34","slug":"badebombeaet-alloy-satin","status":"publish","type":"product","link":"https:\/\/aromasentia.com\/da\/badebombeaet-alloy-satin\/","title":{"rendered":"Badebombe\u00e6t &#8211; Alloy &#038; Satin"},"content":{"rendered":"<p><span style=\"color: rgb(75, 80, 88);\">Slip din kreativitet l\u00f8s ved at blande farver i forskellige stilarter og forskellige salte og dufte for at skabe din ideelle sanseoplevelse. Se brugsanvisningen for inspiration og skab den perfekte stemning, du \u00f8nsker.<\/span><\/p>\n<p><span style=\"color: rgb(75, 80, 88);\">Disse unikke badebomber kan bruges til din egen afslapning eller som vidunderlige gaver til en s\u00e6rlig person. L\u00f8ft din baderutine med badebombes\u00e6ttet og fork\u00e6l dig selv med en sensationel og foryngende badeoplevelse som aldrig f\u00f8r!<\/span><\/p>\n<p><span style=\"color: rgb(75, 80, 88);\">G\u00f8r-det-selv-s\u00e6ttet indeholder: Rosenblade, sjove sukkerformer, 500 g Himalayasalt, 200 g citronsyre, 2 forskellige badebombeforme, 2 fantastiske dufte,<\/span><\/p>\n<p><span style=\"color: rgb(75, 80, 88);\">3 prim\u00e6re farvestoffer og trinvise instruktioner.<\/span><\/p>\n<p><span style=\"color: rgb(75, 80, 88);\"><strong>Instruktioner:<\/strong><\/span><\/p>\n<p><span style=\"color: rgb(75, 80, 88);\">Trin 1: T\u00f8m natriumbicarbonatet og den \u00f8nskede m\u00e6ngde Himalayasalt, kronblade og sukkerformer i en tom sk\u00e5l.<\/span><\/p>\n<p><span style=\"color: rgb(75, 80, 88);\">Trin 2: H\u00e6ld 10 ml vand i og bland sammen, indtil blandingen begynder at klistre. Hvis den f\u00f8les t\u00f8r, tils\u00e6t et par dr\u00e5ber vand mere.<\/span><\/p>\n<p><span style=\"color: rgb(75, 80, 88);\">Trin 3: Hvis du \u00f8nsker at lave flere variationer af badebomber, skal du dele blandingen ligeligt. Tils\u00e6t farvestoffet og duftolien til din blanding(er), og bland grundigt, f\u00f8r du tils\u00e6tter citronsyren.<\/span><\/p>\n<p><span style=\"color: rgb(75, 80, 88);\">Trin 4: Fordel blandingen i begge sider af formen, og klem godt sammen.<\/span><\/p>\n<p><span style=\"color: rgb(75, 80, 88);\">Trin 5: Klem forsigtigt siderne af formen for at frig\u00f8re badebomben, og lad den t\u00f8rre i 60 minutter.<\/span><\/p>\n<p><span style=\"color: rgb(75, 80, 88);\"><br \/><\/span><\/p>\n<p><span style=\"color: rgb(75, 80, 88);\"><strong>Overrask en s\u00e6rlig person med disse vidunderlige kreationer. F\u00e5 dit g\u00f8r-det-selv-badebombes\u00e6t i dag!<\/strong><\/span><\/p>\n","protected":false},"excerpt":{"rendered":"<p>Slip din kreativitet l\u00f8s ved at blande farver i forskellige stilarter og forskellige salte og dufte for at skabe din ideelle sanseoplevelse. Se brugsanvisningen for inspiration og skab den perfekte stemning, du \u00f8nsker. Disse unikke badebomber kan bruges til din egen afslapning eller som vidunderlige gaver til en s\u00e6rlig person. L\u00f8ft din baderutine med badebombes\u00e6ttet [&hellip;]<\/p>\n","protected":false},"featured_media":278909,"comment_status":"closed","ping_status":"open","template":"","meta":{"_angie_page":false},"product_brand":[],"product_cat":[6994,7029,7162],"product_tag":[],"class_list":{"0":"post-200776","1":"product","2":"type-product","3":"status-publish","4":"has-post-thumbnail","6":"product_cat-bad-og-bruser","7":"product_cat-badebomber","8":"product_cat-gavesaet","9":"pa_collection-bath-bomb-kit-diy-da","10":"pa_made-in-storbritannien","12":"first","13":"outofstock","14":"purchasable","15":"product-type-simple"},"supplier_id":null,"supplier_sku":"BBKIT-02","barcode":null,"atum_controlled":true,"out_stock_date":"2026-04-25 15:13:31","out_stock_threshold":null,"inheritable":false,"inbound_stock":null,"stock_on_hold":0,"sold_today":0,"sales_last_days":0,"reserved_stock":null,"customer_returns":null,"warehouse_damage":null,"lost_in_post":null,"other_logs":null,"out_stock_days":0,"lost_sales":0,"has_location":null,"update_date":"2026-04-27T06:54:25","atum_locations":[],"atum_stock_status":"outofstock","restock_status":false,"low_stock_amount":"","sales_update_date":"2026-01-20T05:14:11","calc_backorders":null,"_links":{"self":[{"href":"https:\/\/aromasentia.com\/da\/wp-json\/wp\/v2\/product\/200776","targetHints":{"allow":["GET"]}}],"collection":[{"href":"https:\/\/aromasentia.com\/da\/wp-json\/wp\/v2\/product"}],"about":[{"href":"https:\/\/aromasentia.com\/da\/wp-json\/wp\/v2\/types\/product"}],"replies":[{"embeddable":true,"href":"https:\/\/aromasentia.com\/da\/wp-json\/wp\/v2\/comments?post=200776"}],"version-history":[{"count":0,"href":"https:\/\/aromasentia.com\/da\/wp-json\/wp\/v2\/product\/200776\/revisions"}],"wp:featuredmedia":[{"embeddable":true,"href":"https:\/\/aromasentia.com\/da\/wp-json\/wp\/v2\/media\/278909"}],"wp:attachment":[{"href":"https:\/\/aromasentia.com\/da\/wp-json\/wp\/v2\/media?parent=200776"}],"wp:term":[{"taxonomy":"product_brand","embeddable":true,"href":"https:\/\/aromasentia.com\/da\/wp-json\/wp\/v2\/product_brand?post=200776"},{"taxonomy":"product_cat","embeddable":true,"href":"https:\/\/aromasentia.com\/da\/wp-json\/wp\/v2\/product_cat?post=200776"},{"taxonomy":"product_tag","embeddable":true,"href":"https:\/\/aromasentia.com\/da\/wp-json\/wp\/v2\/product_tag?post=200776"}],"curies":[{"name":"wp","href":"https:\/\/api.w.org\/{rel}","templated":true}]}}