{"id":200769,"date":"2025-03-20T16:30:10","date_gmt":"2025-03-20T16:30:10","guid":{"rendered":"https:\/\/aromasentia.com\/product\/scented-shea-body-butter-90g-sweet-strawberry\/"},"modified":"2025-06-22T03:31:31","modified_gmt":"2025-06-22T03:31:31","slug":"duftende-shea-body-butter-90g-sweet-strawberry","status":"publish","type":"product","link":"https:\/\/aromasentia.com\/da\/duftende-shea-body-butter-90g-sweet-strawberry\/","title":{"rendered":"Duftende Shea Body Butter 90g &#8211; Sweet Strawberry"},"content":{"rendered":"<p>Fork\u00e6l din hud og dine sanser med vores Scented Shea Body Butter &#8211; Sweet Strawberry. Denne l\u00e6kre body butter p\u00e5 90 g er fyldt med fugtgivende shea, der plejer og bl\u00f8dg\u00f8r din hud i dybden. Den absorberes smukt, lindrer t\u00f8rhed og efterlader din hud fl\u00f8jlsbl\u00f8d og hydreret. Den dejlige, saftige duft af friske, s\u00f8de jordb\u00e6r l\u00f8fter hum\u00f8ret og efterlader en vedvarende frugtagtig duft. En perfekt daglig fork\u00e6lelse for en bl\u00f8d og velduftende hud, der virkelig f\u00f8ler sig fork\u00e6let.<\/p>\n","protected":false},"excerpt":{"rendered":"<p>Fork\u00e6l din hud og dine sanser med vores Scented Shea Body Butter &#8211; Sweet Strawberry. Denne l\u00e6kre body butter p\u00e5 90 g er fyldt med fugtgivende shea, der plejer og bl\u00f8dg\u00f8r din hud i dybden. Den absorberes smukt, lindrer t\u00f8rhed og efterlader din hud fl\u00f8jlsbl\u00f8d og hydreret. Den dejlige, saftige duft af friske, s\u00f8de jordb\u00e6r [&hellip;]<\/p>\n","protected":false},"featured_media":278678,"comment_status":"closed","ping_status":"open","template":"","meta":{"_angie_page":false},"product_brand":[],"product_cat":[6994,25839,26844,26519,7139],"product_tag":[],"class_list":{"0":"post-200769","1":"product","2":"type-product","3":"status-publish","4":"has-post-thumbnail","6":"product_cat-bad-og-bruser","7":"product_cat-dufte-aromaer","8":"product_cat-frugtagtig","9":"product_cat-jordbaer","10":"product_cat-kropspleje","11":"pa_collection-scented-shea-body-butter-90g-da","12":"pa_made-in-storbritannien","13":"pa_size-90g","15":"first","16":"instock","17":"purchasable","18":"product-type-simple"},"supplier_id":null,"supplier_sku":"BBFO-05","barcode":null,"atum_controlled":true,"out_stock_date":null,"out_stock_threshold":null,"inheritable":false,"inbound_stock":null,"stock_on_hold":0,"sold_today":0,"sales_last_days":0,"reserved_stock":null,"customer_returns":null,"warehouse_damage":null,"lost_in_post":null,"other_logs":null,"out_stock_days":0,"lost_sales":0,"has_location":null,"update_date":"2026-05-04T00:02:50","atum_locations":[],"atum_stock_status":"instock","restock_status":false,"low_stock_amount":"","sales_update_date":"2025-10-09T03:25:59","calc_backorders":null,"_links":{"self":[{"href":"https:\/\/aromasentia.com\/da\/wp-json\/wp\/v2\/product\/200769","targetHints":{"allow":["GET"]}}],"collection":[{"href":"https:\/\/aromasentia.com\/da\/wp-json\/wp\/v2\/product"}],"about":[{"href":"https:\/\/aromasentia.com\/da\/wp-json\/wp\/v2\/types\/product"}],"replies":[{"embeddable":true,"href":"https:\/\/aromasentia.com\/da\/wp-json\/wp\/v2\/comments?post=200769"}],"version-history":[{"count":0,"href":"https:\/\/aromasentia.com\/da\/wp-json\/wp\/v2\/product\/200769\/revisions"}],"wp:featuredmedia":[{"embeddable":true,"href":"https:\/\/aromasentia.com\/da\/wp-json\/wp\/v2\/media\/278678"}],"wp:attachment":[{"href":"https:\/\/aromasentia.com\/da\/wp-json\/wp\/v2\/media?parent=200769"}],"wp:term":[{"taxonomy":"product_brand","embeddable":true,"href":"https:\/\/aromasentia.com\/da\/wp-json\/wp\/v2\/product_brand?post=200769"},{"taxonomy":"product_cat","embeddable":true,"href":"https:\/\/aromasentia.com\/da\/wp-json\/wp\/v2\/product_cat?post=200769"},{"taxonomy":"product_tag","embeddable":true,"href":"https:\/\/aromasentia.com\/da\/wp-json\/wp\/v2\/product_tag?post=200769"}],"curies":[{"name":"wp","href":"https:\/\/api.w.org\/{rel}","templated":true}]}}