{"id":200754,"date":"2025-03-20T16:31:41","date_gmt":"2025-03-20T16:31:41","guid":{"rendered":"https:\/\/aromasentia.com\/product\/chakra-bath-salt-gift-pack-of-7\/"},"modified":"2025-06-22T03:31:23","modified_gmt":"2025-06-22T03:31:23","slug":"chakra-badesalt-gavepakke-med-7-stk","status":"publish","type":"product","link":"https:\/\/aromasentia.com\/da\/chakra-badesalt-gavepakke-med-7-stk\/","title":{"rendered":"Chakra Badesalt &#8211; Gavepakke med 7 Stk."},"content":{"rendered":"<p><span style=\"color: rgb(75, 80, 88);\">L\u00e5s op for potentialet i selvopdagelse med vores uds\u00f8gte kollektion af aromaterapi <strong>Chakra badesaltflasker<\/strong>, omhyggeligt fremstillet til at balancere og harmonisere kroppens energicentre.<\/span><\/p>\n<p><span style=\"color: rgb(75, 80, 88);\">Denne unikke kollektion indeholder <strong>syv forskellige badesalte<\/strong>, der hver is\u00e6r er specielt formuleret til et specifikt chakra, ved hj\u00e6lp af f\u00f8rsteklasses \u00e6teriske olier.<\/span><\/p>\n<ul>\n<li style=\"text-align: left;\"><span style=\"color: rgb(75, 80, 88);\"><strong>Kronechakra badesalt:<\/strong>Genopliv dit kronechakra med den forfriskende blanding af \u00e6terisk pebermynteolie. &nbsp;<\/span><\/li>\n<li style=\"text-align: left;\"><span style=\"color: rgb(75, 80, 88);\"><strong>Tredje \u00f8je chakra badesalt:&nbsp;<\/strong>Opn\u00e5 ro og indre fred med den beroligende duft af lavendel \u00e6terisk olie.<\/span><\/li>\n<li style=\"text-align: left;\"><span style=\"color: rgb(75, 80, 88);\"><strong>Hals chakra badesalt:<\/strong> Forbedr klar kommunikation med den forfriskende blanding af eukalyptus- og citron \u00e6teriske olier.&nbsp;<\/span><\/li>\n<li style=\"text-align: left;\"><span style=\"color: rgb(75, 80, 88);\"><strong>Hjerte chakra badesalt:<\/strong> Frem k\u00e6rlighed og medf\u00f8lelse med den harmoniske kombination af kamille- og grapefrugt \u00e6teriske olier.&nbsp;<\/span><\/li>\n<li style=\"text-align: left;\"><span style=\"color: rgb(75, 80, 88);\"><strong>Solar Plexus Chakra Badesalt:<\/strong> Opn\u00e5 indre harmoni og lindre stress med den kraftfulde essens af Ylang Ylang \u00e6terisk olie.<\/span><\/li>\n<li style=\"text-align: left;\"><span style=\"color: rgb(75, 80, 88);\"><strong>Sacral Chakra Badesalt:<\/strong>V\u00e6k din kreative \u00e5nd med den livlige blanding af \u00e6teriske olier af s\u00f8d appelsin og kanel.<\/span><\/li>\n<li style=\"text-align: left;\"><span style=\"color: rgb(75, 80, 88);\"><strong>Rodchakra Badesalt:<\/strong>F\u00e5 styrke og stabilitet med den jordn\u00e6re blanding af \u00e6teriske olier af bergamot og gr\u00f8n mynte. &nbsp;<\/span><\/li>\n<\/ul>\n<p><em><span style=\"color: rgb(75, 80, 88);\">Ingredienser:&nbsp;<\/span><\/em><\/p>\n<p><span style=\"color: rgb(75, 80, 88);\"><em>KRONECHAKRA:&nbsp;Maris Salt, Mentha Piperita Oil, CI 18050, Butyrospermum Parkii Butter, Aqua, CI 45430, CI 42090, Limonene<\/em><\/span><\/p>\n<p><span style=\"color: rgb(75, 80, 88);\"><em>TREDJE \u00d8JECHAKRA:&nbsp;SMaris Salt, Lavandula Angustifolia Oil, Butyrospermum Parkii Butter, Aqua, CI 42090, Linalool, Limonene<\/em><\/span><\/p>\n<p><span style=\"color: rgb(75, 80, 88);\"><em>HALSCHAKRA: Maris Sal, Citrus Citronskalolie, Eucalyptus Globulus Bladolie, Butyrospermum Parkii Sm\u00f8r, Aqua, CI 42090, Limonene, Citral<\/em><\/span><\/p>\n<p><span style=\"color: rgb(75, 80, 88);\"><em>HJERTECHAKRA: Maris Sal, CI 19140, Citrus Paradisi Skalolie, Anthemis Nobilis Blomsterolie, Butyrospermum Parkii Sm\u00f8r, Aqua, CI 42090, Limonene<\/em><\/span><\/p>\n<p><span style=\"color: rgb(75, 80, 88);\"><em>SOLAR PLEXUS CHAKRA: Maris Sal, Cananga Odorata Blomsterolie, Butyrospermum Parkii Sm\u00f8r, Aqua, CI 19140, Benzylsalicylat, Farnesol<\/em><\/span><\/p>\n<p><span style=\"color: rgb(75, 80, 88);\"><em>SAKRALCHAKRA: Maris Sal, Citrus Sinensis-skr\u00e6lolie, Citrus Limon-skr\u00e6lolie, Butyrospermum Parkii-sm\u00f8r, vand, CI 19140, CI 15985, limonen, linalool, eugenol, citral<\/em><\/span><\/p>\n<p><em><span style=\"color: rgb(75, 80, 88);\">RODCHAKRA: Maris Sal, CI 18050, Citrus Bergamia-frugtolie, CI 19140, Mentha Spicata-urteolie, Butyrospermum Parkii-sm\u00f8r, vand, CI 45430, limonen, linalool<\/span><\/em><\/p>\n","protected":false},"excerpt":{"rendered":"<p>L\u00e5s op for potentialet i selvopdagelse med vores uds\u00f8gte kollektion af aromaterapi Chakra badesaltflasker, omhyggeligt fremstillet til at balancere og harmonisere kroppens energicentre. Denne unikke kollektion indeholder syv forskellige badesalte, der hver is\u00e6r er specielt formuleret til et specifikt chakra, ved hj\u00e6lp af f\u00f8rsteklasses \u00e6teriske olier. Kronechakra badesalt:Genopliv dit kronechakra med den forfriskende blanding af [&hellip;]<\/p>\n","protected":false},"featured_media":279563,"comment_status":"closed","ping_status":"open","template":"","meta":{"_angie_page":false},"product_brand":[],"product_cat":[6994,7131,7162],"product_tag":[],"class_list":{"0":"post-200754","1":"product","2":"type-product","3":"status-publish","4":"has-post-thumbnail","6":"product_cat-bad-og-bruser","7":"product_cat-badesalt","8":"product_cat-gavesaet","9":"pa_collection-bath-salts-in-vials-gift-pack-of-7-da","10":"pa_made-in-storbritannien","12":"first","13":"instock","14":"purchasable","15":"product-type-simple"},"supplier_id":null,"supplier_sku":"BSV-02","barcode":null,"atum_controlled":true,"out_stock_date":null,"out_stock_threshold":null,"inheritable":false,"inbound_stock":null,"stock_on_hold":0,"sold_today":0,"sales_last_days":0,"reserved_stock":null,"customer_returns":null,"warehouse_damage":null,"lost_in_post":null,"other_logs":null,"out_stock_days":0,"lost_sales":0,"has_location":null,"update_date":"2026-04-27T06:55:48","atum_locations":[],"atum_stock_status":"instock","restock_status":false,"low_stock_amount":"","sales_update_date":"2025-10-09T03:27:00","calc_backorders":null,"_links":{"self":[{"href":"https:\/\/aromasentia.com\/da\/wp-json\/wp\/v2\/product\/200754","targetHints":{"allow":["GET"]}}],"collection":[{"href":"https:\/\/aromasentia.com\/da\/wp-json\/wp\/v2\/product"}],"about":[{"href":"https:\/\/aromasentia.com\/da\/wp-json\/wp\/v2\/types\/product"}],"replies":[{"embeddable":true,"href":"https:\/\/aromasentia.com\/da\/wp-json\/wp\/v2\/comments?post=200754"}],"version-history":[{"count":0,"href":"https:\/\/aromasentia.com\/da\/wp-json\/wp\/v2\/product\/200754\/revisions"}],"wp:featuredmedia":[{"embeddable":true,"href":"https:\/\/aromasentia.com\/da\/wp-json\/wp\/v2\/media\/279563"}],"wp:attachment":[{"href":"https:\/\/aromasentia.com\/da\/wp-json\/wp\/v2\/media?parent=200754"}],"wp:term":[{"taxonomy":"product_brand","embeddable":true,"href":"https:\/\/aromasentia.com\/da\/wp-json\/wp\/v2\/product_brand?post=200754"},{"taxonomy":"product_cat","embeddable":true,"href":"https:\/\/aromasentia.com\/da\/wp-json\/wp\/v2\/product_cat?post=200754"},{"taxonomy":"product_tag","embeddable":true,"href":"https:\/\/aromasentia.com\/da\/wp-json\/wp\/v2\/product_tag?post=200754"}],"curies":[{"name":"wp","href":"https:\/\/api.w.org\/{rel}","templated":true}]}}