{"id":200728,"date":"2025-03-20T16:33:42","date_gmt":"2025-03-20T16:33:42","guid":{"rendered":"https:\/\/aromasentia.com\/product\/chill-pills-gift-pack-350g-strawberry\/"},"modified":"2025-06-22T03:31:11","modified_gmt":"2025-06-22T03:31:11","slug":"chill-pills-badebomber-gavepakke-350g-jordbaer","status":"publish","type":"product","link":"https:\/\/aromasentia.com\/da\/chill-pills-badebomber-gavepakke-350g-jordbaer\/","title":{"rendered":"Chill Pills Badebomber Gavepakke 350g &#8211; Jordb\u00e6r"},"content":{"rendered":"<p><strong><span style=\"color: rgb(75, 80, 88);\">Chill Pills Gavepakke 350g &#8211; Jordb\u00e6r<\/span><\/strong><\/p>\n<p><span style=\"color: rgb(75, 80, 88);\"><strong>Jordb\u00e6r Chill Pills frig\u00f8r den dejlige, solmodne duft af jordb\u00e6r og tilbyder en s\u00f8d, nostalgisk duft, der minder om dovne sommerdage og saftige jordb\u00e6rplukningseventyr.<\/span><\/p>\n<p><span style=\"color: rgb(75, 80, 88);\"><strong>Hver pakke indeholder 350g (ca. 30 Chill Pills)<\/strong><\/span><\/p>\n<p><span style=\"color: rgb(75, 80, 88);\">For en fork\u00e6lende badeoplevelse anbefales det at bruge 5 Chill Pills pr. bad. Dette sikrer, at hver pakke giver cirka 6 bade, hvilket giver stor v\u00e6rdi og nydelse.<\/span><\/p>\n<p><span style=\"color: rgb(75, 80, 88);\">En chill-pille vejer cirka 12 g<\/span><\/p>\n<p><span style=\"color: rgb(75, 80, 88);\"><strong>Fremstillet<\/strong>med stolthed og k\u00e6rlighed<strong>i Storbritannien af AW Aromatics.<\/strong><\/span><\/p>\n<p><span style=\"color: rgb(75, 80, 88);\"><em>H\u00e5ndlavet &#8211; Vegansk &#8211; Ikke testet p\u00e5 dyr &#8211; Plastikfri emballage<\/em><\/span><\/p>\n","protected":false},"excerpt":{"rendered":"<p>Chill Pills Gavepakke 350g &#8211; Jordb\u00e6r Jordb\u00e6r Chill Pills frig\u00f8r den dejlige, solmodne duft af jordb\u00e6r og tilbyder en s\u00f8d, nostalgisk duft, der minder om dovne sommerdage og saftige jordb\u00e6rplukningseventyr. Hver pakke indeholder 350g (ca. 30 Chill Pills) For en fork\u00e6lende badeoplevelse anbefales det at bruge 5 Chill Pills pr. bad. Dette sikrer, at hver [&hellip;]<\/p>\n","protected":false},"featured_media":279969,"comment_status":"closed","ping_status":"open","template":"","meta":{"_angie_page":false},"product_brand":[],"product_cat":[6994,7029,25839,26844,7162,26519],"product_tag":[],"class_list":{"0":"post-200728","1":"product","2":"type-product","3":"status-publish","4":"has-post-thumbnail","6":"product_cat-bad-og-bruser","7":"product_cat-badebomber","8":"product_cat-dufte-aromaer","9":"product_cat-frugtagtig","10":"product_cat-gavesaet","11":"product_cat-jordbaer","12":"pa_collection-chill-pills-gift-packs-350g-da","13":"pa_made-in-storbritannien","14":"pa_size-350g","16":"first","17":"instock","18":"purchasable","19":"product-type-simple"},"supplier_id":null,"supplier_sku":"ChillP-14","barcode":null,"atum_controlled":true,"out_stock_date":null,"out_stock_threshold":null,"inheritable":false,"inbound_stock":null,"stock_on_hold":0,"sold_today":0,"sales_last_days":0,"reserved_stock":null,"customer_returns":null,"warehouse_damage":null,"lost_in_post":null,"other_logs":null,"out_stock_days":0,"lost_sales":0,"has_location":null,"update_date":"2026-05-08T05:06:09","atum_locations":[],"atum_stock_status":"instock","restock_status":false,"low_stock_amount":"","sales_update_date":"2026-01-20T05:13:47","calc_backorders":null,"_links":{"self":[{"href":"https:\/\/aromasentia.com\/da\/wp-json\/wp\/v2\/product\/200728","targetHints":{"allow":["GET"]}}],"collection":[{"href":"https:\/\/aromasentia.com\/da\/wp-json\/wp\/v2\/product"}],"about":[{"href":"https:\/\/aromasentia.com\/da\/wp-json\/wp\/v2\/types\/product"}],"replies":[{"embeddable":true,"href":"https:\/\/aromasentia.com\/da\/wp-json\/wp\/v2\/comments?post=200728"}],"version-history":[{"count":0,"href":"https:\/\/aromasentia.com\/da\/wp-json\/wp\/v2\/product\/200728\/revisions"}],"wp:featuredmedia":[{"embeddable":true,"href":"https:\/\/aromasentia.com\/da\/wp-json\/wp\/v2\/media\/279969"}],"wp:attachment":[{"href":"https:\/\/aromasentia.com\/da\/wp-json\/wp\/v2\/media?parent=200728"}],"wp:term":[{"taxonomy":"product_brand","embeddable":true,"href":"https:\/\/aromasentia.com\/da\/wp-json\/wp\/v2\/product_brand?post=200728"},{"taxonomy":"product_cat","embeddable":true,"href":"https:\/\/aromasentia.com\/da\/wp-json\/wp\/v2\/product_cat?post=200728"},{"taxonomy":"product_tag","embeddable":true,"href":"https:\/\/aromasentia.com\/da\/wp-json\/wp\/v2\/product_tag?post=200728"}],"curies":[{"name":"wp","href":"https:\/\/api.w.org\/{rel}","templated":true}]}}