{"id":200727,"date":"2025-03-20T16:33:42","date_gmt":"2025-03-20T16:33:42","guid":{"rendered":"https:\/\/aromasentia.com\/product\/chakra-bath-fizz-large-box-chakra-harmony-inner-glow\/"},"modified":"2025-06-22T03:31:10","modified_gmt":"2025-06-22T03:31:10","slug":"chakra-bath-fizz-stor-aeske-chakra-harmony-inner-glow","status":"publish","type":"product","link":"https:\/\/aromasentia.com\/da\/chakra-bath-fizz-stor-aeske-chakra-harmony-inner-glow\/","title":{"rendered":"Chakra Bath Fizz &#8211; Stor \u00c6ske &#8211; Chakra Harmony &#038; Inner Glow"},"content":{"rendered":"<p><span style=\"color: rgb(75, 80, 88);\"><strong>Hver Chakra Fizz<\/strong><strong>r<\/strong> er omhyggeligt fremstillet med et kurateret udvalg af \u00e6teriske olier for at genbalancere og synkronisere hvert af kroppens vitale energicentre. Uanset om du er p\u00e5 en rejse mod holistisk velv\u00e6re eller s\u00f8ger en unik gave til dine k\u00e6re, tilbyder disse Fizzers en fordybende oplevelse.<\/span><\/p>\n<p><span style=\"color: rgb(75, 80, 88);\">Pakket i en gave\u00e6ske udsmykket med et mandalam\u00f8nster og en beroligende gradient af chakrafarver, afspejler emballagen produktets holistiske essens.<\/span><\/p>\n<p><span style=\"color: rgb(147, 101, 184);\"><strong>Crown Chakra Fizzer (PURPLE)<\/strong> tilsat en fusion af \u00e6terisk pebermynteolie: Denne eksklusive blanding er specielt formuleret til at stimulere kronechakraet, fremme mental klarhed og indre harmoni. Ved at udnytte pebermynteolies styrke forbedrer den kognitiv funktion, \u00f8ger \u00e5rv\u00e5genhed og forbedrer fokus \u2013 essentielle elementer i jagten p\u00e5 selvrealisering. Denne revitaliserende blanding er rettet mod almindelige problemer forbundet med kronechakra-blokeringer, s\u00e5som hovedpine og mangel p\u00e5 fokus, og sigter mod at genoprette balance og klarhed p\u00e5 din spirituelle rejse.<\/span><\/p>\n<p><span style=\"color: rgb(41, 105, 176);\"><strong>Third Eye Chakra Fizzer (M\u00d8RK BL\u00c5)<\/strong> tilsat en blanding af lavendel \u00e6terisk olie: Fordyb dig i en fredfyldt og rolig atmosf\u00e6re med denne dejlige brus, der opmuntrer til dyb indre fred. N\u00e5r sindet slapper af, bliver det modtageligt for h\u00f8jere niveauer af opfattelse og intuition, hvilket beriger din spirituelle bevidsthed. Lavendels beroligende egenskaber kan ogs\u00e5 hj\u00e6lpe med at lindre almindelige symptomer p\u00e5 blokeringer i det tredje \u00f8je chakra, s\u00e5som s\u00f8vnforstyrrelser og ubeslutsomhed.<\/span><\/p>\n<p><span style=\"color: rgb(84, 172, 210);\"><strong>&nbsp;Halschakra Fizzer (BL\u00c5)&nbsp;<\/strong>med en blanding af \u00e6teriske olier fra eukalyptus og citron: Denne dynamiske kombination fremmer \u00e6rlig udtryk og \u00e5benhed i verbale interaktioner. Forfriskende og styrkende styrker den halschakraet og muligg\u00f8r autentisk kommunikation med selvsikkerhed og ynde.&nbsp;<\/span><\/p>\n<p><span style=\"color: rgb(97, 189, 109);\"><strong>Hjertechakra Fizzer (GR\u00d8N)&nbsp;<\/strong>beriget med \u00e6teriske olier fra kamille og grapefrugt: Plej og balancer centrum for k\u00e6rlighed, medf\u00f8lelse og f\u00f8lelsesm\u00e6ssigt velv\u00e6re med denne harmoniske blanding. Dyrk selvk\u00e6rlighed, empati og sundere forbindelser med andre, og skab et medf\u00f8lende hjerterum.<\/span><\/p>\n<p><span style=\"color: rgb(250, 197, 28);\"><strong>Solar Plexus Chakra Fizzer (GUL)<\/strong>tilsat Ylang Ylang \u00e6terisk olie: Fremme indre harmoni og reducer f\u00f8lelser af stress og angst med denne opl\u00f8ftende duft. Ved at berolige nervesystemet lindrer den sp\u00e6ndinger og letter den frie str\u00f8m af energi i Plexus Chakra, hvilket forbedrer personlig kraft og f\u00f8lelsesm\u00e6ssig stabilitet.<\/span><\/p>\n<p><span style=\"color: rgb(243, 121, 52);\"><strong>Sacral Chakra Fizzer (ORANGE)<\/strong> indeholdende \u00e6teriske olier af s\u00f8d appelsin og kanel: Stimuler f\u00f8lelser af positivitet og frig\u00f8r dit kreative potentiale med denne forfriskende blanding. Inspirer til nye ideer og kunstneriske bestr\u00e6belser, n\u00e5r du begiver dig ud p\u00e5 en rejse med selvopdagelse og opfyldelse.<\/span><\/p>\n<p><span style=\"color: rgb(209, 72, 65);\"><strong>Root Chakra Fizzer (R\u00d8D)<\/strong> med \u00e6teriske olier af bergamot og gr\u00f8n mynte: Forankre dybt i jordens energi og fremme stabilitet og sikkerhed med denne synergistiske blanding. Styrk dit rodchakra og m\u00f8de livets udfordringer med modstandsdygtighed og beslutsomhed. &nbsp;<\/span><\/p>\n<p><span style=\"color: rgb(75, 80, 88);\">Hver fizzer vejer 0,70 gram og m\u00e5ler cirka D:2,2 cm H:2 cm.<\/span><\/p>\n<p><span style=\"color: rgb(75, 80, 88);\">Gave\u00e6sken vejer 0,520 gram.<\/span><\/p>\n<p>&nbsp;<\/p>\n","protected":false},"excerpt":{"rendered":"<p>Hver Chakra Fizzr er omhyggeligt fremstillet med et kurateret udvalg af \u00e6teriske olier for at genbalancere og synkronisere hvert af kroppens vitale energicentre. Uanset om du er p\u00e5 en rejse mod holistisk velv\u00e6re eller s\u00f8ger en unik gave til dine k\u00e6re, tilbyder disse Fizzers en fordybende oplevelse. Pakket i en gave\u00e6ske udsmykket med et mandalam\u00f8nster [&hellip;]<\/p>\n","protected":false},"featured_media":279944,"comment_status":"closed","ping_status":"open","template":"","meta":{"_angie_page":false},"product_brand":[],"product_cat":[6994,7029,7162],"product_tag":[],"class_list":{"0":"post-200727","1":"product","2":"type-product","3":"status-publish","4":"has-post-thumbnail","6":"product_cat-bad-og-bruser","7":"product_cat-badebomber","8":"product_cat-gavesaet","9":"pa_collection-chakra-bath-fizzers-sets-da","10":"pa_made-in-storbritannien","12":"first","13":"instock","14":"purchasable","15":"product-type-simple"},"supplier_id":null,"supplier_sku":"CBF-01","barcode":null,"atum_controlled":true,"out_stock_date":null,"out_stock_threshold":null,"inheritable":false,"inbound_stock":null,"stock_on_hold":0,"sold_today":0,"sales_last_days":0,"reserved_stock":null,"customer_returns":null,"warehouse_damage":null,"lost_in_post":null,"other_logs":null,"out_stock_days":0,"lost_sales":0,"has_location":null,"update_date":"2026-04-27T06:55:59","atum_locations":[],"atum_stock_status":"instock","restock_status":false,"low_stock_amount":"","sales_update_date":"2025-10-09T03:27:13","calc_backorders":null,"_links":{"self":[{"href":"https:\/\/aromasentia.com\/da\/wp-json\/wp\/v2\/product\/200727","targetHints":{"allow":["GET"]}}],"collection":[{"href":"https:\/\/aromasentia.com\/da\/wp-json\/wp\/v2\/product"}],"about":[{"href":"https:\/\/aromasentia.com\/da\/wp-json\/wp\/v2\/types\/product"}],"replies":[{"embeddable":true,"href":"https:\/\/aromasentia.com\/da\/wp-json\/wp\/v2\/comments?post=200727"}],"version-history":[{"count":0,"href":"https:\/\/aromasentia.com\/da\/wp-json\/wp\/v2\/product\/200727\/revisions"}],"wp:featuredmedia":[{"embeddable":true,"href":"https:\/\/aromasentia.com\/da\/wp-json\/wp\/v2\/media\/279944"}],"wp:attachment":[{"href":"https:\/\/aromasentia.com\/da\/wp-json\/wp\/v2\/media?parent=200727"}],"wp:term":[{"taxonomy":"product_brand","embeddable":true,"href":"https:\/\/aromasentia.com\/da\/wp-json\/wp\/v2\/product_brand?post=200727"},{"taxonomy":"product_cat","embeddable":true,"href":"https:\/\/aromasentia.com\/da\/wp-json\/wp\/v2\/product_cat?post=200727"},{"taxonomy":"product_tag","embeddable":true,"href":"https:\/\/aromasentia.com\/da\/wp-json\/wp\/v2\/product_tag?post=200727"}],"curies":[{"name":"wp","href":"https:\/\/api.w.org\/{rel}","templated":true}]}}