{"id":200726,"date":"2025-03-20T16:33:42","date_gmt":"2025-03-20T16:33:42","guid":{"rendered":"https:\/\/aromasentia.com\/product\/chakra-bath-fizz-small-box-self-realisation\/"},"modified":"2025-06-22T03:31:10","modified_gmt":"2025-06-22T03:31:10","slug":"chakra-bath-fizz-lille-aeske-selvrealisering","status":"publish","type":"product","link":"https:\/\/aromasentia.com\/da\/chakra-bath-fizz-lille-aeske-selvrealisering\/","title":{"rendered":"Chakra Bath Fizz &#8211; Lille \u00c6ske &#8211; Selvrealisering"},"content":{"rendered":"<p><span style=\"color: rgb(75, 80, 88);\">Hver Chakra Fizzer er fremstillet med et udvalg af omhyggeligt udvalgte \u00e6teriske olier og er designet til at genbalancere og harmonisere kroppens vitale energicentre. Uanset om du omfavner holistisk selvpleje eller leder efter unikke gaver til dine k\u00e6re, er disse Fizzers et glimrende valg.<\/span><\/p>\n<p><span style=\"color: rgb(75, 80, 88);\">Indpakket i en gave\u00e6ske prydet med et mandalam\u00f8nster, afspejler emballagen produktets holistiske essens.<\/span><\/p>\n<p><span style=\"color: rgb(85, 57, 130);\"><strong>Krone Chakra Fizzer (LILLA<\/strong>) tilsat en fusion af \u00e6terisk pebermynteolie: Denne unikke blanding er omhyggeligt fremstillet til at styrke kronechakraet og fremme mental klarhed og harmoni. Med pebermynteolies styrke forbedrer den kognitiv funktion, \u00f8ger \u00e5rv\u00e5genhed og sk\u00e6rper fokus \u2013 essentielle elementer i selvrealiseringens rejse. Denne revitaliserende blanding adresserer almindelige problemer forbundet med kronechakra-blokeringer, s\u00e5som hovedpine og mangel p\u00e5 fokus, og sigter mod at genoprette balance og klarhed i din spirituelle verden.<\/span><\/p>\n<p><span style=\"color: rgb(41, 105, 176);\"><strong>Third Eye Chakra Fizzer (M\u00d8RK BL\u00c5)<\/strong> tilsat en blanding af lavendel \u00e6terisk olie: Fordyb dig i en fredfyldt og rolig atmosf\u00e6re med denne dejlige brus, der fremmer en dyb f\u00f8lelse af indre fred. N\u00e5r sindet slapper af, bliver det modtageligt for h\u00f8jere niveauer af opfattelse og intuition, hvilket beriger din spirituelle bevidsthed. Lavendels beroligende egenskaber kan ogs\u00e5 hj\u00e6lpe med at lindre almindelige symptomer p\u00e5 blokeringer i det tredje \u00f8je chakra, s\u00e5som s\u00f8vnforstyrrelser og ubeslutsomhed.<\/span><\/p>\n<p><span style=\"color: rgb(84, 172, 210);\"><strong>Halschakra-brus (BL\u00c5)<\/strong>med en blanding af \u00e6teriske olier fra eukalyptus og citron: Denne dynamiske kombination opmuntrer til \u00e6rlig udtryk og \u00e5benhed i verbale interaktioner. Den er forfriskende og styrkende og styrker halschakraet og muligg\u00f8r autentisk kommunikation med \u00e6gthed, selvsikkerhed og ynde.<\/span><\/p>\n<p><span style=\"color: rgb(75, 80, 88);\">Hver brus vejer 0,70 gram og m\u00e5ler cirka D:2,2 cm H:2 cm.<\/span><\/p>\n<p><span style=\"color: rgb(75, 80, 88);\">Gave\u00e6sken vejer 0,520 gram.<\/span><\/p>\n","protected":false},"excerpt":{"rendered":"<p>Hver Chakra Fizzer er fremstillet med et udvalg af omhyggeligt udvalgte \u00e6teriske olier og er designet til at genbalancere og harmonisere kroppens vitale energicentre. Uanset om du omfavner holistisk selvpleje eller leder efter unikke gaver til dine k\u00e6re, er disse Fizzers et glimrende valg. Indpakket i en gave\u00e6ske prydet med et mandalam\u00f8nster, afspejler emballagen produktets [&hellip;]<\/p>\n","protected":false},"featured_media":279927,"comment_status":"closed","ping_status":"open","template":"","meta":{"_angie_page":false},"product_brand":[],"product_cat":[6994,7029,7162],"product_tag":[],"class_list":{"0":"post-200726","1":"product","2":"type-product","3":"status-publish","4":"has-post-thumbnail","6":"product_cat-bad-og-bruser","7":"product_cat-badebomber","8":"product_cat-gavesaet","9":"pa_collection-chakra-bath-fizzers-sets-da","10":"pa_made-in-storbritannien","12":"first","13":"instock","14":"purchasable","15":"product-type-simple"},"supplier_id":null,"supplier_sku":"CBF-02","barcode":null,"atum_controlled":true,"out_stock_date":null,"out_stock_threshold":null,"inheritable":false,"inbound_stock":null,"stock_on_hold":0,"sold_today":0,"sales_last_days":0,"reserved_stock":null,"customer_returns":null,"warehouse_damage":null,"lost_in_post":null,"other_logs":null,"out_stock_days":0,"lost_sales":0,"has_location":null,"update_date":"2026-04-27T06:55:59","atum_locations":[],"atum_stock_status":"instock","restock_status":false,"low_stock_amount":"","sales_update_date":"2026-01-30T01:24:37","calc_backorders":null,"_links":{"self":[{"href":"https:\/\/aromasentia.com\/da\/wp-json\/wp\/v2\/product\/200726","targetHints":{"allow":["GET"]}}],"collection":[{"href":"https:\/\/aromasentia.com\/da\/wp-json\/wp\/v2\/product"}],"about":[{"href":"https:\/\/aromasentia.com\/da\/wp-json\/wp\/v2\/types\/product"}],"replies":[{"embeddable":true,"href":"https:\/\/aromasentia.com\/da\/wp-json\/wp\/v2\/comments?post=200726"}],"version-history":[{"count":0,"href":"https:\/\/aromasentia.com\/da\/wp-json\/wp\/v2\/product\/200726\/revisions"}],"wp:featuredmedia":[{"embeddable":true,"href":"https:\/\/aromasentia.com\/da\/wp-json\/wp\/v2\/media\/279927"}],"wp:attachment":[{"href":"https:\/\/aromasentia.com\/da\/wp-json\/wp\/v2\/media?parent=200726"}],"wp:term":[{"taxonomy":"product_brand","embeddable":true,"href":"https:\/\/aromasentia.com\/da\/wp-json\/wp\/v2\/product_brand?post=200726"},{"taxonomy":"product_cat","embeddable":true,"href":"https:\/\/aromasentia.com\/da\/wp-json\/wp\/v2\/product_cat?post=200726"},{"taxonomy":"product_tag","embeddable":true,"href":"https:\/\/aromasentia.com\/da\/wp-json\/wp\/v2\/product_tag?post=200726"}],"curies":[{"name":"wp","href":"https:\/\/api.w.org\/{rel}","templated":true}]}}