{"id":200725,"date":"2025-03-20T16:33:42","date_gmt":"2025-03-20T16:33:42","guid":{"rendered":"https:\/\/aromasentia.com\/product\/chakra-bath-fizz-small-box-strength-creativity\/"},"modified":"2025-06-22T03:31:10","modified_gmt":"2025-06-22T03:31:10","slug":"chakra-bath-fizz-lille-aeske-styrke-kreativitet","status":"publish","type":"product","link":"https:\/\/aromasentia.com\/da\/chakra-bath-fizz-lille-aeske-styrke-kreativitet\/","title":{"rendered":"Chakra Bath Fizz &#8211; Lille \u00c6ske &#8211; Styrke &#038; Kreativitet"},"content":{"rendered":"<p><span style=\"color: rgb(75, 80, 88);\">Chakra Fizzers, fremstillet med en blanding af \u00e6teriske olier, der revitaliserer og justerer din krops vitale energicentre. Perfekt gave til den mindfule s\u00f8gende.<\/span><\/p>\n<p><span style=\"color: rgb(250, 197, 28);\"><strong>Solar Plexus Chakra Fizzer (GUL)<\/strong> med Yang Yang \u00e6terisk olie, som har den bem\u00e6rkelsesv\u00e6rdige evne til at fremme indre harmoni og reducere f\u00f8lelser af stress og angst. Ved at berolige nervesystemet kan den hj\u00e6lpe med at lindre sp\u00e6ndinger og tillade Plexus Chakras energi at flyde frit. Ved at bruge denne fizzer i et bad kan du forbedre dit Plexus Chakras velbefindende. Omfavn en f\u00f8lelse af personlig styrke og f\u00f8lelsesm\u00e6ssig stabilitet, mens du finder en dybere forbindelse med dit indre jeg og navigerer med selvtillid gennem livets udfordringer.<\/span><\/p>\n<p><span style=\"color: rgb(251, 160, 38);\"><strong>Sacral Chakra Fizzer (ORANGE)<\/strong> indeholder en dynamisk duo af \u00e6teriske olier af s\u00f8d appelsin og kanel. Denne unikke bruseduft udsender en lys og opl\u00f8ftende duft, der stimulerer f\u00f8lelser af positivitet. Den hj\u00e6lper med at frig\u00f8re dit kreative potentiale og inspirerer dig til at udforske nye ideer og kunstneriske bestr\u00e6belser med entusiasme. Ved at tils\u00e6tte denne bruseduft i dit bad kan du f\u00e5 adgang til din indre inspirationskilde og begive dig ud p\u00e5 en rejse med selvopdagelse og kunstnerisk opfyldelse. Lad din kreative \u00e5nd v\u00e6kke og give dit liv en ny f\u00f8lelse af passion.<\/span><\/p>\n<p><span style=\"color: rgb(184, 49, 47);\"><strong>Root Chakra Fizzer (R\u00d8D)<\/strong> med \u00e6teriske olier af bergamot og gr\u00f8n mynte. Det fremmer en f\u00f8lelse af stabilitet og tryghed, der giver rodchakraet mulighed for at forankre sig dybt i jordens energi. Sammen underst\u00f8tter denne synergistiske blanding rodchakraets vitalitet og giver et stabilt og sikkert fundament, hvorfra du kan m\u00f8de livets udfordringer med modstandsdygtighed og beslutsomhed. Ved at tilf\u00f8je denne brus i dit bad kan du styrke dit rodchakra og opleve en nyfundet f\u00f8lelse af indre kraft og styrke.<\/span><\/p>\n<p><span style=\"color: rgb(75, 80, 88);\">Hver brus vejer 0,70 gram<\/span><\/p>\n<p><span style=\"color: rgb(75, 80, 88);\">Hver brus er cirka D:2,2 cm H:2 cm<\/span><\/p>\n<p><span style=\"color: rgb(75, 80, 88);\">Gave\u00e6sken vejer 0,280 gram<\/span><\/p>\n<p><span style=\"color: rgb(75, 80, 88);\">S\u00e6lges i en gave\u00e6ske med et mandalam\u00f8nster, der afspejler produktets holistiske essens.<\/span><\/p>\n","protected":false},"excerpt":{"rendered":"<p>Chakra Fizzers, fremstillet med en blanding af \u00e6teriske olier, der revitaliserer og justerer din krops vitale energicentre. Perfekt gave til den mindfule s\u00f8gende. Solar Plexus Chakra Fizzer (GUL) med Yang Yang \u00e6terisk olie, som har den bem\u00e6rkelsesv\u00e6rdige evne til at fremme indre harmoni og reducere f\u00f8lelser af stress og angst. Ved at berolige nervesystemet kan [&hellip;]<\/p>\n","protected":false},"featured_media":279910,"comment_status":"closed","ping_status":"open","template":"","meta":{"_angie_page":false},"product_brand":[],"product_cat":[6994,7029,7162],"product_tag":[],"class_list":{"0":"post-200725","1":"product","2":"type-product","3":"status-publish","4":"has-post-thumbnail","6":"product_cat-bad-og-bruser","7":"product_cat-badebomber","8":"product_cat-gavesaet","9":"pa_collection-chakra-bath-fizzers-sets-da","10":"pa_made-in-storbritannien","12":"first","13":"instock","14":"purchasable","15":"product-type-simple"},"supplier_id":null,"supplier_sku":"CBF-03","barcode":null,"atum_controlled":true,"out_stock_date":null,"out_stock_threshold":null,"inheritable":false,"inbound_stock":null,"stock_on_hold":0,"sold_today":0,"sales_last_days":0,"reserved_stock":null,"customer_returns":null,"warehouse_damage":null,"lost_in_post":null,"other_logs":null,"out_stock_days":0,"lost_sales":0,"has_location":null,"update_date":"2026-04-27T06:56:03","atum_locations":[],"atum_stock_status":"instock","restock_status":false,"low_stock_amount":"","sales_update_date":"2025-10-09T03:27:13","calc_backorders":null,"_links":{"self":[{"href":"https:\/\/aromasentia.com\/da\/wp-json\/wp\/v2\/product\/200725","targetHints":{"allow":["GET"]}}],"collection":[{"href":"https:\/\/aromasentia.com\/da\/wp-json\/wp\/v2\/product"}],"about":[{"href":"https:\/\/aromasentia.com\/da\/wp-json\/wp\/v2\/types\/product"}],"replies":[{"embeddable":true,"href":"https:\/\/aromasentia.com\/da\/wp-json\/wp\/v2\/comments?post=200725"}],"version-history":[{"count":0,"href":"https:\/\/aromasentia.com\/da\/wp-json\/wp\/v2\/product\/200725\/revisions"}],"wp:featuredmedia":[{"embeddable":true,"href":"https:\/\/aromasentia.com\/da\/wp-json\/wp\/v2\/media\/279910"}],"wp:attachment":[{"href":"https:\/\/aromasentia.com\/da\/wp-json\/wp\/v2\/media?parent=200725"}],"wp:term":[{"taxonomy":"product_brand","embeddable":true,"href":"https:\/\/aromasentia.com\/da\/wp-json\/wp\/v2\/product_brand?post=200725"},{"taxonomy":"product_cat","embeddable":true,"href":"https:\/\/aromasentia.com\/da\/wp-json\/wp\/v2\/product_cat?post=200725"},{"taxonomy":"product_tag","embeddable":true,"href":"https:\/\/aromasentia.com\/da\/wp-json\/wp\/v2\/product_tag?post=200725"}],"curies":[{"name":"wp","href":"https:\/\/api.w.org\/{rel}","templated":true}]}}