{"id":200724,"date":"2025-03-20T16:33:42","date_gmt":"2025-03-20T16:33:42","guid":{"rendered":"https:\/\/aromasentia.com\/product\/chakra-bath-fizz-small-box-love-truth\/"},"modified":"2025-06-22T03:31:09","modified_gmt":"2025-06-22T03:31:09","slug":"chakra-bath-fizz-lille-aeske-love-truth","status":"publish","type":"product","link":"https:\/\/aromasentia.com\/da\/chakra-bath-fizz-lille-aeske-love-truth\/","title":{"rendered":"Chakra Bath Fizz &#8211; Lille \u00c6ske &#8211; Love &#038; Truth"},"content":{"rendered":"<p><span style=\"color: rgb(75, 80, 88);\">Chakra Badebomber. Designet til at hj\u00e6lpe dine kunder med at l\u00e5se op for deres chakraer, er disse badebomber fyldt med intentioner om Sandhed, K\u00e6rlighed og Personlig Kraft.<\/span><\/p>\n<p><span style=\"color: rgb(84, 172, 210);\"><strong>Hals Chakra Brus (BL\u00c5)<\/strong> med en blanding af \u00e6teriske olier af eukalyptus og citron: Eukalyptusolie er kendt for at fremme \u00e6rlig udtryk og fremme \u00e5benhed i verbale interaktioner. Samtidig fremmer citronolie mental klarhed og \u00f8ger selvtilliden i selvudfoldelse. At fork\u00e6le dig selv med halschakra-brus under et bad skaber en forfriskende og styrkende oplevelse, der fremmer halschakraets blomstring og muligg\u00f8r autentisk kommunikation med ynde og selvsikkerhed.<\/span><\/p>\n<p><span style=\"color: rgb(97, 189, 109);\"><strong>Hjertechakra-brus (GR\u00d8N)<\/strong> tilsat \u00e6teriske olier af kamille og grapefrugt: Denne dejlige blanding n\u00e6rer og balancerer centret for k\u00e6rlighed, medf\u00f8lelse og f\u00f8lelsesm\u00e6ssigt velv\u00e6re. Badning med denne brus skaber et harmonisk milj\u00f8, hvor hjertechakraet kan trives. Kombinationen af \u00e6teriske olier fra kamille og grapefrugt fremmer selvk\u00e6rlighed, empati og sundere forbindelser med andre, hvilket fremmer et afbalanceret og medf\u00f8lende hjerterum.<\/span><\/p>\n<p><span style=\"color: rgb(247, 218, 100);\"><strong>Solar Plexus Chakra Fizzer (GUL)<\/strong> beriget med \u00e6terisk ylang ylang olie: Kendt for sin evne til at fremme indre harmoni og lindre f\u00f8lelser af stress og angst, beroliger ylang ylang olie nervesystemet. Ved at lette sp\u00e6ndinger fremmer den den frie str\u00f8m af energi i Solar Plexus Chakra. Omfavn en f\u00f8lelse af personlig styrke og f\u00f8lelsesm\u00e6ssig stabilitet, mens du uddyber din forbindelse med dit indre jeg og navigerer livets udfordringer med selvtillid.<\/span><\/p>\n<p><span style=\"color: rgb(75, 80, 88);\">Hver brusekabine vejer 0,70 gram.<\/span><\/p>\n<p><span style=\"color: rgb(75, 80, 88);\">Hver brusekabine m\u00e5ler cirka D:2,2 cm H:2 cm.<\/span><\/p>\n<p><span style=\"color: rgb(75, 80, 88);\">Gave\u00e6sken vejer 0,280 gram.<\/span><\/p>\n","protected":false},"excerpt":{"rendered":"<p>Chakra Badebomber. Designet til at hj\u00e6lpe dine kunder med at l\u00e5se op for deres chakraer, er disse badebomber fyldt med intentioner om Sandhed, K\u00e6rlighed og Personlig Kraft. Hals Chakra Brus (BL\u00c5) med en blanding af \u00e6teriske olier af eukalyptus og citron: Eukalyptusolie er kendt for at fremme \u00e6rlig udtryk og fremme \u00e5benhed i verbale interaktioner. [&hellip;]<\/p>\n","protected":false},"featured_media":279893,"comment_status":"closed","ping_status":"open","template":"","meta":{"_angie_page":false},"product_brand":[],"product_cat":[6994,7029,7162],"product_tag":[],"class_list":{"0":"post-200724","1":"product","2":"type-product","3":"status-publish","4":"has-post-thumbnail","6":"product_cat-bad-og-bruser","7":"product_cat-badebomber","8":"product_cat-gavesaet","9":"pa_collection-chakra-bath-fizzers-sets-da","10":"pa_made-in-storbritannien","12":"first","13":"instock","14":"purchasable","15":"product-type-simple"},"supplier_id":null,"supplier_sku":"CBF-04","barcode":null,"atum_controlled":true,"out_stock_date":null,"out_stock_threshold":null,"inheritable":false,"inbound_stock":null,"stock_on_hold":0,"sold_today":0,"sales_last_days":0,"reserved_stock":null,"customer_returns":null,"warehouse_damage":null,"lost_in_post":null,"other_logs":null,"out_stock_days":0,"lost_sales":0,"has_location":null,"update_date":"2026-04-27T06:56:03","atum_locations":[],"atum_stock_status":"instock","restock_status":false,"low_stock_amount":"","sales_update_date":"2026-01-30T01:25:01","calc_backorders":null,"_links":{"self":[{"href":"https:\/\/aromasentia.com\/da\/wp-json\/wp\/v2\/product\/200724","targetHints":{"allow":["GET"]}}],"collection":[{"href":"https:\/\/aromasentia.com\/da\/wp-json\/wp\/v2\/product"}],"about":[{"href":"https:\/\/aromasentia.com\/da\/wp-json\/wp\/v2\/types\/product"}],"replies":[{"embeddable":true,"href":"https:\/\/aromasentia.com\/da\/wp-json\/wp\/v2\/comments?post=200724"}],"version-history":[{"count":0,"href":"https:\/\/aromasentia.com\/da\/wp-json\/wp\/v2\/product\/200724\/revisions"}],"wp:featuredmedia":[{"embeddable":true,"href":"https:\/\/aromasentia.com\/da\/wp-json\/wp\/v2\/media\/279893"}],"wp:attachment":[{"href":"https:\/\/aromasentia.com\/da\/wp-json\/wp\/v2\/media?parent=200724"}],"wp:term":[{"taxonomy":"product_brand","embeddable":true,"href":"https:\/\/aromasentia.com\/da\/wp-json\/wp\/v2\/product_brand?post=200724"},{"taxonomy":"product_cat","embeddable":true,"href":"https:\/\/aromasentia.com\/da\/wp-json\/wp\/v2\/product_cat?post=200724"},{"taxonomy":"product_tag","embeddable":true,"href":"https:\/\/aromasentia.com\/da\/wp-json\/wp\/v2\/product_tag?post=200724"}],"curies":[{"name":"wp","href":"https:\/\/api.w.org\/{rel}","templated":true}]}}