{"id":200719,"date":"2025-03-20T16:35:30","date_gmt":"2025-03-20T16:35:30","guid":{"rendered":"https:\/\/aromasentia.com\/product\/bag-of-20-chill-pills-blueberry\/"},"modified":"2025-06-22T03:31:05","modified_gmt":"2025-06-22T03:31:05","slug":"chill-pills-badebomber-blaabaer-20stk","status":"publish","type":"product","link":"https:\/\/aromasentia.com\/da\/chill-pills-badebomber-blaabaer-20stk\/","title":{"rendered":"Chill Pills Badebomber &#8211; Bl\u00e5b\u00e6r 20Stk."},"content":{"rendered":"<p><span style=\"color: rgb(75, 80, 88);\">Vi pr\u00e6senterer en ny tilf\u00f8jelse til familien &#8211; Chill Pills badebomber i en pose. <strong>Hver pose indeholder 20 chill pills<\/strong>, der giver dig masser af afslapning lige ved h\u00e5nden.<\/span><\/p>\n<p><strong>Dyk ned i et bad fyldt med den uimodst\u00e5elige aroma af saftige bl\u00e5b\u00e6r.<\/strong>Denne duft indfanger essensen af et overd\u00e5digt bl\u00e5b\u00e6rbed og skaber en forfriskende og forfriskende badeoplevelse.<\/p>\n<p><span style=\"color: rgb(75, 80, 88);\">Forestil dig at have dit brand eller et personligt pr\u00e6g p\u00e5 disse dejlige badebomber, der forvandler dem til <strong>unikke gaver, festgaver eller endda et signaturprodukt til din virksomhed<\/strong>. Det er en mulighed for at udtrykke dig selv og skille dig ud fra m\u00e6ngden.<\/span><\/p>\n","protected":false},"excerpt":{"rendered":"<p>Vi pr\u00e6senterer en ny tilf\u00f8jelse til familien &#8211; Chill Pills badebomber i en pose. Hver pose indeholder 20 chill pills, der giver dig masser af afslapning lige ved h\u00e5nden. Dyk ned i et bad fyldt med den uimodst\u00e5elige aroma af saftige bl\u00e5b\u00e6r.Denne duft indfanger essensen af et overd\u00e5digt bl\u00e5b\u00e6rbed og skaber en forfriskende og forfriskende [&hellip;]<\/p>\n","protected":false},"featured_media":280555,"comment_status":"closed","ping_status":"open","template":"","meta":{"_angie_page":false},"product_brand":[],"product_cat":[6994],"product_tag":[],"class_list":{"0":"post-200719","1":"product","2":"type-product","3":"status-publish","4":"has-post-thumbnail","6":"product_cat-bad-og-bruser","7":"pa_made-in-storbritannien","9":"first","10":"outofstock","11":"purchasable","12":"product-type-simple"},"supplier_id":null,"supplier_sku":"CPBUL-13","barcode":null,"atum_controlled":true,"out_stock_date":"2025-09-04 22:24:13","out_stock_threshold":null,"inheritable":false,"inbound_stock":null,"stock_on_hold":0,"sold_today":0,"sales_last_days":0,"reserved_stock":null,"customer_returns":null,"warehouse_damage":null,"lost_in_post":null,"other_logs":null,"out_stock_days":34,"lost_sales":0,"has_location":null,"update_date":"2026-04-28T18:50:49","atum_locations":[],"atum_stock_status":"outofstock","restock_status":false,"low_stock_amount":"","sales_update_date":"2025-10-09T03:28:29","calc_backorders":null,"_links":{"self":[{"href":"https:\/\/aromasentia.com\/da\/wp-json\/wp\/v2\/product\/200719","targetHints":{"allow":["GET"]}}],"collection":[{"href":"https:\/\/aromasentia.com\/da\/wp-json\/wp\/v2\/product"}],"about":[{"href":"https:\/\/aromasentia.com\/da\/wp-json\/wp\/v2\/types\/product"}],"replies":[{"embeddable":true,"href":"https:\/\/aromasentia.com\/da\/wp-json\/wp\/v2\/comments?post=200719"}],"version-history":[{"count":0,"href":"https:\/\/aromasentia.com\/da\/wp-json\/wp\/v2\/product\/200719\/revisions"}],"wp:featuredmedia":[{"embeddable":true,"href":"https:\/\/aromasentia.com\/da\/wp-json\/wp\/v2\/media\/280555"}],"wp:attachment":[{"href":"https:\/\/aromasentia.com\/da\/wp-json\/wp\/v2\/media?parent=200719"}],"wp:term":[{"taxonomy":"product_brand","embeddable":true,"href":"https:\/\/aromasentia.com\/da\/wp-json\/wp\/v2\/product_brand?post=200719"},{"taxonomy":"product_cat","embeddable":true,"href":"https:\/\/aromasentia.com\/da\/wp-json\/wp\/v2\/product_cat?post=200719"},{"taxonomy":"product_tag","embeddable":true,"href":"https:\/\/aromasentia.com\/da\/wp-json\/wp\/v2\/product_tag?post=200719"}],"curies":[{"name":"wp","href":"https:\/\/api.w.org\/{rel}","templated":true}]}}