{"id":200718,"date":"2025-03-20T16:35:30","date_gmt":"2025-03-20T16:35:30","guid":{"rendered":"https:\/\/aromasentia.com\/product\/bag-of-20-chill-pills-strawberry\/"},"modified":"2025-06-22T03:31:05","modified_gmt":"2025-06-22T03:31:05","slug":"chill-pills-badebomber-jordbaer-20stk","status":"publish","type":"product","link":"https:\/\/aromasentia.com\/da\/chill-pills-badebomber-jordbaer-20stk\/","title":{"rendered":"Chill Pills Badebomber &#8211; Jordb\u00e6r 20Stk."},"content":{"rendered":"<p><span style=\"color: rgb(75, 80, 88);\">Vi pr\u00e6senterer en ny tilf\u00f8jelse til familien &#8211; Chill Pills badebomber i en pose. <strong>Hver pose indeholder 20 chill pills<\/strong>, der giver dig masser af afslapning lige ved h\u00e5nden.<\/span><\/p>\n<p><span style=\"color: rgb(75, 80, 88);\"><strong>Fordyb dig i den l\u00e6kre essens af modne jordb\u00e6r med denne dejlige duft. <\/strong>Det er en s\u00f8d og frugtagtig oplevelse, der fremkalder f\u00f8lelsen af at fork\u00e6le dig selv med friskplukkede jordb\u00e6r p\u00e5 en varm sommerdag.<\/span> <\/p>\n<p><span style=\"color: rgb(75, 80, 88);\">Forestil dig at have dit brand eller et personligt pr\u00e6g p\u00e5 disse dejlige badebomber, der forvandler dem til <strong>unikke gaver, festgaver eller endda et signaturprodukt til din virksomhed<\/strong>. Det er en mulighed for at udtrykke dig selv og skille dig ud fra m\u00e6ngden.<\/span><\/p>\n","protected":false},"excerpt":{"rendered":"<p>Vi pr\u00e6senterer en ny tilf\u00f8jelse til familien &#8211; Chill Pills badebomber i en pose. Hver pose indeholder 20 chill pills, der giver dig masser af afslapning lige ved h\u00e5nden. Fordyb dig i den l\u00e6kre essens af modne jordb\u00e6r med denne dejlige duft. Det er en s\u00f8d og frugtagtig oplevelse, der fremkalder f\u00f8lelsen af at fork\u00e6le [&hellip;]<\/p>\n","protected":false},"featured_media":280506,"comment_status":"closed","ping_status":"open","template":"","meta":{"_angie_page":false},"product_brand":[],"product_cat":[6994,25839,26844,26519],"product_tag":[],"class_list":{"0":"post-200718","1":"product","2":"type-product","3":"status-publish","4":"has-post-thumbnail","6":"product_cat-bad-og-bruser","7":"product_cat-dufte-aromaer","8":"product_cat-frugtagtig","9":"product_cat-jordbaer","10":"pa_made-in-storbritannien","12":"first","13":"outofstock","14":"purchasable","15":"product-type-simple"},"supplier_id":null,"supplier_sku":"CPBUL-14","barcode":null,"atum_controlled":true,"out_stock_date":"2026-04-25 15:13:48","out_stock_threshold":null,"inheritable":false,"inbound_stock":null,"stock_on_hold":0,"sold_today":0,"sales_last_days":0,"reserved_stock":null,"customer_returns":null,"warehouse_damage":null,"lost_in_post":null,"other_logs":null,"out_stock_days":0,"lost_sales":0,"has_location":null,"update_date":"2026-04-27T06:58:25","atum_locations":[],"atum_stock_status":"outofstock","restock_status":false,"low_stock_amount":"","sales_update_date":"2025-10-09T03:28:29","calc_backorders":null,"_links":{"self":[{"href":"https:\/\/aromasentia.com\/da\/wp-json\/wp\/v2\/product\/200718","targetHints":{"allow":["GET"]}}],"collection":[{"href":"https:\/\/aromasentia.com\/da\/wp-json\/wp\/v2\/product"}],"about":[{"href":"https:\/\/aromasentia.com\/da\/wp-json\/wp\/v2\/types\/product"}],"replies":[{"embeddable":true,"href":"https:\/\/aromasentia.com\/da\/wp-json\/wp\/v2\/comments?post=200718"}],"version-history":[{"count":0,"href":"https:\/\/aromasentia.com\/da\/wp-json\/wp\/v2\/product\/200718\/revisions"}],"wp:featuredmedia":[{"embeddable":true,"href":"https:\/\/aromasentia.com\/da\/wp-json\/wp\/v2\/media\/280506"}],"wp:attachment":[{"href":"https:\/\/aromasentia.com\/da\/wp-json\/wp\/v2\/media?parent=200718"}],"wp:term":[{"taxonomy":"product_brand","embeddable":true,"href":"https:\/\/aromasentia.com\/da\/wp-json\/wp\/v2\/product_brand?post=200718"},{"taxonomy":"product_cat","embeddable":true,"href":"https:\/\/aromasentia.com\/da\/wp-json\/wp\/v2\/product_cat?post=200718"},{"taxonomy":"product_tag","embeddable":true,"href":"https:\/\/aromasentia.com\/da\/wp-json\/wp\/v2\/product_tag?post=200718"}],"curies":[{"name":"wp","href":"https:\/\/api.w.org\/{rel}","templated":true}]}}