{"id":200715,"date":"2025-03-20T16:35:30","date_gmt":"2025-03-20T16:35:30","guid":{"rendered":"https:\/\/aromasentia.com\/product\/charcoal-soap-85g-tea-tree\/"},"modified":"2025-06-22T03:31:04","modified_gmt":"2025-06-22T03:31:04","slug":"traekulsaebe-85g-tea-tree","status":"publish","type":"product","link":"https:\/\/aromasentia.com\/da\/traekulsaebe-85g-tea-tree\/","title":{"rendered":"Tr\u00e6kuls\u00e6be 85g &#8211; Tea Tree"},"content":{"rendered":"<p><span style=\"color: rgb(75, 80, 88);\"><strong>Kuls\u00e6be &#8211; Tea Tree med tilsat ren \u00e6terisk olie, arganolie, hampfr\u00f8olie og sheasm\u00f8r er virkelig fantastisk.<\/span><\/p>\n<p><span style=\"color: rgb(75, 80, 88);\">Den renser huden i dybden, fjerner alle urenheder fra porerne, samtidig med at den holder den fugtet og bl\u00f8d. Aktivt kul genopretter hudens naturlige balance og giver fugt til t\u00f8r hud.<\/span><\/p>\n<p><span style=\"color: rgb(75, 80, 88);\">Den kan ikke kun bruges til kroppen, men den er ogs\u00e5 god som ansigtsrens. Kuls\u00e6be siges at afgifte og rense huden.<\/span><\/p>\n<p><span style=\"color: rgb(75, 80, 88);\">Denne s\u00e6be vil udglatte dine kunders hud og berolige deres sind. Derudover er den fri for parabener, SLS og palmeolie.<\/span><\/p>\n<p><span style=\"color: rgb(75, 80, 88);\"><em>* Vegansk * Ikke testet p\u00e5 dyr * H\u00e5ndlavet * Lavet i Storbritannien *<\/em><\/span><\/p>\n<p><span style=\"color: rgb(75, 80, 88);\"><strong>K\u00f8b disse trendy s\u00e6ber, lad dem ikke glide gennem fingrene med dig.<\/strong><\/span><\/p>\n","protected":false},"excerpt":{"rendered":"<p>Kuls\u00e6be &#8211; Tea Tree med tilsat ren \u00e6terisk olie, arganolie, hampfr\u00f8olie og sheasm\u00f8r er virkelig fantastisk. Den renser huden i dybden, fjerner alle urenheder fra porerne, samtidig med at den holder den fugtet og bl\u00f8d. Aktivt kul genopretter hudens naturlige balance og giver fugt til t\u00f8r hud. Den kan ikke kun bruges til kroppen, men [&hellip;]<\/p>\n","protected":false},"featured_media":280455,"comment_status":"closed","ping_status":"open","template":"","meta":[],"product_brand":[27074],"product_cat":[6994,25839,26865,7012,25994],"product_tag":[],"class_list":{"0":"post-200715","1":"product","2":"type-product","3":"status-publish","4":"has-post-thumbnail","6":"product_brand-aw-cosmetics","7":"product_cat-bad-og-bruser","8":"product_cat-dufte-aromaer","9":"product_cat-medicinsk-kamferagtig","10":"product_cat-okologiske-saeber-saebebar","11":"product_cat-tea-tree-tetrae","12":"pa_collection-charcoal-soap-bar-85g-da","13":"pa_made-in-storbritannien","15":"first","16":"outofstock","17":"purchasable","18":"product-type-simple"},"supplier_id":null,"supplier_sku":"CHSB-04","barcode":null,"atum_controlled":true,"out_stock_date":"2025-12-02 15:19:52","out_stock_threshold":null,"inheritable":false,"inbound_stock":null,"stock_on_hold":0,"sold_today":0,"sales_last_days":0,"reserved_stock":null,"customer_returns":null,"warehouse_damage":null,"lost_in_post":null,"other_logs":null,"out_stock_days":65,"lost_sales":0,"has_location":null,"update_date":"2026-02-06T00:01:04","atum_locations":[],"atum_stock_status":"outofstock","restock_status":false,"low_stock_amount":"","sales_update_date":"2026-02-06T00:01:04","calc_backorders":null,"_links":{"self":[{"href":"https:\/\/aromasentia.com\/da\/wp-json\/wp\/v2\/product\/200715","targetHints":{"allow":["GET"]}}],"collection":[{"href":"https:\/\/aromasentia.com\/da\/wp-json\/wp\/v2\/product"}],"about":[{"href":"https:\/\/aromasentia.com\/da\/wp-json\/wp\/v2\/types\/product"}],"replies":[{"embeddable":true,"href":"https:\/\/aromasentia.com\/da\/wp-json\/wp\/v2\/comments?post=200715"}],"version-history":[{"count":0,"href":"https:\/\/aromasentia.com\/da\/wp-json\/wp\/v2\/product\/200715\/revisions"}],"wp:featuredmedia":[{"embeddable":true,"href":"https:\/\/aromasentia.com\/da\/wp-json\/wp\/v2\/media\/280455"}],"wp:attachment":[{"href":"https:\/\/aromasentia.com\/da\/wp-json\/wp\/v2\/media?parent=200715"}],"wp:term":[{"taxonomy":"product_brand","embeddable":true,"href":"https:\/\/aromasentia.com\/da\/wp-json\/wp\/v2\/product_brand?post=200715"},{"taxonomy":"product_cat","embeddable":true,"href":"https:\/\/aromasentia.com\/da\/wp-json\/wp\/v2\/product_cat?post=200715"},{"taxonomy":"product_tag","embeddable":true,"href":"https:\/\/aromasentia.com\/da\/wp-json\/wp\/v2\/product_tag?post=200715"}],"curies":[{"name":"wp","href":"https:\/\/api.w.org\/{rel}","templated":true}]}}