{"id":200704,"date":"2025-03-20T16:35:30","date_gmt":"2025-03-20T16:35:30","guid":{"rendered":"https:\/\/aromasentia.com\/product\/crystal-elemental-soap-air\/"},"modified":"2025-06-22T03:30:59","modified_gmt":"2025-06-22T03:30:59","slug":"krystal-elementaer-saebe-luft","status":"publish","type":"product","link":"https:\/\/aromasentia.com\/da\/krystal-elementaer-saebe-luft\/","title":{"rendered":"Krystal Element\u00e6r S\u00e6be &#8211; Luft"},"content":{"rendered":"<p><span style=\"color: rgb(75, 80, 88);\"><strong>Den stenformede Crystal Elemental Soap &#8211; Air<\/strong>med sine elegante gr\u00e5 nuancer og en let forfriskende duft gl\u00e6der b\u00e5de \u00f8jne og sanser. Tag med p\u00e5 en rejse gennem luftens element\u00e6re kraft.<\/span><\/p>\n<p><span style=\"color: rgb(75, 80, 88);\">Den sande tiltr\u00e6kningskraft ligger i den \u00e6gte \u00e6delsten, der er indlejret i hver s\u00e6bebar, og som forvandler dit daglige ritual til en sp\u00e6ndende skattejagt. Forestil dig sp\u00e6ndingen ved at opdage en beroligende *ametyst* (ro, lykke, visdom, ro), rensende *hvid aventurin* (k\u00e6rlighed, ro, indre styrke) eller forst\u00e6rkende *Clear Quartz* (spiritualitet, visdom, overflod) &#8211; hver \u00e6delsten er et lille stykke af Jordens mysterier, der g\u00f8r badetiden til et fascinerende eventyr.<\/span><\/p>\n<p><span style=\"color: rgb(75, 80, 88);\">Hver s\u00e6bebar sprudler af livlige farver og funklende bio-glimmer, designet til at fange og fortrylle. Denne kollektion leveres i en stilfuld \u00e6ske, der afsl\u00f8rer betydningen af dens farve og \u00e6delstensoverraskelserne indeni, og er en perfekt gave eller en luksuri\u00f8s fork\u00e6lelse til dine kunder.<\/span><\/p>\n<p><span style=\"color: rgb(75, 80, 88);\">Ideel til gavebutikker, krystalentusiaster og milj\u00f8bevidste kunder, der v\u00e6rds\u00e6tter sk\u00f8nheden i h\u00e5ndlavede, naturinspirerede produkter.<\/span><\/p>\n<p><span style=\"color: rgb(75, 80, 88);\">Disse s\u00e6ber fork\u00e6ler ogs\u00e5 din hud med n\u00e6rende ingredienser, der renser blidt, samtidig med at de bevarer din naturlige gl\u00f8d, s\u00e5 din hud f\u00f8les bl\u00f8d og forynget \u2013 lige s\u00e5 luksuri\u00f8s som selve s\u00e6ben.<\/span><\/p>\n<p><span style=\"color: rgb(75, 80, 88);\">Den skiller sig ud med sin opl\u00f8ftende, luftige duftblanding.<\/span><\/p>\n<p><span style=\"color: rgb(75, 80, 88);\"><strong>Topnoter: <\/strong>Kokos, Hindb\u00e6r, P\u00e6re<\/span><\/p>\n<p><span style=\"color: rgb(75, 80, 88);\"><strong>Hjertenoter:<\/strong> Rose, Jasmin, Lilje<\/span><\/p>\n<p><span style=\"color: rgb(75, 80, 88);\"><strong>Basenoter:<\/strong>Macaron, Sukker, Rav, Moskus, Sandeltr\u00e6<\/span><\/p>\n<p><span style=\"color: rgb(75, 80, 88);\"><em>* V\u00e6gt ca. 113 g * Vegansk * Gave\u00e6ske * Lavet i Storbritannien *<\/em><\/span><\/p>\n<p><span style=\"color: rgb(75, 80, 88);\"><strong>NB:<\/strong>Da disse s\u00e6ber er h\u00e5ndlavede, kan der forekomme subtile farvevariationer, hvilket g\u00f8r hver s\u00e6bebar unik.<\/span><\/p>\n<p><span style=\"color: rgb(75, 80, 88);\"><strong>Tilbyd dine kunder et strejf af magi i deres daglig rutine med disse element\u00e6re s\u00e6ber.<\/strong><\/span><\/p>\n","protected":false},"excerpt":{"rendered":"<p>Den stenformede Crystal Elemental Soap &#8211; Airmed sine elegante gr\u00e5 nuancer og en let forfriskende duft gl\u00e6der b\u00e5de \u00f8jne og sanser. Tag med p\u00e5 en rejse gennem luftens element\u00e6re kraft. Den sande tiltr\u00e6kningskraft ligger i den \u00e6gte \u00e6delsten, der er indlejret i hver s\u00e6bebar, og som forvandler dit daglige ritual til en sp\u00e6ndende skattejagt. Forestil [&hellip;]<\/p>\n","protected":false},"featured_media":280776,"comment_status":"closed","ping_status":"open","template":"","meta":{"_angie_page":false},"product_brand":[],"product_cat":[6994,7012],"product_tag":[],"class_list":{"0":"post-200704","1":"product","2":"type-product","3":"status-publish","4":"has-post-thumbnail","6":"product_cat-bad-og-bruser","7":"product_cat-okologiske-saeber-saebebar","8":"pa_collection-crystal-element-soaps-da","9":"pa_made-in-storbritannien","11":"first","12":"instock","13":"purchasable","14":"product-type-simple"},"supplier_id":null,"supplier_sku":"CSoap-04","barcode":null,"atum_controlled":true,"out_stock_date":null,"out_stock_threshold":null,"inheritable":false,"inbound_stock":null,"stock_on_hold":0,"sold_today":0,"sales_last_days":0,"reserved_stock":null,"customer_returns":null,"warehouse_damage":null,"lost_in_post":null,"other_logs":null,"out_stock_days":0,"lost_sales":0,"has_location":null,"update_date":"2026-04-27T06:58:33","atum_locations":[],"atum_stock_status":"instock","restock_status":false,"low_stock_amount":"","sales_update_date":"2025-10-09T03:28:37","calc_backorders":null,"_links":{"self":[{"href":"https:\/\/aromasentia.com\/da\/wp-json\/wp\/v2\/product\/200704","targetHints":{"allow":["GET"]}}],"collection":[{"href":"https:\/\/aromasentia.com\/da\/wp-json\/wp\/v2\/product"}],"about":[{"href":"https:\/\/aromasentia.com\/da\/wp-json\/wp\/v2\/types\/product"}],"replies":[{"embeddable":true,"href":"https:\/\/aromasentia.com\/da\/wp-json\/wp\/v2\/comments?post=200704"}],"version-history":[{"count":0,"href":"https:\/\/aromasentia.com\/da\/wp-json\/wp\/v2\/product\/200704\/revisions"}],"wp:featuredmedia":[{"embeddable":true,"href":"https:\/\/aromasentia.com\/da\/wp-json\/wp\/v2\/media\/280776"}],"wp:attachment":[{"href":"https:\/\/aromasentia.com\/da\/wp-json\/wp\/v2\/media?parent=200704"}],"wp:term":[{"taxonomy":"product_brand","embeddable":true,"href":"https:\/\/aromasentia.com\/da\/wp-json\/wp\/v2\/product_brand?post=200704"},{"taxonomy":"product_cat","embeddable":true,"href":"https:\/\/aromasentia.com\/da\/wp-json\/wp\/v2\/product_cat?post=200704"},{"taxonomy":"product_tag","embeddable":true,"href":"https:\/\/aromasentia.com\/da\/wp-json\/wp\/v2\/product_tag?post=200704"}],"curies":[{"name":"wp","href":"https:\/\/api.w.org\/{rel}","templated":true}]}}