{"id":200688,"date":"2025-03-20T16:37:16","date_gmt":"2025-03-20T16:37:16","guid":{"rendered":"https:\/\/aromasentia.com\/product\/double-butter-luxury-soap-slice-earthy-oils\/"},"modified":"2025-06-22T03:30:50","modified_gmt":"2025-06-22T03:30:50","slug":"double-butter-luxury-saebebar-jordnaere-olier","status":"publish","type":"product","link":"https:\/\/aromasentia.com\/da\/double-butter-luxury-saebebar-jordnaere-olier\/","title":{"rendered":"Double Butter Luxury S\u00e6bebar &#8211; Jordn\u00e6re Olier"},"content":{"rendered":"<p>Giv din hud n\u00e6ring med de jordn\u00e6re dufte fra vores Double Butter Luxury Soap Slice &#8211; Earthy Oils. Denne dekadente s\u00e6be er beriget med en dobbelt dosis af fugtgivende sm\u00f8r, som shea og kakao, der giver et us\u00e6dvanligt cremet skum. Den er tilsat en blanding af rige, jordn\u00e6re \u00e6teriske olier som patchouli, vetiver eller sandeltr\u00e6 og renser blidt, samtidig med at den giver en beroligende, centrerende og dybt forbindende aromatisk oplevelse, der efterlader huden bl\u00f8d og subtilt parfumeret med naturens dybde.<\/p>\n","protected":false},"excerpt":{"rendered":"<p>Giv din hud n\u00e6ring med de jordn\u00e6re dufte fra vores Double Butter Luxury Soap Slice &#8211; Earthy Oils. Denne dekadente s\u00e6be er beriget med en dobbelt dosis af fugtgivende sm\u00f8r, som shea og kakao, der giver et us\u00e6dvanligt cremet skum. Den er tilsat en blanding af rige, jordn\u00e6re \u00e6teriske olier som patchouli, vetiver eller sandeltr\u00e6 [&hellip;]<\/p>\n","protected":false},"featured_media":281025,"comment_status":"closed","ping_status":"open","template":"","meta":[],"product_brand":[],"product_cat":[6994,7012],"product_tag":[],"class_list":{"0":"post-200688","1":"product","2":"type-product","3":"status-publish","4":"has-post-thumbnail","6":"product_cat-bad-og-bruser","7":"product_cat-okologiske-saeber-saebebar","8":"pa_made-in-storbritannien","10":"first","11":"outofstock","12":"purchasable","13":"product-type-simple"},"supplier_id":null,"supplier_sku":"DSDBSoap-01","barcode":null,"atum_controlled":true,"out_stock_date":"2025-10-09 13:31:21","out_stock_threshold":null,"inheritable":false,"inbound_stock":null,"stock_on_hold":0,"sold_today":0,"sales_last_days":0,"reserved_stock":null,"customer_returns":null,"warehouse_damage":null,"lost_in_post":null,"other_logs":null,"out_stock_days":112,"lost_sales":0,"has_location":null,"update_date":"2026-01-30T01:25:15","atum_locations":[],"atum_stock_status":"outofstock","restock_status":false,"low_stock_amount":"","sales_update_date":"2026-01-30T01:25:15","calc_backorders":null,"_links":{"self":[{"href":"https:\/\/aromasentia.com\/da\/wp-json\/wp\/v2\/product\/200688","targetHints":{"allow":["GET"]}}],"collection":[{"href":"https:\/\/aromasentia.com\/da\/wp-json\/wp\/v2\/product"}],"about":[{"href":"https:\/\/aromasentia.com\/da\/wp-json\/wp\/v2\/types\/product"}],"replies":[{"embeddable":true,"href":"https:\/\/aromasentia.com\/da\/wp-json\/wp\/v2\/comments?post=200688"}],"version-history":[{"count":0,"href":"https:\/\/aromasentia.com\/da\/wp-json\/wp\/v2\/product\/200688\/revisions"}],"wp:featuredmedia":[{"embeddable":true,"href":"https:\/\/aromasentia.com\/da\/wp-json\/wp\/v2\/media\/281025"}],"wp:attachment":[{"href":"https:\/\/aromasentia.com\/da\/wp-json\/wp\/v2\/media?parent=200688"}],"wp:term":[{"taxonomy":"product_brand","embeddable":true,"href":"https:\/\/aromasentia.com\/da\/wp-json\/wp\/v2\/product_brand?post=200688"},{"taxonomy":"product_cat","embeddable":true,"href":"https:\/\/aromasentia.com\/da\/wp-json\/wp\/v2\/product_cat?post=200688"},{"taxonomy":"product_tag","embeddable":true,"href":"https:\/\/aromasentia.com\/da\/wp-json\/wp\/v2\/product_tag?post=200688"}],"curies":[{"name":"wp","href":"https:\/\/api.w.org\/{rel}","templated":true}]}}