{"id":200673,"date":"2025-03-20T16:38:28","date_gmt":"2025-03-20T16:38:28","guid":{"rendered":"https:\/\/aromasentia.com\/product\/baby-powder-soap-bar-100g\/"},"modified":"2025-10-24T15:29:55","modified_gmt":"2025-10-24T15:29:55","slug":"saebe-med-babypudder-100-g","status":"publish","type":"product","link":"https:\/\/aromasentia.com\/da\/saebe-med-babypudder-100-g\/","title":{"rendered":"S\u00e6be med Babypudder &#8211; 100 G"},"content":{"rendered":"<p><span style=\"color: rgb(75, 80, 88);\">Aroma Sentia <strong>&nbsp;Babypudder&nbsp;<\/strong><strong>S\u00e6bestykke &#8211; 140 g<\/strong>. Babypudderduftende s\u00e6be har en subtil blomster- og pudderagtig duft med tre farvelag. F\u00f8les og dufter pr\u00e6cis som hjemme for dig og dine kunder.<\/span><\/p>\n<p><span style=\"color: rgb(75, 80, 88);\">S\u00e6lges indpakket i vokspapir med ingrediensetiket og vejer ca. 100 g pr. stykke.<\/span><\/p>\n<p><span style=\"color: rgb(75, 80, 88);\"><strong>BEM\u00c6RK VENLIGST:<\/strong> S\u00e6berne er h\u00e5ndlavede, farven eller designet kan variere en smule fra billederne.<\/span><\/p>\n","protected":false},"excerpt":{"rendered":"<p>Aroma Sentia &nbsp;Babypudder&nbsp;S\u00e6bestykke &#8211; 140 g. Babypudderduftende s\u00e6be har en subtil blomster- og pudderagtig duft med tre farvelag. F\u00f8les og dufter pr\u00e6cis som hjemme for dig og dine kunder. S\u00e6lges indpakket i vokspapir med ingrediensetiket og vejer ca. 100 g pr. stykke. BEM\u00c6RK VENLIGST: S\u00e6berne er h\u00e5ndlavede, farven eller designet kan variere en smule fra [&hellip;]<\/p>\n","protected":false},"featured_media":281386,"comment_status":"closed","ping_status":"open","template":"","meta":{"_angie_page":false},"product_brand":[],"product_cat":[6994,7012],"product_tag":[],"class_list":{"0":"post-200673","1":"product","2":"type-product","3":"status-publish","4":"has-post-thumbnail","6":"product_cat-bad-og-bruser","7":"product_cat-okologiske-saeber-saebebar","8":"pa_collection-handcrafted-wild-soap-loaves-1-3-kg-slices-100-140g-da","9":"pa_made-in-storbritannien","10":"pa_size-100g","12":"first","13":"instock","14":"purchasable","15":"product-type-simple"},"supplier_id":null,"supplier_sku":"DSHCS-16","barcode":null,"atum_controlled":true,"out_stock_date":null,"out_stock_threshold":null,"inheritable":false,"inbound_stock":null,"stock_on_hold":0,"sold_today":0,"sales_last_days":0,"reserved_stock":null,"customer_returns":null,"warehouse_damage":null,"lost_in_post":null,"other_logs":null,"out_stock_days":0,"lost_sales":0,"has_location":null,"update_date":"2026-04-27T06:59:19","atum_locations":[],"atum_stock_status":"instock","restock_status":false,"low_stock_amount":"","sales_update_date":"2026-01-20T05:14:02","calc_backorders":null,"_links":{"self":[{"href":"https:\/\/aromasentia.com\/da\/wp-json\/wp\/v2\/product\/200673","targetHints":{"allow":["GET"]}}],"collection":[{"href":"https:\/\/aromasentia.com\/da\/wp-json\/wp\/v2\/product"}],"about":[{"href":"https:\/\/aromasentia.com\/da\/wp-json\/wp\/v2\/types\/product"}],"replies":[{"embeddable":true,"href":"https:\/\/aromasentia.com\/da\/wp-json\/wp\/v2\/comments?post=200673"}],"version-history":[{"count":0,"href":"https:\/\/aromasentia.com\/da\/wp-json\/wp\/v2\/product\/200673\/revisions"}],"wp:featuredmedia":[{"embeddable":true,"href":"https:\/\/aromasentia.com\/da\/wp-json\/wp\/v2\/media\/281386"}],"wp:attachment":[{"href":"https:\/\/aromasentia.com\/da\/wp-json\/wp\/v2\/media?parent=200673"}],"wp:term":[{"taxonomy":"product_brand","embeddable":true,"href":"https:\/\/aromasentia.com\/da\/wp-json\/wp\/v2\/product_brand?post=200673"},{"taxonomy":"product_cat","embeddable":true,"href":"https:\/\/aromasentia.com\/da\/wp-json\/wp\/v2\/product_cat?post=200673"},{"taxonomy":"product_tag","embeddable":true,"href":"https:\/\/aromasentia.com\/da\/wp-json\/wp\/v2\/product_tag?post=200673"}],"curies":[{"name":"wp","href":"https:\/\/api.w.org\/{rel}","templated":true}]}}