{"id":200669,"date":"2025-03-20T16:38:28","date_gmt":"2025-03-20T16:38:28","guid":{"rendered":"https:\/\/aromasentia.com\/product\/cleopatra-soap-bar-100g\/"},"modified":"2025-10-24T15:30:07","modified_gmt":"2025-10-24T15:30:07","slug":"cleopatra-saebe-bar-100g","status":"publish","type":"product","link":"https:\/\/aromasentia.com\/da\/cleopatra-saebe-bar-100g\/","title":{"rendered":"Cleopatra S\u00e6be Bar &#8211; 100g"},"content":{"rendered":"<p><span style=\"color: rgb(75, 80, 88);\">Aroma Sentia <strong>&nbsp;<\/strong><strong>Cleopatra s\u00e6bestykke &#8211; 100 g<\/strong> er lavet med \u00e6teriske olier af lavendel, ylang ylang og patchouli, toppet med et lag t\u00f8rrede lavendelblomster. Denne blanding af olier giver en rig, dyb og blomsteragtig duft til denne s\u00e6be.<\/span><\/p>\n<p><span style=\"color: rgb(75, 80, 88);\">S\u00e6lges indpakket i vokspapir med ingrediensetiket og vejer ca. 100 g pr. skive.<\/span><\/p>\n<p><span style=\"color: rgb(75, 80, 88);\"><strong>BEM\u00c6RK VENLIGST:<\/strong> S\u00e6berne er h\u00e5ndlavede, farven eller designet kan variere en smule fra billederne.<\/span><\/p>\n<p><\/p>\n<p><\/p>\n","protected":false},"excerpt":{"rendered":"<p>Aroma Sentia &nbsp;Cleopatra s\u00e6bestykke &#8211; 100 g er lavet med \u00e6teriske olier af lavendel, ylang ylang og patchouli, toppet med et lag t\u00f8rrede lavendelblomster. Denne blanding af olier giver en rig, dyb og blomsteragtig duft til denne s\u00e6be. S\u00e6lges indpakket i vokspapir med ingrediensetiket og vejer ca. 100 g pr. skive. BEM\u00c6RK VENLIGST: S\u00e6berne er [&hellip;]<\/p>\n","protected":false},"featured_media":281350,"comment_status":"closed","ping_status":"open","template":"","meta":{"_angie_page":false},"product_brand":[],"product_cat":[6994,7012],"product_tag":[],"class_list":{"0":"post-200669","1":"product","2":"type-product","3":"status-publish","4":"has-post-thumbnail","6":"product_cat-bad-og-bruser","7":"product_cat-okologiske-saeber-saebebar","8":"pa_collection-handcrafted-wild-soap-loaves-1-3-kg-slices-100-140g-da","9":"pa_made-in-storbritannien","10":"pa_size-100g","12":"first","13":"instock","14":"purchasable","15":"product-type-simple"},"supplier_id":null,"supplier_sku":"DSHCS-10","barcode":null,"atum_controlled":true,"out_stock_date":null,"out_stock_threshold":null,"inheritable":false,"inbound_stock":null,"stock_on_hold":0,"sold_today":0,"sales_last_days":0,"reserved_stock":null,"customer_returns":null,"warehouse_damage":null,"lost_in_post":null,"other_logs":null,"out_stock_days":0,"lost_sales":0,"has_location":null,"update_date":"2026-04-30T13:09:04","atum_locations":[],"atum_stock_status":"instock","restock_status":false,"low_stock_amount":"","sales_update_date":"2026-02-06T00:01:55","calc_backorders":null,"_links":{"self":[{"href":"https:\/\/aromasentia.com\/da\/wp-json\/wp\/v2\/product\/200669","targetHints":{"allow":["GET"]}}],"collection":[{"href":"https:\/\/aromasentia.com\/da\/wp-json\/wp\/v2\/product"}],"about":[{"href":"https:\/\/aromasentia.com\/da\/wp-json\/wp\/v2\/types\/product"}],"replies":[{"embeddable":true,"href":"https:\/\/aromasentia.com\/da\/wp-json\/wp\/v2\/comments?post=200669"}],"version-history":[{"count":0,"href":"https:\/\/aromasentia.com\/da\/wp-json\/wp\/v2\/product\/200669\/revisions"}],"wp:featuredmedia":[{"embeddable":true,"href":"https:\/\/aromasentia.com\/da\/wp-json\/wp\/v2\/media\/281350"}],"wp:attachment":[{"href":"https:\/\/aromasentia.com\/da\/wp-json\/wp\/v2\/media?parent=200669"}],"wp:term":[{"taxonomy":"product_brand","embeddable":true,"href":"https:\/\/aromasentia.com\/da\/wp-json\/wp\/v2\/product_brand?post=200669"},{"taxonomy":"product_cat","embeddable":true,"href":"https:\/\/aromasentia.com\/da\/wp-json\/wp\/v2\/product_cat?post=200669"},{"taxonomy":"product_tag","embeddable":true,"href":"https:\/\/aromasentia.com\/da\/wp-json\/wp\/v2\/product_tag?post=200669"}],"curies":[{"name":"wp","href":"https:\/\/api.w.org\/{rel}","templated":true}]}}