{"id":200661,"date":"2025-03-20T16:38:28","date_gmt":"2025-03-20T16:38:28","guid":{"rendered":"https:\/\/aromasentia.com\/product\/raspberry-blackpepper-soap-loaf\/"},"modified":"2025-06-22T03:30:36","modified_gmt":"2025-06-22T03:30:36","slug":"raspberry-blackpepper-saebebar","status":"publish","type":"product","link":"https:\/\/aromasentia.com\/da\/raspberry-blackpepper-saebebar\/","title":{"rendered":"Raspberry &#038; Blackpepper &#8211; S\u00e6bebar"},"content":{"rendered":"<p>Nogle gange har man bare lyst til at fork\u00e6le sig selv med noget s\u00e6rligt, s\u00e5 hvorfor ikke berolige sin hud med en dejlig, naturlig h\u00e5ndlavet s\u00e6be?<\/p>\n<p>Den frugtagtige hindb\u00e6r- og sortpebers\u00e6be med krydrede noter renser og efterlader huden bl\u00f8d, fugtet og behageligt duftende.<\/p>\n<p>Der er intet som en fork\u00e6lende naturlig s\u00e6be, der dufter fantastisk, til at bryde monotonien i din morgenrutine. Vores fantastiske h\u00e5ndlavede s\u00e6ber er lavet af naturlige ingredienser af h\u00f8jeste kvalitet ved hj\u00e6lp af smelte-og-h\u00e6ld-metoden. Ved at bruge dem vil du opdage et v\u00e6ld af stemningsfulde dufte og taktile teksturer. Disse fugtgivende og hudn\u00e6rende s\u00e6ber tilbyder et fantastisk langvarigt skum, og de efterlader din hud ren, bl\u00f8d og sund.<\/p>\n","protected":false},"excerpt":{"rendered":"<p>Nogle gange har man bare lyst til at fork\u00e6le sig selv med noget s\u00e6rligt, s\u00e5 hvorfor ikke berolige sin hud med en dejlig, naturlig h\u00e5ndlavet s\u00e6be? Den frugtagtige hindb\u00e6r- og sortpebers\u00e6be med krydrede noter renser og efterlader huden bl\u00f8d, fugtet og behageligt duftende. Der er intet som en fork\u00e6lende naturlig s\u00e6be, der dufter fantastisk, til [&hellip;]<\/p>\n","protected":false},"featured_media":281278,"comment_status":"closed","ping_status":"open","template":"","meta":[],"product_brand":[],"product_cat":[6994,25839,26886,7012,25929],"product_tag":[],"class_list":{"0":"post-200661","1":"product","2":"type-product","3":"status-publish","4":"has-post-thumbnail","6":"product_cat-bad-og-bruser","7":"product_cat-dufte-aromaer","8":"product_cat-krydret","9":"product_cat-okologiske-saeber-saebebar","10":"product_cat-sort-peber","11":"pa_collection-handcrafted-wild-soap-loaves-1-3-kg-slices-100-140g-da","12":"pa_made-in-storbritannien","14":"first","15":"instock","16":"purchasable","17":"product-type-simple"},"supplier_id":null,"supplier_sku":"HCS-15L","barcode":null,"atum_controlled":true,"out_stock_date":null,"out_stock_threshold":null,"inheritable":false,"inbound_stock":null,"stock_on_hold":0,"sold_today":0,"sales_last_days":0,"reserved_stock":null,"customer_returns":null,"warehouse_damage":null,"lost_in_post":null,"other_logs":null,"out_stock_days":0,"lost_sales":0,"has_location":null,"update_date":"2026-01-30T01:25:21","atum_locations":[],"atum_stock_status":"instock","restock_status":false,"low_stock_amount":"","sales_update_date":"2026-01-30T01:25:21","calc_backorders":null,"_links":{"self":[{"href":"https:\/\/aromasentia.com\/da\/wp-json\/wp\/v2\/product\/200661","targetHints":{"allow":["GET"]}}],"collection":[{"href":"https:\/\/aromasentia.com\/da\/wp-json\/wp\/v2\/product"}],"about":[{"href":"https:\/\/aromasentia.com\/da\/wp-json\/wp\/v2\/types\/product"}],"replies":[{"embeddable":true,"href":"https:\/\/aromasentia.com\/da\/wp-json\/wp\/v2\/comments?post=200661"}],"version-history":[{"count":0,"href":"https:\/\/aromasentia.com\/da\/wp-json\/wp\/v2\/product\/200661\/revisions"}],"wp:featuredmedia":[{"embeddable":true,"href":"https:\/\/aromasentia.com\/da\/wp-json\/wp\/v2\/media\/281278"}],"wp:attachment":[{"href":"https:\/\/aromasentia.com\/da\/wp-json\/wp\/v2\/media?parent=200661"}],"wp:term":[{"taxonomy":"product_brand","embeddable":true,"href":"https:\/\/aromasentia.com\/da\/wp-json\/wp\/v2\/product_brand?post=200661"},{"taxonomy":"product_cat","embeddable":true,"href":"https:\/\/aromasentia.com\/da\/wp-json\/wp\/v2\/product_cat?post=200661"},{"taxonomy":"product_tag","embeddable":true,"href":"https:\/\/aromasentia.com\/da\/wp-json\/wp\/v2\/product_tag?post=200661"}],"curies":[{"name":"wp","href":"https:\/\/api.w.org\/{rel}","templated":true}]}}