{"id":200647,"date":"2025-03-20T16:39:07","date_gmt":"2025-03-20T16:39:07","guid":{"rendered":"https:\/\/aromasentia.com\/product\/enchanted-rose-soap-bar-140g\/"},"modified":"2025-12-30T18:36:09","modified_gmt":"2025-12-30T18:36:09","slug":"enchanted-rose-saebe-bar-100g","status":"publish","type":"product","link":"https:\/\/aromasentia.com\/da\/enchanted-rose-saebe-bar-100g\/","title":{"rendered":"Enchanted Rose S\u00e6be Bar &#8211; 100g"},"content":{"rendered":"<p><span style=\"color: rgb(75, 80, 88);\">Opdag cool Wild &#038; Natural H\u00e5ndlavet <strong>Rose &#038; Vanilla S\u00e6bestykke &#8211; 100g.<\/strong><\/span><\/p>\n<p><span style=\"color: rgb(75, 80, 88);\">Nyd den romantiske og luksuri\u00f8se duft af Rose &#038; Vanilla s\u00e6bestykke. Denne s\u00e6be kombinerer den tidl\u00f8se duft af roser med de varme, s\u00f8de noter af vanilje. Det er en sensorisk nydelse, der efterlader dig fork\u00e6let og indhyllet i romantik.<\/span><\/p>\n<p><span style=\"color: rgb(75, 80, 88);\"><strong>BEM\u00c6RK VENLIGST:<\/strong> Vores s\u00e6ber er h\u00e5ndlavede, s\u00e5 der kan v\u00e6re sm\u00e5 variationer i farve eller design sammenlignet med de viste billeder.<\/span><\/p>\n","protected":false},"excerpt":{"rendered":"<p>Opdag cool Wild &#038; Natural H\u00e5ndlavet Rose &#038; Vanilla S\u00e6bestykke &#8211; 100g. Nyd den romantiske og luksuri\u00f8se duft af Rose &#038; Vanilla s\u00e6bestykke. Denne s\u00e6be kombinerer den tidl\u00f8se duft af roser med de varme, s\u00f8de noter af vanilje. Det er en sensorisk nydelse, der efterlader dig fork\u00e6let og indhyllet i romantik. BEM\u00c6RK VENLIGST: Vores s\u00e6ber [&hellip;]<\/p>\n","protected":false},"featured_media":281536,"comment_status":"closed","ping_status":"open","template":"","meta":{"_angie_page":false},"product_brand":[],"product_cat":[6994,26830,25839,7012,25984],"product_tag":[],"class_list":{"0":"post-200647","1":"product","2":"type-product","3":"status-publish","4":"has-post-thumbnail","6":"product_cat-bad-og-bruser","7":"product_cat-blomster","8":"product_cat-dufte-aromaer","9":"product_cat-okologiske-saeber-saebebar","10":"product_cat-rose","11":"pa_collection-handcrafted-wild-soap-loaves-1-3-kg-slices-100-140g-da","12":"pa_made-in-storbritannien","13":"pa_size-140g","15":"first","16":"instock","17":"purchasable","18":"product-type-simple"},"supplier_id":null,"supplier_sku":"DSHCS-51","barcode":null,"atum_controlled":true,"out_stock_date":null,"out_stock_threshold":null,"inheritable":false,"inbound_stock":0,"stock_on_hold":0,"sold_today":0,"sales_last_days":0,"reserved_stock":0,"customer_returns":0,"warehouse_damage":0,"lost_in_post":0,"other_logs":0,"out_stock_days":0,"lost_sales":0,"has_location":false,"update_date":"2026-04-27T07:27:47","atum_locations":[],"atum_stock_status":"instock","restock_status":false,"low_stock_amount":"","sales_update_date":"2026-01-30T01:25:39","calc_backorders":null,"_links":{"self":[{"href":"https:\/\/aromasentia.com\/da\/wp-json\/wp\/v2\/product\/200647","targetHints":{"allow":["GET"]}}],"collection":[{"href":"https:\/\/aromasentia.com\/da\/wp-json\/wp\/v2\/product"}],"about":[{"href":"https:\/\/aromasentia.com\/da\/wp-json\/wp\/v2\/types\/product"}],"replies":[{"embeddable":true,"href":"https:\/\/aromasentia.com\/da\/wp-json\/wp\/v2\/comments?post=200647"}],"version-history":[{"count":0,"href":"https:\/\/aromasentia.com\/da\/wp-json\/wp\/v2\/product\/200647\/revisions"}],"wp:featuredmedia":[{"embeddable":true,"href":"https:\/\/aromasentia.com\/da\/wp-json\/wp\/v2\/media\/281536"}],"wp:attachment":[{"href":"https:\/\/aromasentia.com\/da\/wp-json\/wp\/v2\/media?parent=200647"}],"wp:term":[{"taxonomy":"product_brand","embeddable":true,"href":"https:\/\/aromasentia.com\/da\/wp-json\/wp\/v2\/product_brand?post=200647"},{"taxonomy":"product_cat","embeddable":true,"href":"https:\/\/aromasentia.com\/da\/wp-json\/wp\/v2\/product_cat?post=200647"},{"taxonomy":"product_tag","embeddable":true,"href":"https:\/\/aromasentia.com\/da\/wp-json\/wp\/v2\/product_tag?post=200647"}],"curies":[{"name":"wp","href":"https:\/\/api.w.org\/{rel}","templated":true}]}}