{"id":200646,"date":"2025-03-20T16:39:07","date_gmt":"2025-03-20T16:39:07","guid":{"rendered":"https:\/\/aromasentia.com\/product\/verdant-zen-soap-bar-140g\/"},"modified":"2025-12-30T18:36:09","modified_gmt":"2025-12-30T18:36:09","slug":"verdant-zen-saebe-100g","status":"publish","type":"product","link":"https:\/\/aromasentia.com\/da\/verdant-zen-saebe-100g\/","title":{"rendered":"Verdant Zen S\u00e6be &#8211; 100g"},"content":{"rendered":"<p><span style=\"color: rgb(75, 80, 88);\">Opdag cool engros vild og naturlig h\u00e5ndlavet <strong>gr\u00f8n te og oliven s\u00e6bebar &#8211; 100g<\/strong>. Nyd de beroligende og foryngende egenskaber ved gr\u00f8n te og oliven s\u00e6be. Denne s\u00e6be giver dit brusebad den beroligende essens af gr\u00f8n te og de n\u00e6rende fordele ved olivenolie. Det er en revitaliserende oplevelse, der efterlader din hud bl\u00f8d, smidig og afbalanceret.<\/span><\/p>\n<p><span style=\"color: rgb(75, 80, 88);\"><strong>BEM\u00c6RK VENLIGST:<\/strong> Vores s\u00e6ber er h\u00e5ndlavede, s\u00e5 der kan v\u00e6re sm\u00e5 variationer i farve eller design sammenlignet med de viste billeder.<\/span><\/p>\n","protected":false},"excerpt":{"rendered":"<p>Opdag cool engros vild og naturlig h\u00e5ndlavet gr\u00f8n te og oliven s\u00e6bebar &#8211; 100g. Nyd de beroligende og foryngende egenskaber ved gr\u00f8n te og oliven s\u00e6be. Denne s\u00e6be giver dit brusebad den beroligende essens af gr\u00f8n te og de n\u00e6rende fordele ved olivenolie. Det er en revitaliserende oplevelse, der efterlader din hud bl\u00f8d, smidig og [&hellip;]<\/p>\n","protected":false},"featured_media":281519,"comment_status":"closed","ping_status":"open","template":"","meta":{"_angie_page":false},"product_brand":[],"product_cat":[6994,7012],"product_tag":[],"class_list":{"0":"post-200646","1":"product","2":"type-product","3":"status-publish","4":"has-post-thumbnail","6":"product_cat-bad-og-bruser","7":"product_cat-okologiske-saeber-saebebar","8":"pa_collection-handcrafted-wild-soap-loaves-1-3-kg-slices-100-140g-da","9":"pa_made-in-storbritannien","10":"pa_size-140g","12":"first","13":"outofstock","14":"purchasable","15":"product-type-simple"},"supplier_id":null,"supplier_sku":"DSHCS-50","barcode":null,"atum_controlled":true,"out_stock_date":"2025-09-04 22:30:37","out_stock_threshold":null,"inheritable":false,"inbound_stock":null,"stock_on_hold":0,"sold_today":0,"sales_last_days":0,"reserved_stock":null,"customer_returns":null,"warehouse_damage":null,"lost_in_post":null,"other_logs":null,"out_stock_days":34,"lost_sales":0,"has_location":null,"update_date":"2026-04-27T07:27:47","atum_locations":[],"atum_stock_status":"outofstock","restock_status":false,"low_stock_amount":"","sales_update_date":"2025-10-09T03:22:08","calc_backorders":null,"_links":{"self":[{"href":"https:\/\/aromasentia.com\/da\/wp-json\/wp\/v2\/product\/200646","targetHints":{"allow":["GET"]}}],"collection":[{"href":"https:\/\/aromasentia.com\/da\/wp-json\/wp\/v2\/product"}],"about":[{"href":"https:\/\/aromasentia.com\/da\/wp-json\/wp\/v2\/types\/product"}],"replies":[{"embeddable":true,"href":"https:\/\/aromasentia.com\/da\/wp-json\/wp\/v2\/comments?post=200646"}],"version-history":[{"count":0,"href":"https:\/\/aromasentia.com\/da\/wp-json\/wp\/v2\/product\/200646\/revisions"}],"wp:featuredmedia":[{"embeddable":true,"href":"https:\/\/aromasentia.com\/da\/wp-json\/wp\/v2\/media\/281519"}],"wp:attachment":[{"href":"https:\/\/aromasentia.com\/da\/wp-json\/wp\/v2\/media?parent=200646"}],"wp:term":[{"taxonomy":"product_brand","embeddable":true,"href":"https:\/\/aromasentia.com\/da\/wp-json\/wp\/v2\/product_brand?post=200646"},{"taxonomy":"product_cat","embeddable":true,"href":"https:\/\/aromasentia.com\/da\/wp-json\/wp\/v2\/product_cat?post=200646"},{"taxonomy":"product_tag","embeddable":true,"href":"https:\/\/aromasentia.com\/da\/wp-json\/wp\/v2\/product_tag?post=200646"}],"curies":[{"name":"wp","href":"https:\/\/api.w.org\/{rel}","templated":true}]}}