{"id":200645,"date":"2025-03-20T16:39:07","date_gmt":"2025-03-20T16:39:07","guid":{"rendered":"https:\/\/aromasentia.com\/product\/raspberry-bliss-soap-bar-140g\/"},"modified":"2025-12-30T18:36:09","modified_gmt":"2025-12-30T18:36:09","slug":"raspberry-bliss-saebe-bar-100g","status":"publish","type":"product","link":"https:\/\/aromasentia.com\/da\/raspberry-bliss-saebe-bar-100g\/","title":{"rendered":"Raspberry Bliss S\u00e6be Bar &#8211; 100g"},"content":{"rendered":"<p><span style=\"color: rgb(75, 80, 88);\">Opdag en cool &nbsp;vild &amp; naturlig h\u00e5ndlavet <strong>hindb\u00e6r &amp; vaniljes\u00e6bebar &#8211; 100g<\/strong>. Oplev den s\u00f8de og syrlige charme ved hindb\u00e6r &amp; vaniljes\u00e6be. Denne s\u00e6be kombinerer den livlige aroma af modne hindb\u00e6r med de beroligende noter af vanilje. Det er en dejlig godbid til din hud, der efterlader dig forfrisket og let duftende.<\/span><\/p>\n<p><span style=\"color: rgb(75, 80, 88);\"><strong>BEM\u00c6RK VENLIGST:<\/strong> Vores s\u00e6ber er h\u00e5ndlavede, s\u00e5 der kan v\u00e6re sm\u00e5 variationer i farve eller design sammenlignet med de viste billeder.<\/span><\/p>\n","protected":false},"excerpt":{"rendered":"<p>Opdag en cool &nbsp;vild &amp; naturlig h\u00e5ndlavet hindb\u00e6r &amp; vaniljes\u00e6bebar &#8211; 100g. Oplev den s\u00f8de og syrlige charme ved hindb\u00e6r &amp; vaniljes\u00e6be. Denne s\u00e6be kombinerer den livlige aroma af modne hindb\u00e6r med de beroligende noter af vanilje. Det er en dejlig godbid til din hud, der efterlader dig forfrisket og let duftende. BEM\u00c6RK VENLIGST: Vores [&hellip;]<\/p>\n","protected":false},"featured_media":281510,"comment_status":"closed","ping_status":"open","template":"","meta":{"_angie_page":false},"product_brand":[],"product_cat":[6994,7012],"product_tag":[],"class_list":{"0":"post-200645","1":"product","2":"type-product","3":"status-publish","4":"has-post-thumbnail","6":"product_cat-bad-og-bruser","7":"product_cat-okologiske-saeber-saebebar","8":"pa_collection-handcrafted-wild-soap-loaves-1-3-kg-slices-100-140g-da","9":"pa_made-in-storbritannien","10":"pa_size-140g","12":"first","13":"instock","14":"purchasable","15":"product-type-simple"},"supplier_id":null,"supplier_sku":"DSHCS-49","barcode":null,"atum_controlled":true,"out_stock_date":null,"out_stock_threshold":null,"inheritable":false,"inbound_stock":null,"stock_on_hold":0,"sold_today":0,"sales_last_days":0,"reserved_stock":null,"customer_returns":null,"warehouse_damage":null,"lost_in_post":null,"other_logs":null,"out_stock_days":0,"lost_sales":0,"has_location":null,"update_date":"2026-05-04T00:02:51","atum_locations":[],"atum_stock_status":"instock","restock_status":false,"low_stock_amount":"","sales_update_date":"2026-01-30T01:24:28","calc_backorders":null,"_links":{"self":[{"href":"https:\/\/aromasentia.com\/da\/wp-json\/wp\/v2\/product\/200645","targetHints":{"allow":["GET"]}}],"collection":[{"href":"https:\/\/aromasentia.com\/da\/wp-json\/wp\/v2\/product"}],"about":[{"href":"https:\/\/aromasentia.com\/da\/wp-json\/wp\/v2\/types\/product"}],"replies":[{"embeddable":true,"href":"https:\/\/aromasentia.com\/da\/wp-json\/wp\/v2\/comments?post=200645"}],"version-history":[{"count":0,"href":"https:\/\/aromasentia.com\/da\/wp-json\/wp\/v2\/product\/200645\/revisions"}],"wp:featuredmedia":[{"embeddable":true,"href":"https:\/\/aromasentia.com\/da\/wp-json\/wp\/v2\/media\/281510"}],"wp:attachment":[{"href":"https:\/\/aromasentia.com\/da\/wp-json\/wp\/v2\/media?parent=200645"}],"wp:term":[{"taxonomy":"product_brand","embeddable":true,"href":"https:\/\/aromasentia.com\/da\/wp-json\/wp\/v2\/product_brand?post=200645"},{"taxonomy":"product_cat","embeddable":true,"href":"https:\/\/aromasentia.com\/da\/wp-json\/wp\/v2\/product_cat?post=200645"},{"taxonomy":"product_tag","embeddable":true,"href":"https:\/\/aromasentia.com\/da\/wp-json\/wp\/v2\/product_tag?post=200645"}],"curies":[{"name":"wp","href":"https:\/\/api.w.org\/{rel}","templated":true}]}}