{"id":200626,"date":"2025-03-20T16:41:57","date_gmt":"2025-03-20T16:41:57","guid":{"rendered":"https:\/\/aromasentia.com\/product\/tangerine-grapefruit-bath-bomb-180g\/"},"modified":"2025-06-22T03:30:20","modified_gmt":"2025-06-22T03:30:20","slug":"tangerine-grapefruit-badebombe-180g","status":"publish","type":"product","link":"https:\/\/aromasentia.com\/da\/tangerine-grapefruit-badebombe-180g\/","title":{"rendered":"Tangerine &#038; Grapefruit Badebombe &#8211; 180g"},"content":{"rendered":"<p><span style=\"color: rgb(75, 80, 88);\">Hvis du leder efter en afslappende fork\u00e6lelse, s\u00e5 beh\u00f8ver du ikke lede l\u00e6ngere. Vores <strong>EU<\/strong> badebomber er lige noget for alle, der leder efter et badetilbeh\u00f8r af h\u00f8j kvalitet, der b\u00e5de ser godt ud og dufter godt.<\/span><\/p>\n<p><span style=\"color: rgb(75, 80, 88);\">De er ogs\u00e5 til en god pris. Hver bombe vejer hele <strong>180 gram<\/strong> og indeholder sheasm\u00f8r, der g\u00f8r dem bl\u00f8dere mod din hud.<\/span><\/p>\n<p><span style=\"color: rgb(75, 80, 88);\">Vi har et udvalg af fantastiske dufte at v\u00e6lge imellem, hver i deres egen karakteristiske farve. K\u00f8b flere forskellige yderdufte for at lave et i\u00f8jnefaldende display i din butik og hjemmeside, som dine kunder ikke vil kunne modst\u00e5.<\/span><\/p>\n","protected":false},"excerpt":{"rendered":"<p>Hvis du leder efter en afslappende fork\u00e6lelse, s\u00e5 beh\u00f8ver du ikke lede l\u00e6ngere. Vores EU badebomber er lige noget for alle, der leder efter et badetilbeh\u00f8r af h\u00f8j kvalitet, der b\u00e5de ser godt ud og dufter godt. De er ogs\u00e5 til en god pris. Hver bombe vejer hele 180 gram og indeholder sheasm\u00f8r, der g\u00f8r [&hellip;]<\/p>\n","protected":false},"featured_media":282113,"comment_status":"closed","ping_status":"open","template":"","meta":{"_angie_page":false},"product_brand":[],"product_cat":[6994,7029,26816,25839,25950,25993],"product_tag":[],"class_list":{"0":"post-200626","1":"product","2":"type-product","3":"status-publish","4":"has-post-thumbnail","6":"product_cat-bad-og-bruser","7":"product_cat-badebomber","8":"product_cat-citrus","9":"product_cat-dufte-aromaer","10":"product_cat-grapefrugt","11":"product_cat-tangerin","12":"pa_collection-jumbo-bath-bombs-180g-da","13":"pa_made-in-storbritannien","14":"pa_size-180g","16":"first","17":"outofstock","18":"purchasable","19":"product-type-simple"},"supplier_id":null,"supplier_sku":"DSJBB-13","barcode":null,"atum_controlled":true,"out_stock_date":"2026-04-25 15:14:28","out_stock_threshold":null,"inheritable":false,"inbound_stock":null,"stock_on_hold":0,"sold_today":0,"sales_last_days":0,"reserved_stock":null,"customer_returns":null,"warehouse_damage":null,"lost_in_post":null,"other_logs":null,"out_stock_days":0,"lost_sales":0,"has_location":null,"update_date":"2026-04-27T07:27:51","atum_locations":[],"atum_stock_status":"outofstock","restock_status":false,"low_stock_amount":"","sales_update_date":"2025-10-09T03:22:12","calc_backorders":null,"_links":{"self":[{"href":"https:\/\/aromasentia.com\/da\/wp-json\/wp\/v2\/product\/200626","targetHints":{"allow":["GET"]}}],"collection":[{"href":"https:\/\/aromasentia.com\/da\/wp-json\/wp\/v2\/product"}],"about":[{"href":"https:\/\/aromasentia.com\/da\/wp-json\/wp\/v2\/types\/product"}],"replies":[{"embeddable":true,"href":"https:\/\/aromasentia.com\/da\/wp-json\/wp\/v2\/comments?post=200626"}],"version-history":[{"count":0,"href":"https:\/\/aromasentia.com\/da\/wp-json\/wp\/v2\/product\/200626\/revisions"}],"wp:featuredmedia":[{"embeddable":true,"href":"https:\/\/aromasentia.com\/da\/wp-json\/wp\/v2\/media\/282113"}],"wp:attachment":[{"href":"https:\/\/aromasentia.com\/da\/wp-json\/wp\/v2\/media?parent=200626"}],"wp:term":[{"taxonomy":"product_brand","embeddable":true,"href":"https:\/\/aromasentia.com\/da\/wp-json\/wp\/v2\/product_brand?post=200626"},{"taxonomy":"product_cat","embeddable":true,"href":"https:\/\/aromasentia.com\/da\/wp-json\/wp\/v2\/product_cat?post=200626"},{"taxonomy":"product_tag","embeddable":true,"href":"https:\/\/aromasentia.com\/da\/wp-json\/wp\/v2\/product_tag?post=200626"}],"curies":[{"name":"wp","href":"https:\/\/api.w.org\/{rel}","templated":true}]}}