{"id":200620,"date":"2025-03-20T16:42:55","date_gmt":"2025-03-20T16:42:55","guid":{"rendered":"https:\/\/aromasentia.com\/product\/ylang-ylang-orange-solid-shampoo-loaf\/"},"modified":"2025-06-22T03:30:15","modified_gmt":"2025-06-22T03:30:15","slug":"ylang-ylang-orange-shampoo-bar-loaf","status":"publish","type":"product","link":"https:\/\/aromasentia.com\/da\/ylang-ylang-orange-shampoo-bar-loaf\/","title":{"rendered":"Ylang Ylang &#038; Orange &#8211; Shampoo Bar Loaf"},"content":{"rendered":"<p>Smukt duftende ylang ylang &#038; appelsin shampoo i fast form til alle h\u00e5rtyper. Ideel til rejser, da der ikke er risiko for spild. Efterlader dit h\u00e5r skinnende og med en dejlig duft!<\/p>\n<p>Shampoobarer er en helt naturlig plejeshampoo i fast form. Vores faste shampoo er lavet af vegetabilske olier af h\u00f8j kvalitet baseret p\u00e5 argan. Skaber et vidunderligt t\u00e6t, cremet skum, der naturligt plejer h\u00e5ret. Disse faste shampooer er parfumeret med rene \u00e6teriske olier for en fantastisk naturlig duft.<\/p>\n<p>Flere og flere af os bliver mere og mere bekymrede over ting som plastikforbrug i sk\u00f8nhedsindustrien og det rod, det efterlader. Faste shampooer er milj\u00f8venlige, da du ikke spilder flasker og emballage. De er ogs\u00e5 gode for dit budget, fast shampoo holder 2-5 gange l\u00e6ngere end flydende produkter.<\/p>\n","protected":false},"excerpt":{"rendered":"<p>Smukt duftende ylang ylang &#038; appelsin shampoo i fast form til alle h\u00e5rtyper. Ideel til rejser, da der ikke er risiko for spild. Efterlader dit h\u00e5r skinnende og med en dejlig duft! Shampoobarer er en helt naturlig plejeshampoo i fast form. Vores faste shampoo er lavet af vegetabilske olier af h\u00f8j kvalitet baseret p\u00e5 argan. [&hellip;]<\/p>\n","protected":false},"featured_media":282797,"comment_status":"closed","ping_status":"open","template":"","meta":[],"product_brand":[],"product_cat":[25972,6994,26830,26816,25839,7274,26001],"product_tag":[],"class_list":{"0":"post-200620","1":"product","2":"type-product","3":"status-publish","4":"has-post-thumbnail","6":"product_cat-appelsin","7":"product_cat-bad-og-bruser","8":"product_cat-blomster","9":"product_cat-citrus","10":"product_cat-dufte-aromaer","11":"product_cat-harpleje","12":"product_cat-ylang-ylang","13":"pa_collection-solid-shampoo-with-argan-base-da","14":"pa_made-in-storbritannien","16":"first","17":"outofstock","18":"purchasable","19":"product-type-simple"},"supplier_id":null,"supplier_sku":"Solid-07","barcode":null,"atum_controlled":true,"out_stock_date":"2025-12-11 15:23:32","out_stock_threshold":null,"inheritable":false,"inbound_stock":null,"stock_on_hold":0,"sold_today":0,"sales_last_days":0,"reserved_stock":null,"customer_returns":null,"warehouse_damage":null,"lost_in_post":null,"other_logs":null,"out_stock_days":56,"lost_sales":0,"has_location":null,"update_date":"2026-02-06T00:01:13","atum_locations":[],"atum_stock_status":"outofstock","restock_status":false,"low_stock_amount":"","sales_update_date":"2026-02-06T00:01:13","calc_backorders":null,"_links":{"self":[{"href":"https:\/\/aromasentia.com\/da\/wp-json\/wp\/v2\/product\/200620","targetHints":{"allow":["GET"]}}],"collection":[{"href":"https:\/\/aromasentia.com\/da\/wp-json\/wp\/v2\/product"}],"about":[{"href":"https:\/\/aromasentia.com\/da\/wp-json\/wp\/v2\/types\/product"}],"replies":[{"embeddable":true,"href":"https:\/\/aromasentia.com\/da\/wp-json\/wp\/v2\/comments?post=200620"}],"version-history":[{"count":0,"href":"https:\/\/aromasentia.com\/da\/wp-json\/wp\/v2\/product\/200620\/revisions"}],"wp:featuredmedia":[{"embeddable":true,"href":"https:\/\/aromasentia.com\/da\/wp-json\/wp\/v2\/media\/282797"}],"wp:attachment":[{"href":"https:\/\/aromasentia.com\/da\/wp-json\/wp\/v2\/media?parent=200620"}],"wp:term":[{"taxonomy":"product_brand","embeddable":true,"href":"https:\/\/aromasentia.com\/da\/wp-json\/wp\/v2\/product_brand?post=200620"},{"taxonomy":"product_cat","embeddable":true,"href":"https:\/\/aromasentia.com\/da\/wp-json\/wp\/v2\/product_cat?post=200620"},{"taxonomy":"product_tag","embeddable":true,"href":"https:\/\/aromasentia.com\/da\/wp-json\/wp\/v2\/product_tag?post=200620"}],"curies":[{"name":"wp","href":"https:\/\/api.w.org\/{rel}","templated":true}]}}