{"id":200614,"date":"2025-03-20T16:42:55","date_gmt":"2025-03-20T16:42:55","guid":{"rendered":"https:\/\/aromasentia.com\/product\/tea-tree-peppermint-solid-shampoo-loaf\/"},"modified":"2025-06-22T03:30:12","modified_gmt":"2025-06-22T03:30:12","slug":"tea-tree-peppermint-shampoo-bar-loaf","status":"publish","type":"product","link":"https:\/\/aromasentia.com\/da\/tea-tree-peppermint-shampoo-bar-loaf\/","title":{"rendered":"Tea Tree &#038; Peppermint &#8211; Shampoo Bar Loaf"},"content":{"rendered":"<p>Tea Tree &#038; Peppermint Solid Shampoo bruger naturligt antiseptisk tea tree \u00e6terisk olie sammen med forfriskende pebermynteolie for at give fedtet h\u00e5r og hovedbund en dybt rensende, men sk\u00e5nsom behandling.<\/p>\n<p>Shampoobarer er en helt naturlig plejende shampoo i fast form. Vores Solid Shampoo er lavet af vegetabilske olier af h\u00f8j kvalitet baseret p\u00e5 argan. Skaber et vidunderligt t\u00e6t, cremet skum, der naturligt plejer h\u00e5ret. Disse Solid Shampooer er parfumeret med rene \u00e6teriske olier for en fantastisk naturlig duft.<\/p>\n<p>Flere og flere af os bliver mere og mere bekymrede over ting som plastikforbrug i sk\u00f8nhedsindustrien og det rod, det efterlader. Solid shampooer er milj\u00f8venlige, da du ikke spilder flasker og emballage. De er ogs\u00e5 gode for dit budget, solid shampoo holder 2-5 gange l\u00e6ngere end flydende produkter.<\/p>\n","protected":false},"excerpt":{"rendered":"<p>Tea Tree &#038; Peppermint Solid Shampoo bruger naturligt antiseptisk tea tree \u00e6terisk olie sammen med forfriskende pebermynteolie for at give fedtet h\u00e5r og hovedbund en dybt rensende, men sk\u00e5nsom behandling. Shampoobarer er en helt naturlig plejende shampoo i fast form. Vores Solid Shampoo er lavet af vegetabilske olier af h\u00f8j kvalitet baseret p\u00e5 argan. Skaber [&hellip;]<\/p>\n","protected":false},"featured_media":282559,"comment_status":"closed","ping_status":"open","template":"","meta":[],"product_brand":[],"product_cat":[6994,25839,7274,26865,26872,25978,25994],"product_tag":[],"class_list":{"0":"post-200614","1":"product","2":"type-product","3":"status-publish","4":"has-post-thumbnail","6":"product_cat-bad-og-bruser","7":"product_cat-dufte-aromaer","8":"product_cat-harpleje","9":"product_cat-medicinsk-kamferagtig","10":"product_cat-mynte","11":"product_cat-pebermynte","12":"product_cat-tea-tree-tetrae","13":"pa_collection-solid-shampoo-with-argan-base-da","14":"pa_made-in-storbritannien","16":"first","17":"outofstock","18":"purchasable","19":"product-type-simple"},"supplier_id":null,"supplier_sku":"Solid-01","barcode":null,"atum_controlled":true,"out_stock_date":"2025-10-09 01:41:12","out_stock_threshold":null,"inheritable":false,"inbound_stock":null,"stock_on_hold":0,"sold_today":0,"sales_last_days":0,"reserved_stock":null,"customer_returns":null,"warehouse_damage":null,"lost_in_post":null,"other_logs":null,"out_stock_days":119,"lost_sales":0,"has_location":null,"update_date":"2026-02-06T00:01:13","atum_locations":[],"atum_stock_status":"outofstock","restock_status":false,"low_stock_amount":"","sales_update_date":"2026-02-06T00:01:13","calc_backorders":null,"_links":{"self":[{"href":"https:\/\/aromasentia.com\/da\/wp-json\/wp\/v2\/product\/200614","targetHints":{"allow":["GET"]}}],"collection":[{"href":"https:\/\/aromasentia.com\/da\/wp-json\/wp\/v2\/product"}],"about":[{"href":"https:\/\/aromasentia.com\/da\/wp-json\/wp\/v2\/types\/product"}],"replies":[{"embeddable":true,"href":"https:\/\/aromasentia.com\/da\/wp-json\/wp\/v2\/comments?post=200614"}],"version-history":[{"count":0,"href":"https:\/\/aromasentia.com\/da\/wp-json\/wp\/v2\/product\/200614\/revisions"}],"wp:featuredmedia":[{"embeddable":true,"href":"https:\/\/aromasentia.com\/da\/wp-json\/wp\/v2\/media\/282559"}],"wp:attachment":[{"href":"https:\/\/aromasentia.com\/da\/wp-json\/wp\/v2\/media?parent=200614"}],"wp:term":[{"taxonomy":"product_brand","embeddable":true,"href":"https:\/\/aromasentia.com\/da\/wp-json\/wp\/v2\/product_brand?post=200614"},{"taxonomy":"product_cat","embeddable":true,"href":"https:\/\/aromasentia.com\/da\/wp-json\/wp\/v2\/product_cat?post=200614"},{"taxonomy":"product_tag","embeddable":true,"href":"https:\/\/aromasentia.com\/da\/wp-json\/wp\/v2\/product_tag?post=200614"}],"curies":[{"name":"wp","href":"https:\/\/api.w.org\/{rel}","templated":true}]}}