{"id":200610,"date":"2025-03-20T16:42:55","date_gmt":"2025-03-20T16:42:55","guid":{"rendered":"https:\/\/aromasentia.com\/product\/strawberry-pavlova-red-white-bath-bomb-180g\/"},"modified":"2025-06-22T03:30:10","modified_gmt":"2025-06-22T03:30:10","slug":"strawberry-pavlova-roed-og-hvid-badebombe-180g","status":"publish","type":"product","link":"https:\/\/aromasentia.com\/da\/strawberry-pavlova-roed-og-hvid-badebombe-180g\/","title":{"rendered":"Strawberry Pavlova &#8211; R\u00f8d Og Hvid Badebombe &#8211; 180g"},"content":{"rendered":"<p>Disse Aroma Sentia-ping Just Desserts badebomber &#8211; 180 g er lige noget for alle, der leder efter en badebombe af h\u00f8j kvalitet, der b\u00e5de ser godt ud og dufter godt. Hver is\u00e6r har en l\u00e6kker duft, og disse badebomber er n\u00e6sten gode nok til at spise (men lad v\u00e6re med at g\u00f8re det).<\/p>\n<p>Hver bombe vejer hele 180 gram.<\/p>\n<p>Vi har et udvalg af fantastiske dufte at v\u00e6lge imellem, hver i sin egen karakteristiske farve.<\/p>\n","protected":false},"excerpt":{"rendered":"<p>Disse Aroma Sentia-ping Just Desserts badebomber &#8211; 180 g er lige noget for alle, der leder efter en badebombe af h\u00f8j kvalitet, der b\u00e5de ser godt ud og dufter godt. Hver is\u00e6r har en l\u00e6kker duft, og disse badebomber er n\u00e6sten gode nok til at spise (men lad v\u00e6re med at g\u00f8re det). Hver bombe [&hellip;]<\/p>\n","protected":false},"featured_media":282475,"comment_status":"closed","ping_status":"open","template":"","meta":{"_angie_page":false},"product_brand":[],"product_cat":[6994,7029,25839,26844,26519],"product_tag":[],"class_list":{"0":"post-200610","1":"product","2":"type-product","3":"status-publish","4":"has-post-thumbnail","6":"product_cat-bad-og-bruser","7":"product_cat-badebomber","8":"product_cat-dufte-aromaer","9":"product_cat-frugtagtig","10":"product_cat-jordbaer","11":"pa_collection-just-desserts-bath-bombs-180-g-da","12":"pa_made-in-storbritannien","13":"pa_size-180g","15":"first","16":"outofstock","17":"purchasable","18":"product-type-simple"},"supplier_id":null,"supplier_sku":"DSJDBB-02","barcode":null,"atum_controlled":true,"out_stock_date":"2026-04-25 15:14:56","out_stock_threshold":null,"inheritable":false,"inbound_stock":null,"stock_on_hold":0,"sold_today":0,"sales_last_days":0,"reserved_stock":null,"customer_returns":null,"warehouse_damage":null,"lost_in_post":null,"other_logs":null,"out_stock_days":0,"lost_sales":0,"has_location":null,"update_date":"2026-04-27T06:59:31","atum_locations":[],"atum_stock_status":"outofstock","restock_status":false,"low_stock_amount":"","sales_update_date":"2026-01-30T01:25:25","calc_backorders":null,"_links":{"self":[{"href":"https:\/\/aromasentia.com\/da\/wp-json\/wp\/v2\/product\/200610","targetHints":{"allow":["GET"]}}],"collection":[{"href":"https:\/\/aromasentia.com\/da\/wp-json\/wp\/v2\/product"}],"about":[{"href":"https:\/\/aromasentia.com\/da\/wp-json\/wp\/v2\/types\/product"}],"replies":[{"embeddable":true,"href":"https:\/\/aromasentia.com\/da\/wp-json\/wp\/v2\/comments?post=200610"}],"version-history":[{"count":0,"href":"https:\/\/aromasentia.com\/da\/wp-json\/wp\/v2\/product\/200610\/revisions"}],"wp:featuredmedia":[{"embeddable":true,"href":"https:\/\/aromasentia.com\/da\/wp-json\/wp\/v2\/media\/282475"}],"wp:attachment":[{"href":"https:\/\/aromasentia.com\/da\/wp-json\/wp\/v2\/media?parent=200610"}],"wp:term":[{"taxonomy":"product_brand","embeddable":true,"href":"https:\/\/aromasentia.com\/da\/wp-json\/wp\/v2\/product_brand?post=200610"},{"taxonomy":"product_cat","embeddable":true,"href":"https:\/\/aromasentia.com\/da\/wp-json\/wp\/v2\/product_cat?post=200610"},{"taxonomy":"product_tag","embeddable":true,"href":"https:\/\/aromasentia.com\/da\/wp-json\/wp\/v2\/product_tag?post=200610"}],"curies":[{"name":"wp","href":"https:\/\/api.w.org\/{rel}","templated":true}]}}