{"id":200607,"date":"2025-03-20T16:42:55","date_gmt":"2025-03-20T16:42:55","guid":{"rendered":"https:\/\/aromasentia.com\/product\/cinnamon-and-orange-bath-bombs\/"},"modified":"2025-06-22T03:30:09","modified_gmt":"2025-06-22T03:30:09","slug":"badebomber-med-kanel-og-appelsin","status":"publish","type":"product","link":"https:\/\/aromasentia.com\/da\/badebomber-med-kanel-og-appelsin\/","title":{"rendered":"Badebomber med Kanel Og Appelsin"},"content":{"rendered":"<p>Hvis du kan lide at k\u00f8be varmende dufte til de kommende kolde aftener, s\u00e5 er du kommet til den rette badebombe.<\/p>\n<p>Disse badebomber er ogs\u00e5 gode til prisen. Hver kugle vejer hele 180+ gram og indeholder sheasm\u00f8r, der g\u00f8r dem bl\u00f8dere mod din hud.<\/p>\n<p>Vi har et udvalg af fantastiske dufte at v\u00e6lge imellem, hver i sin egen karakteristiske farve.<\/p>\n<p>De leveres individuelt og sikkert indpakket i folie.<\/p>\n<p>Tilf\u00f8j dem til din butik, og dine kunder vil ikke kunne modst\u00e5 dem.<\/p>\n","protected":false},"excerpt":{"rendered":"<p>Hvis du kan lide at k\u00f8be varmende dufte til de kommende kolde aftener, s\u00e5 er du kommet til den rette badebombe. Disse badebomber er ogs\u00e5 gode til prisen. Hver kugle vejer hele 180+ gram og indeholder sheasm\u00f8r, der g\u00f8r dem bl\u00f8dere mod din hud. Vi har et udvalg af fantastiske dufte at v\u00e6lge imellem, hver [&hellip;]<\/p>\n","protected":false},"featured_media":282416,"comment_status":"closed","ping_status":"open","template":"","meta":{"_angie_page":false},"product_brand":[],"product_cat":[25972,6994,7029,26816,25839,25935,26886],"product_tag":[],"class_list":{"0":"post-200607","1":"product","2":"type-product","3":"status-publish","4":"has-post-thumbnail","6":"product_cat-appelsin","7":"product_cat-bad-og-bruser","8":"product_cat-badebomber","9":"product_cat-citrus","10":"product_cat-dufte-aromaer","11":"product_cat-kanel","12":"product_cat-krydret","13":"pa_collection-jumbo-bath-bombs-180g-da","14":"pa_made-in-storbritannien","16":"first","17":"outofstock","18":"purchasable","19":"product-type-simple"},"supplier_id":null,"supplier_sku":"DSJBB-CC1","barcode":null,"atum_controlled":true,"out_stock_date":"2026-04-25 15:14:56","out_stock_threshold":null,"inheritable":false,"inbound_stock":0,"stock_on_hold":0,"sold_today":0,"sales_last_days":0,"reserved_stock":0,"customer_returns":0,"warehouse_damage":0,"lost_in_post":0,"other_logs":0,"out_stock_days":0,"lost_sales":0,"has_location":false,"update_date":"2026-04-27T06:59:31","atum_locations":[],"atum_stock_status":"outofstock","restock_status":false,"low_stock_amount":"","sales_update_date":"2026-01-30T01:24:23","calc_backorders":null,"_links":{"self":[{"href":"https:\/\/aromasentia.com\/da\/wp-json\/wp\/v2\/product\/200607","targetHints":{"allow":["GET"]}}],"collection":[{"href":"https:\/\/aromasentia.com\/da\/wp-json\/wp\/v2\/product"}],"about":[{"href":"https:\/\/aromasentia.com\/da\/wp-json\/wp\/v2\/types\/product"}],"replies":[{"embeddable":true,"href":"https:\/\/aromasentia.com\/da\/wp-json\/wp\/v2\/comments?post=200607"}],"version-history":[{"count":0,"href":"https:\/\/aromasentia.com\/da\/wp-json\/wp\/v2\/product\/200607\/revisions"}],"wp:featuredmedia":[{"embeddable":true,"href":"https:\/\/aromasentia.com\/da\/wp-json\/wp\/v2\/media\/282416"}],"wp:attachment":[{"href":"https:\/\/aromasentia.com\/da\/wp-json\/wp\/v2\/media?parent=200607"}],"wp:term":[{"taxonomy":"product_brand","embeddable":true,"href":"https:\/\/aromasentia.com\/da\/wp-json\/wp\/v2\/product_brand?post=200607"},{"taxonomy":"product_cat","embeddable":true,"href":"https:\/\/aromasentia.com\/da\/wp-json\/wp\/v2\/product_cat?post=200607"},{"taxonomy":"product_tag","embeddable":true,"href":"https:\/\/aromasentia.com\/da\/wp-json\/wp\/v2\/product_tag?post=200607"}],"curies":[{"name":"wp","href":"https:\/\/api.w.org\/{rel}","templated":true}]}}