{"id":200594,"date":"2025-03-20T16:43:54","date_gmt":"2025-03-20T16:43:54","guid":{"rendered":"https:\/\/aromasentia.com\/product\/1x-lavender-marjoram\/"},"modified":"2025-06-22T03:30:00","modified_gmt":"2025-06-22T03:30:00","slug":"1x-lavendel-merian","status":"publish","type":"product","link":"https:\/\/aromasentia.com\/da\/1x-lavendel-merian\/","title":{"rendered":"1X Lavendel &#038; merian"},"content":{"rendered":"<p><span style=\"color: rgb(75, 80, 88);\">Hvis du leder efter en mulighed for at videres\u00e6lge brusende badebomber, s\u00e5 tag et kig p\u00e5 vores udvalg af <strong>Aroma Sentia<\/strong> <strong>\u00e6teriske olier badebomber.<\/strong><\/span><\/p>\n<p><span style=\"color: rgb(75, 80, 88);\">Disse er mindre end vores Jumbo badebomber, men lige nok til at g\u00f8re dit bad perfekt afslappende. Vi har et interessant udvalg at v\u00e6lge imellem, hver i deres egen karakteristiske farve, duft og effekt.<\/span><\/p>\n<p><span style=\"color: rgb(75, 80, 88);\">De er ogs\u00e5 god v\u00e6rdi for pengene. Hver bombe vejer 120-140 gram og indeholder blandinger af \u00e6teriske olier, der giver dig mulighed for at opleve et afslappende aromaterapibad.<\/span><\/p>\n<p><span style=\"color: rgb(141, 186, 216);\"><strong>For hver tre badebomber i samme st\u00f8rrelse, der k\u00f8bes fra et hvilket som helst sortiment, leveres ordren i en gratis gave\u00e6ske i naturlig papstil.<\/strong><\/span><\/p>\n<p><span style=\"color: rgb(141, 186, 216);\"><strong>Ingrediensliste i fuld farve inkluderet.<\/strong><\/span><\/p>\n","protected":false},"excerpt":{"rendered":"<p>Hvis du leder efter en mulighed for at videres\u00e6lge brusende badebomber, s\u00e5 tag et kig p\u00e5 vores udvalg af Aroma Sentia \u00e6teriske olier badebomber. Disse er mindre end vores Jumbo badebomber, men lige nok til at g\u00f8re dit bad perfekt afslappende. Vi har et interessant udvalg at v\u00e6lge imellem, hver i deres egen karakteristiske farve, [&hellip;]<\/p>\n","protected":false},"featured_media":283051,"comment_status":"closed","ping_status":"open","template":"","meta":[],"product_brand":[],"product_cat":[6994,26830,25839,25957,25964,26858],"product_tag":[],"class_list":{"0":"post-200594","1":"product","2":"type-product","3":"status-publish","4":"has-post-thumbnail","6":"product_cat-bad-og-bruser","7":"product_cat-blomster","8":"product_cat-dufte-aromaer","9":"product_cat-lavendel","10":"product_cat-spansk-merian","11":"product_cat-urte-aromatisk","12":"pa_made-in-storbritannien","14":"first","15":"outofstock","16":"purchasable","17":"product-type-simple"},"supplier_id":null,"supplier_sku":"EBB-01","barcode":null,"atum_controlled":true,"out_stock_date":"2025-10-09 13:11:47","out_stock_threshold":null,"inheritable":false,"inbound_stock":null,"stock_on_hold":0,"sold_today":0,"sales_last_days":0,"reserved_stock":null,"customer_returns":null,"warehouse_damage":null,"lost_in_post":null,"other_logs":null,"out_stock_days":112,"lost_sales":0,"has_location":null,"update_date":"2026-01-30T01:25:21","atum_locations":[],"atum_stock_status":"outofstock","restock_status":false,"low_stock_amount":"","sales_update_date":"2026-01-30T01:25:21","calc_backorders":null,"_links":{"self":[{"href":"https:\/\/aromasentia.com\/da\/wp-json\/wp\/v2\/product\/200594","targetHints":{"allow":["GET"]}}],"collection":[{"href":"https:\/\/aromasentia.com\/da\/wp-json\/wp\/v2\/product"}],"about":[{"href":"https:\/\/aromasentia.com\/da\/wp-json\/wp\/v2\/types\/product"}],"replies":[{"embeddable":true,"href":"https:\/\/aromasentia.com\/da\/wp-json\/wp\/v2\/comments?post=200594"}],"version-history":[{"count":0,"href":"https:\/\/aromasentia.com\/da\/wp-json\/wp\/v2\/product\/200594\/revisions"}],"wp:featuredmedia":[{"embeddable":true,"href":"https:\/\/aromasentia.com\/da\/wp-json\/wp\/v2\/media\/283051"}],"wp:attachment":[{"href":"https:\/\/aromasentia.com\/da\/wp-json\/wp\/v2\/media?parent=200594"}],"wp:term":[{"taxonomy":"product_brand","embeddable":true,"href":"https:\/\/aromasentia.com\/da\/wp-json\/wp\/v2\/product_brand?post=200594"},{"taxonomy":"product_cat","embeddable":true,"href":"https:\/\/aromasentia.com\/da\/wp-json\/wp\/v2\/product_cat?post=200594"},{"taxonomy":"product_tag","embeddable":true,"href":"https:\/\/aromasentia.com\/da\/wp-json\/wp\/v2\/product_tag?post=200594"}],"curies":[{"name":"wp","href":"https:\/\/api.w.org\/{rel}","templated":true}]}}