{"id":200589,"date":"2025-03-20T16:43:54","date_gmt":"2025-03-20T16:43:54","guid":{"rendered":"https:\/\/aromasentia.com\/product\/coconut-and-lime-solid-shampoo-120g\/"},"modified":"2025-06-22T03:29:58","modified_gmt":"2025-06-22T03:29:58","slug":"shampoo-bar-med-kokosnoed-og-lime-120g","status":"publish","type":"product","link":"https:\/\/aromasentia.com\/da\/shampoo-bar-med-kokosnoed-og-lime-120g\/","title":{"rendered":"Shampoo Bar med Kokosn\u00f8d Og Lime &#8211; 120g"},"content":{"rendered":"<p><strong>Kokos- og limeshampoo &#8211; 90 g<\/strong> &#8211; <span style=\"color: rgb(75, 80, 88);\">Denne shampoo er beriget med essensen af \u00e6terisk limeolie og kokosduft og tilbyder en eksotisk, frugtagtig aroma, der pirrer sanserne. Den er formuleret til potentielt at genfugte kedeligt eller t\u00f8rt h\u00e5r, samtidig med at den n\u00e6rer og genopretter dets naturlige glans, hvilket efterlader dig med en skinnende ren finish.<\/span><\/p>\n<p><span style=\"color: rgb(75, 80, 88);\">Vores opdaterede formel er baseret p\u00e5 arganolie og er fri for SLS, hvilket sikrer en mere berigende renseoplevelse.<\/span><\/p>\n<p><span style=\"color: rgb(75, 80, 88);\">H\u00e5ndlavet med \u00e6teriske olier og livlige farver, disse s\u00e6ber er perfekte til rejser og tilbyder bekvemmelighed uden rod.<\/span><\/p>\n<p><span style=\"color: rgb(75, 80, 88);\">Hver skive er omhyggeligt pakket ind i vokspapir, komplet med en ingrediensetiket, og vejer cirka 90g &#8211; 100g.<\/span><\/p>\n<p><span style=\"color: rgb(75, 80, 88);\"><strong>Bem\u00e6rk venligst: P\u00e5 grund af den h\u00e5ndlavede natur af vores Shampoobarer, farven kan variere en smule fra de viste billeder.<\/strong><\/span><\/p>\n","protected":false},"excerpt":{"rendered":"<p>Kokos- og limeshampoo &#8211; 90 g &#8211; Denne shampoo er beriget med essensen af \u00e6terisk limeolie og kokosduft og tilbyder en eksotisk, frugtagtig aroma, der pirrer sanserne. Den er formuleret til potentielt at genfugte kedeligt eller t\u00f8rt h\u00e5r, samtidig med at den n\u00e6rer og genopretter dets naturlige glans, hvilket efterlader dig med en skinnende ren [&hellip;]<\/p>\n","protected":false},"featured_media":283006,"comment_status":"closed","ping_status":"open","template":"","meta":{"_angie_page":false},"product_brand":[],"product_cat":[6994,26816,25839,7274,25962],"product_tag":[],"class_list":{"0":"post-200589","1":"product","2":"type-product","3":"status-publish","4":"has-post-thumbnail","6":"product_cat-bad-og-bruser","7":"product_cat-citrus","8":"product_cat-dufte-aromaer","9":"product_cat-harpleje","10":"product_cat-lime","11":"pa_collection-solid-shampoo-with-argan-base-da","12":"pa_made-in-storbritannien","13":"pa_size-100g","15":"first","16":"outofstock","17":"purchasable","18":"product-type-simple"},"supplier_id":null,"supplier_sku":"DSSolid-06","barcode":null,"atum_controlled":true,"out_stock_date":"2026-04-25 15:15:15","out_stock_threshold":null,"inheritable":false,"inbound_stock":null,"stock_on_hold":0,"sold_today":0,"sales_last_days":0,"reserved_stock":null,"customer_returns":null,"warehouse_damage":null,"lost_in_post":null,"other_logs":null,"out_stock_days":0,"lost_sales":0,"has_location":null,"update_date":"2026-04-27T06:59:51","atum_locations":[],"atum_stock_status":"outofstock","restock_status":false,"low_stock_amount":"","sales_update_date":"2025-10-09T03:29:20","calc_backorders":null,"_links":{"self":[{"href":"https:\/\/aromasentia.com\/da\/wp-json\/wp\/v2\/product\/200589","targetHints":{"allow":["GET"]}}],"collection":[{"href":"https:\/\/aromasentia.com\/da\/wp-json\/wp\/v2\/product"}],"about":[{"href":"https:\/\/aromasentia.com\/da\/wp-json\/wp\/v2\/types\/product"}],"replies":[{"embeddable":true,"href":"https:\/\/aromasentia.com\/da\/wp-json\/wp\/v2\/comments?post=200589"}],"version-history":[{"count":0,"href":"https:\/\/aromasentia.com\/da\/wp-json\/wp\/v2\/product\/200589\/revisions"}],"wp:featuredmedia":[{"embeddable":true,"href":"https:\/\/aromasentia.com\/da\/wp-json\/wp\/v2\/media\/283006"}],"wp:attachment":[{"href":"https:\/\/aromasentia.com\/da\/wp-json\/wp\/v2\/media?parent=200589"}],"wp:term":[{"taxonomy":"product_brand","embeddable":true,"href":"https:\/\/aromasentia.com\/da\/wp-json\/wp\/v2\/product_brand?post=200589"},{"taxonomy":"product_cat","embeddable":true,"href":"https:\/\/aromasentia.com\/da\/wp-json\/wp\/v2\/product_cat?post=200589"},{"taxonomy":"product_tag","embeddable":true,"href":"https:\/\/aromasentia.com\/da\/wp-json\/wp\/v2\/product_tag?post=200589"}],"curies":[{"name":"wp","href":"https:\/\/api.w.org\/{rel}","templated":true}]}}