{"id":200587,"date":"2025-03-20T16:43:54","date_gmt":"2025-03-20T16:43:54","guid":{"rendered":"https:\/\/aromasentia.com\/product\/chamomile-lemon-solid-shampoo-120g\/"},"modified":"2025-06-22T03:29:57","modified_gmt":"2025-06-22T03:29:57","slug":"kamille-citron-shampoo-bar-120g","status":"publish","type":"product","link":"https:\/\/aromasentia.com\/da\/kamille-citron-shampoo-bar-120g\/","title":{"rendered":"Kamille &#038; Citron Shampoo Bar &#8211; 120g"},"content":{"rendered":"<p style=\"text-align: left;\"><strong><span style=\"color: rgb(75, 80, 88);\">Kamille &#038; Citron Solid Shampoo &#8211; 90g<\/span><\/strong><span style=\"color: rgb(75, 80, 88);\"> &#8211; Denne shampoo er fremstillet med essensen af kamille og \u00e6terisk citronolie og har en forfriskende duft, der er specielt designet til blondt og stribet h\u00e5r. Den har til form\u00e5l at forbedre farven og glansen i dit h\u00e5r og efterlade det levende og str\u00e5lende.<\/span><\/p>\n<p style=\"text-align: left;\"><span style=\"color: rgb(75, 80, 88);\">Vores opdaterede formel er baseret p\u00e5 arganolie og er fri for SLS, hvilket sikrer en mere berigende renseoplevelse.<\/span><\/p>\n<p style=\"text-align: left;\"><span style=\"color: rgb(75, 80, 88);\">Disse s\u00e6ber er h\u00e5ndlavede med \u00e6teriske olier og livlige farver og er perfekte til rejser, da de tilbyder bekvemmelighed uden rod.<\/span><\/p>\n<p style=\"text-align: left;\"><span style=\"color: rgb(75, 80, 88);\">Hver skive er omhyggeligt pakket ind i vokspapir, komplet med en ingrediensetiket og vejer cirka 115 g.<\/span><\/p>\n<p style=\"text-align: left;\"><span style=\"color: rgb(75, 80, 88);\"><strong>Bem\u00e6rk venligst: Da vores shampoobarer er h\u00e5ndlavede, kan farven variere en smule fra de viste billeder.<\/strong><\/span><strong><span style=\"color: rgb(75, 80, 88);\">&nbsp;<\/span><\/strong><\/p>\n","protected":false},"excerpt":{"rendered":"<p>Kamille &#038; Citron Solid Shampoo &#8211; 90g &#8211; Denne shampoo er fremstillet med essensen af kamille og \u00e6terisk citronolie og har en forfriskende duft, der er specielt designet til blondt og stribet h\u00e5r. Den har til form\u00e5l at forbedre farven og glansen i dit h\u00e5r og efterlade det levende og str\u00e5lende. Vores opdaterede formel er [&hellip;]<\/p>\n","protected":false},"featured_media":282988,"comment_status":"closed","ping_status":"open","template":"","meta":{"_angie_page":false},"product_brand":[],"product_cat":[6994,26830,25958,26816,25839,7274,25934],"product_tag":[],"class_list":{"0":"post-200587","1":"product","2":"type-product","3":"status-publish","4":"has-post-thumbnail","6":"product_cat-bad-og-bruser","7":"product_cat-blomster","8":"product_cat-citron","9":"product_cat-citrus","10":"product_cat-dufte-aromaer","11":"product_cat-harpleje","12":"product_cat-romersk-kamille","13":"pa_collection-solid-shampoo-with-argan-base-da","14":"pa_made-in-storbritannien","15":"pa_size-100g","17":"first","18":"outofstock","19":"purchasable","20":"product-type-simple"},"supplier_id":null,"supplier_sku":"DSSolid-04","barcode":null,"atum_controlled":true,"out_stock_date":"2026-04-25 15:15:12","out_stock_threshold":null,"inheritable":false,"inbound_stock":null,"stock_on_hold":0,"sold_today":0,"sales_last_days":0,"reserved_stock":null,"customer_returns":null,"warehouse_damage":null,"lost_in_post":null,"other_logs":null,"out_stock_days":0,"lost_sales":0,"has_location":null,"update_date":"2026-04-29T06:54:08","atum_locations":[],"atum_stock_status":"outofstock","restock_status":false,"low_stock_amount":"","sales_update_date":"2025-10-09T03:29:20","calc_backorders":null,"_links":{"self":[{"href":"https:\/\/aromasentia.com\/da\/wp-json\/wp\/v2\/product\/200587","targetHints":{"allow":["GET"]}}],"collection":[{"href":"https:\/\/aromasentia.com\/da\/wp-json\/wp\/v2\/product"}],"about":[{"href":"https:\/\/aromasentia.com\/da\/wp-json\/wp\/v2\/types\/product"}],"replies":[{"embeddable":true,"href":"https:\/\/aromasentia.com\/da\/wp-json\/wp\/v2\/comments?post=200587"}],"version-history":[{"count":0,"href":"https:\/\/aromasentia.com\/da\/wp-json\/wp\/v2\/product\/200587\/revisions"}],"wp:featuredmedia":[{"embeddable":true,"href":"https:\/\/aromasentia.com\/da\/wp-json\/wp\/v2\/media\/282988"}],"wp:attachment":[{"href":"https:\/\/aromasentia.com\/da\/wp-json\/wp\/v2\/media?parent=200587"}],"wp:term":[{"taxonomy":"product_brand","embeddable":true,"href":"https:\/\/aromasentia.com\/da\/wp-json\/wp\/v2\/product_brand?post=200587"},{"taxonomy":"product_cat","embeddable":true,"href":"https:\/\/aromasentia.com\/da\/wp-json\/wp\/v2\/product_cat?post=200587"},{"taxonomy":"product_tag","embeddable":true,"href":"https:\/\/aromasentia.com\/da\/wp-json\/wp\/v2\/product_tag?post=200587"}],"curies":[{"name":"wp","href":"https:\/\/api.w.org\/{rel}","templated":true}]}}