{"id":200577,"date":"2025-03-20T16:45:23","date_gmt":"2025-03-20T16:45:23","guid":{"rendered":"https:\/\/aromasentia.com\/product\/egyptian-luxury-whole-loofah-compressed-23cm\/"},"modified":"2025-06-22T03:29:50","modified_gmt":"2025-06-22T03:29:50","slug":"egyptisk-luksusloofah-komprimeret-23-cm","status":"publish","type":"product","link":"https:\/\/aromasentia.com\/da\/egyptisk-luksusloofah-komprimeret-23-cm\/","title":{"rendered":"Egyptisk Luksusloofah &#8211; Komprimeret &#8211; 23 cm"},"content":{"rendered":"<p><span style=\"color: rgb(75, 80, 88);\"><strong>Egyptiske luksusloofahs<\/strong> er et fantastisk eksfolieringsv\u00e6rkt\u00f8j og et supplement til din hjemmelavede s\u00e6bebehandling. En loofah er en fiberholdig fr\u00f8kapsel fra en plante. Luffa-planten er en agurk, en gruppe planter, der inkluderer gr\u00e6skar, gr\u00e6skar og agurker. Den vokser som en blomstrende et\u00e5rig slyngplante. De best\u00f8vede blomster danner cylindriske gr\u00f8nne frugter, der til sidst udvikler sig til en fr\u00f8kapsel fyldt med mange sammenflettede cellulosefibre.<\/span><\/p>\n<p><span style=\"color: rgb(75, 80, 88);\">Loofahs bliver, n\u00e5r de er fuldt modne, rimelig h\u00e5rdf\u00f8re. Det g\u00f8r dem perfekte til eksfoliering, reng\u00f8ring af h\u00e5rde overflader og endda maling! Deres subtile, men faste konsistens g\u00f8r dem til et vidunderligt supplement til s\u00e6befremstilling. Ved at tilf\u00f8je en <strong>egyptisk loofah til din s\u00e6be<\/strong> giver du den ekstra karakter og introducerer flere egenskaber til dine kreationer. Perfekt til brug i brusebad og badekar. P\u00e5 grund af dens unikke fibre er en loofah fantastisk til at skrubbe din krop og efterlader din hud smukt glat. <strong>Du kan sk\u00e6re den i sm\u00e5 stykker efter behov.<\/strong><\/span><\/p>\n<p><span style=\"color: rgb(75, 80, 88);\">Brug som bodyscrub: Fugt loofah og tils\u00e6t din yndlingss\u00e6be eller showergel, og skrub derefter blidt over hele kroppen.<\/span><\/p>\n","protected":false},"excerpt":{"rendered":"<p>Egyptiske luksusloofahs er et fantastisk eksfolieringsv\u00e6rkt\u00f8j og et supplement til din hjemmelavede s\u00e6bebehandling. En loofah er en fiberholdig fr\u00f8kapsel fra en plante. Luffa-planten er en agurk, en gruppe planter, der inkluderer gr\u00e6skar, gr\u00e6skar og agurker. Den vokser som en blomstrende et\u00e5rig slyngplante. De best\u00f8vede blomster danner cylindriske gr\u00f8nne frugter, der til sidst udvikler sig til [&hellip;]<\/p>\n","protected":false},"featured_media":283457,"comment_status":"closed","ping_status":"open","template":"","meta":[],"product_brand":[],"product_cat":[6994],"product_tag":[],"class_list":{"0":"post-200577","1":"product","2":"type-product","3":"status-publish","4":"has-post-thumbnail","6":"product_cat-bad-og-bruser","7":"pa_collection-egyptian-luxury-loofah-da","8":"pa_made-in-egypten","10":"first","11":"outofstock","12":"purchasable","13":"product-type-simple"},"supplier_id":null,"supplier_sku":"ELLoofah-04","barcode":null,"atum_controlled":true,"out_stock_date":"2025-10-08 13:15:53","out_stock_threshold":null,"inheritable":false,"inbound_stock":null,"stock_on_hold":0,"sold_today":0,"sales_last_days":0,"reserved_stock":null,"customer_returns":null,"warehouse_damage":null,"lost_in_post":null,"other_logs":null,"out_stock_days":120,"lost_sales":0,"has_location":null,"update_date":"2026-02-06T00:01:02","atum_locations":[],"atum_stock_status":"outofstock","restock_status":false,"low_stock_amount":"","sales_update_date":"2026-02-06T00:01:02","calc_backorders":null,"_links":{"self":[{"href":"https:\/\/aromasentia.com\/da\/wp-json\/wp\/v2\/product\/200577","targetHints":{"allow":["GET"]}}],"collection":[{"href":"https:\/\/aromasentia.com\/da\/wp-json\/wp\/v2\/product"}],"about":[{"href":"https:\/\/aromasentia.com\/da\/wp-json\/wp\/v2\/types\/product"}],"replies":[{"embeddable":true,"href":"https:\/\/aromasentia.com\/da\/wp-json\/wp\/v2\/comments?post=200577"}],"version-history":[{"count":0,"href":"https:\/\/aromasentia.com\/da\/wp-json\/wp\/v2\/product\/200577\/revisions"}],"wp:featuredmedia":[{"embeddable":true,"href":"https:\/\/aromasentia.com\/da\/wp-json\/wp\/v2\/media\/283457"}],"wp:attachment":[{"href":"https:\/\/aromasentia.com\/da\/wp-json\/wp\/v2\/media?parent=200577"}],"wp:term":[{"taxonomy":"product_brand","embeddable":true,"href":"https:\/\/aromasentia.com\/da\/wp-json\/wp\/v2\/product_brand?post=200577"},{"taxonomy":"product_cat","embeddable":true,"href":"https:\/\/aromasentia.com\/da\/wp-json\/wp\/v2\/product_cat?post=200577"},{"taxonomy":"product_tag","embeddable":true,"href":"https:\/\/aromasentia.com\/da\/wp-json\/wp\/v2\/product_tag?post=200577"}],"curies":[{"name":"wp","href":"https:\/\/api.w.org\/{rel}","templated":true}]}}