{"id":200571,"date":"2025-03-20T16:45:23","date_gmt":"2025-03-20T16:45:23","guid":{"rendered":"https:\/\/aromasentia.com\/product\/enchanting-heart-heaven\/"},"modified":"2025-06-22T03:29:48","modified_gmt":"2025-06-22T03:29:48","slug":"fortryllende-hjertehimmel","status":"publish","type":"product","link":"https:\/\/aromasentia.com\/da\/fortryllende-hjertehimmel\/","title":{"rendered":"Fortryllende Hjertehimmel"},"content":{"rendered":"<p><span style=\"color: rgb(75, 80, 88);\">Vi pr\u00e6senterer <strong>&#8220;Enchanting Heart Heaven&#8221; aromaterapis\u00e6ttet \u2013 et absolut must-have til bad og selvpleje!<\/strong><\/span><\/p>\n<p><span style=\"color: rgb(75, 80, 88);\">Fork\u00e6l dine kunder med en guddommelig oplevelse med <strong>Muskatellsalvie og Eneb\u00e6rbadebombe, Himalaya-badesalt og Lavendelblade.<\/span><\/p>\n<p><span style=\"color: rgb(75, 80, 88);\">H\u00e5ndlavet i Storbritannien, hvert s\u00e6t er et bevis p\u00e5 kvalitet, luksus og engagement i milj\u00f8forvaltning.<\/span><\/p>\n<p><span style=\"color: rgb(75, 80, 88);\">Tilbyd dine kunder en rejse gennem rolige dufte og beroligende bade, hvor hvert element er et skridt mod sindsro.<\/span><\/p>\n<p><span style=\"color: rgb(75, 80, 88);\">Badebombens v\u00e6gt: ca. 0,140 kg<\/span><\/p>\n<p><span style=\"color: rgb(75, 80, 88);\">Himalaya-saltets v\u00e6gt: ca. 0,050 kg<\/span><\/p>\n<p><span style=\"color: rgb(75, 80, 88);\">Blomsterbladenes v\u00e6gt: ca. 0,005 kg<\/span><\/p>\n","protected":false},"excerpt":{"rendered":"<p>Vi pr\u00e6senterer &#8220;Enchanting Heart Heaven&#8221; aromaterapis\u00e6ttet \u2013 et absolut must-have til bad og selvpleje! Fork\u00e6l dine kunder med en guddommelig oplevelse med Muskatellsalvie og Eneb\u00e6rbadebombe, Himalaya-badesalt og Lavendelblade. H\u00e5ndlavet i Storbritannien, hvert s\u00e6t er et bevis p\u00e5 kvalitet, luksus og engagement i milj\u00f8forvaltning. Tilbyd dine kunder en rejse gennem rolige dufte og beroligende bade, hvor [&hellip;]<\/p>\n","protected":false},"featured_media":283259,"comment_status":"closed","ping_status":"open","template":"","meta":[],"product_brand":[],"product_cat":[6994],"product_tag":[],"class_list":{"0":"post-200571","1":"product","2":"type-product","3":"status-publish","4":"has-post-thumbnail","6":"product_cat-bad-og-bruser","7":"pa_collection-aromatherapy-set-bath-bomb-himalayan-baths-salt-and-flowers-da","8":"pa_made-in-storbritannien","10":"first","11":"outofstock","12":"purchasable","13":"product-type-simple"},"supplier_id":null,"supplier_sku":"EBBS-03","barcode":null,"atum_controlled":true,"out_stock_date":"2026-01-26 01:09:54","out_stock_threshold":null,"inheritable":false,"inbound_stock":null,"stock_on_hold":0,"sold_today":0,"sales_last_days":0,"reserved_stock":null,"customer_returns":null,"warehouse_damage":null,"lost_in_post":null,"other_logs":null,"out_stock_days":10,"lost_sales":0,"has_location":null,"update_date":"2026-02-06T00:02:17","atum_locations":[],"atum_stock_status":"outofstock","restock_status":false,"low_stock_amount":"","sales_update_date":"2026-02-06T00:02:17","calc_backorders":null,"_links":{"self":[{"href":"https:\/\/aromasentia.com\/da\/wp-json\/wp\/v2\/product\/200571","targetHints":{"allow":["GET"]}}],"collection":[{"href":"https:\/\/aromasentia.com\/da\/wp-json\/wp\/v2\/product"}],"about":[{"href":"https:\/\/aromasentia.com\/da\/wp-json\/wp\/v2\/types\/product"}],"replies":[{"embeddable":true,"href":"https:\/\/aromasentia.com\/da\/wp-json\/wp\/v2\/comments?post=200571"}],"version-history":[{"count":0,"href":"https:\/\/aromasentia.com\/da\/wp-json\/wp\/v2\/product\/200571\/revisions"}],"wp:featuredmedia":[{"embeddable":true,"href":"https:\/\/aromasentia.com\/da\/wp-json\/wp\/v2\/media\/283259"}],"wp:attachment":[{"href":"https:\/\/aromasentia.com\/da\/wp-json\/wp\/v2\/media?parent=200571"}],"wp:term":[{"taxonomy":"product_brand","embeddable":true,"href":"https:\/\/aromasentia.com\/da\/wp-json\/wp\/v2\/product_brand?post=200571"},{"taxonomy":"product_cat","embeddable":true,"href":"https:\/\/aromasentia.com\/da\/wp-json\/wp\/v2\/product_cat?post=200571"},{"taxonomy":"product_tag","embeddable":true,"href":"https:\/\/aromasentia.com\/da\/wp-json\/wp\/v2\/product_tag?post=200571"}],"curies":[{"name":"wp","href":"https:\/\/api.w.org\/{rel}","templated":true}]}}