{"id":200569,"date":"2025-03-20T16:45:23","date_gmt":"2025-03-20T16:45:23","guid":{"rendered":"https:\/\/aromasentia.com\/product\/bold-fine-fragrance-perfume-oil-10ml\/"},"modified":"2025-06-22T03:29:47","modified_gmt":"2025-06-22T03:29:47","slug":"bold-fine-duft-parfume-olie-10ml","status":"publish","type":"product","link":"https:\/\/aromasentia.com\/da\/bold-fine-duft-parfume-olie-10ml\/","title":{"rendered":"Bold Fine Duft Parfume Olie 10ml"},"content":{"rendered":"<p><span style=\"color: rgb(75, 80, 88);\">Bold Fine Fragrance Parfume Oil Roll-on, et 10 ml udbrud af uforbeholden selvtillid! L\u00f8ft din butiks charme med disse f\u00e6ngslende dufte.<\/span><\/p>\n<p><span style=\"color: rgb(75, 80, 88);\">Hver 10 ml roll-on er en portal til en verden, hvor dristighed og charme flettes sammen i hver dr\u00e5be. Disse dufte er mere end bare dufte; de er hvisken af individualitet og empowerment.<\/span><\/p>\n<p><span style=\"color: rgb(75, 80, 88);\">L\u00f8ft din butiks tilbud op og forf\u00f8r dine kunder med den f\u00e6ngslende charme fra Bold Fine Fragrance Perfume Oil Roll-on.<\/span><\/p>\n<p><span style=\"color: rgb(75, 80, 88);\">Duftprofil:<\/span><\/p>\n<p><span style=\"color: rgb(75, 80, 88);\"><strong>Topnoter: \u2013 Grapefrugt, blodappelsin, mandarin, citrus, mynte, muskatn\u00f8d, kardemomme, nellike, viol, frugt<\/strong><\/span><\/p>\n<p><span style=\"color: rgb(75, 80, 88);\"><strong>Hjertenoter: \u2013 lilje, rose gardenia, freesia, jasmin, appelsinblomst<\/strong><\/span><\/p>\n<p><strong><span style=\"color: rgb(75, 80, 88);\">Basenoter: \u2013 cedertr\u00e6, sandeltr\u00e6, rav, tonka, vanilje, moskus<\/span><\/strong><\/p>\n","protected":false},"excerpt":{"rendered":"<p>Bold Fine Fragrance Parfume Oil Roll-on, et 10 ml udbrud af uforbeholden selvtillid! L\u00f8ft din butiks charme med disse f\u00e6ngslende dufte. Hver 10 ml roll-on er en portal til en verden, hvor dristighed og charme flettes sammen i hver dr\u00e5be. Disse dufte er mere end bare dufte; de er hvisken af individualitet og empowerment. L\u00f8ft [&hellip;]<\/p>\n","protected":false},"featured_media":283581,"comment_status":"closed","ping_status":"open","template":"","meta":[],"product_brand":[],"product_cat":[6994],"product_tag":[],"class_list":{"0":"post-200569","1":"product","2":"type-product","3":"status-publish","4":"has-post-thumbnail","6":"product_cat-bad-og-bruser","7":"pa_collection-fine-fragrance-perfume-oil-roll-ons-da","8":"pa_made-in-storbritannien","9":"pa_size-10ml","11":"first","12":"instock","13":"purchasable","14":"product-type-simple"},"supplier_id":null,"supplier_sku":"FFPO-16","barcode":null,"atum_controlled":true,"out_stock_date":null,"out_stock_threshold":null,"inheritable":false,"inbound_stock":null,"stock_on_hold":0,"sold_today":0,"sales_last_days":0,"reserved_stock":null,"customer_returns":null,"warehouse_damage":null,"lost_in_post":null,"other_logs":null,"out_stock_days":0,"lost_sales":0,"has_location":null,"update_date":"2026-02-09T14:55:20","atum_locations":[],"atum_stock_status":"instock","restock_status":false,"low_stock_amount":"","sales_update_date":"2025-09-05T00:19:04","calc_backorders":null,"_links":{"self":[{"href":"https:\/\/aromasentia.com\/da\/wp-json\/wp\/v2\/product\/200569","targetHints":{"allow":["GET"]}}],"collection":[{"href":"https:\/\/aromasentia.com\/da\/wp-json\/wp\/v2\/product"}],"about":[{"href":"https:\/\/aromasentia.com\/da\/wp-json\/wp\/v2\/types\/product"}],"replies":[{"embeddable":true,"href":"https:\/\/aromasentia.com\/da\/wp-json\/wp\/v2\/comments?post=200569"}],"version-history":[{"count":0,"href":"https:\/\/aromasentia.com\/da\/wp-json\/wp\/v2\/product\/200569\/revisions"}],"wp:featuredmedia":[{"embeddable":true,"href":"https:\/\/aromasentia.com\/da\/wp-json\/wp\/v2\/media\/283581"}],"wp:attachment":[{"href":"https:\/\/aromasentia.com\/da\/wp-json\/wp\/v2\/media?parent=200569"}],"wp:term":[{"taxonomy":"product_brand","embeddable":true,"href":"https:\/\/aromasentia.com\/da\/wp-json\/wp\/v2\/product_brand?post=200569"},{"taxonomy":"product_cat","embeddable":true,"href":"https:\/\/aromasentia.com\/da\/wp-json\/wp\/v2\/product_cat?post=200569"},{"taxonomy":"product_tag","embeddable":true,"href":"https:\/\/aromasentia.com\/da\/wp-json\/wp\/v2\/product_tag?post=200569"}],"curies":[{"name":"wp","href":"https:\/\/api.w.org\/{rel}","templated":true}]}}