{"id":200565,"date":"2025-03-20T16:45:23","date_gmt":"2025-03-20T16:45:23","guid":{"rendered":"https:\/\/aromasentia.com\/product\/christmas-bath-bomb-holly-berry-mistletoe\/"},"modified":"2025-06-22T03:29:46","modified_gmt":"2025-06-22T03:29:46","slug":"julebadebombe-holly-berry-mistletoe","status":"publish","type":"product","link":"https:\/\/aromasentia.com\/da\/julebadebombe-holly-berry-mistletoe\/","title":{"rendered":"Julebadebombe &#8211; Holly Berry &#038; mistletoe"},"content":{"rendered":"<p>Vi har et stort udvalg, du kan v\u00e6lge imellem, som alle er dejligt duftende og overd\u00e5digt dekoreret. De er ideelle at give som gave eller bare k\u00f8be som en lille godbid &#8211; b\u00e5de b\u00f8rn og voksne ELSKER dem!<\/p>\n<p>Hver variant har sin egen unikke duft og farve, der f\u00e5r badet til at dufte vidunderligt. Badeprodukter er altid en stor succes, hvem elsker ikke et godt bad?!<\/p>\n<p>Med vores fantastiske designs og dufte vil dine kunder ikke kunne modst\u00e5&#8230;<\/p>\n","protected":false},"excerpt":{"rendered":"<p>Vi har et stort udvalg, du kan v\u00e6lge imellem, som alle er dejligt duftende og overd\u00e5digt dekoreret. De er ideelle at give som gave eller bare k\u00f8be som en lille godbid &#8211; b\u00e5de b\u00f8rn og voksne ELSKER dem! Hver variant har sin egen unikke duft og farve, der f\u00e5r badet til at dufte vidunderligt. Badeprodukter [&hellip;]<\/p>\n","protected":false},"featured_media":283537,"comment_status":"closed","ping_status":"open","template":"","meta":{"_angie_page":false},"product_brand":[],"product_cat":[6994,7029,27378],"product_tag":[],"class_list":{"0":"post-200565","1":"product","2":"type-product","3":"status-publish","4":"has-post-thumbnail","6":"product_cat-bad-og-bruser","7":"product_cat-badebomber","8":"product_cat-juledufte","9":"pa_collection-funky-bath-bombs-180g-individually-shrink-wrapped-da","10":"pa_made-in-storbritannien","12":"first","13":"instock","14":"purchasable","15":"product-type-simple"},"supplier_id":null,"supplier_sku":"FBB-08","barcode":null,"atum_controlled":true,"out_stock_date":null,"out_stock_threshold":null,"inheritable":false,"inbound_stock":null,"stock_on_hold":0,"sold_today":0,"sales_last_days":0,"reserved_stock":null,"customer_returns":null,"warehouse_damage":null,"lost_in_post":null,"other_logs":null,"out_stock_days":0,"lost_sales":0,"has_location":null,"update_date":"2026-05-08T05:08:29","atum_locations":[],"atum_stock_status":"instock","restock_status":false,"low_stock_amount":"","sales_update_date":"2026-01-30T01:26:36","calc_backorders":null,"_links":{"self":[{"href":"https:\/\/aromasentia.com\/da\/wp-json\/wp\/v2\/product\/200565","targetHints":{"allow":["GET"]}}],"collection":[{"href":"https:\/\/aromasentia.com\/da\/wp-json\/wp\/v2\/product"}],"about":[{"href":"https:\/\/aromasentia.com\/da\/wp-json\/wp\/v2\/types\/product"}],"replies":[{"embeddable":true,"href":"https:\/\/aromasentia.com\/da\/wp-json\/wp\/v2\/comments?post=200565"}],"version-history":[{"count":0,"href":"https:\/\/aromasentia.com\/da\/wp-json\/wp\/v2\/product\/200565\/revisions"}],"wp:featuredmedia":[{"embeddable":true,"href":"https:\/\/aromasentia.com\/da\/wp-json\/wp\/v2\/media\/283537"}],"wp:attachment":[{"href":"https:\/\/aromasentia.com\/da\/wp-json\/wp\/v2\/media?parent=200565"}],"wp:term":[{"taxonomy":"product_brand","embeddable":true,"href":"https:\/\/aromasentia.com\/da\/wp-json\/wp\/v2\/product_brand?post=200565"},{"taxonomy":"product_cat","embeddable":true,"href":"https:\/\/aromasentia.com\/da\/wp-json\/wp\/v2\/product_cat?post=200565"},{"taxonomy":"product_tag","embeddable":true,"href":"https:\/\/aromasentia.com\/da\/wp-json\/wp\/v2\/product_tag?post=200565"}],"curies":[{"name":"wp","href":"https:\/\/api.w.org\/{rel}","templated":true}]}}