{"id":200539,"date":"2025-03-20T16:47:59","date_gmt":"2025-03-20T16:47:59","guid":{"rendered":"https:\/\/aromasentia.com\/product\/fragranced-sugar-body-scrub-strawberry-rum-300g\/"},"modified":"2025-06-22T03:29:30","modified_gmt":"2025-06-22T03:29:30","slug":"duftende-sukkerbodyscrub-strawberry-rum-300g","status":"publish","type":"product","link":"https:\/\/aromasentia.com\/da\/duftende-sukkerbodyscrub-strawberry-rum-300g\/","title":{"rendered":"Duftende Sukkerbodyscrub &#8211; Strawberry Rum 300g"},"content":{"rendered":"<p><span style=\"color: rgb(75, 80, 88);\">Det er fantastisk, men sandt&#8230; nu kan dine kunder f\u00e5 en luksuri\u00f8s sukkerpeeling, der minder dem om deres yndlingscocktail &#8211; <strong>Jordb\u00e6rrom.<\/strong><\/span><\/p>\n<p><span style=\"color: rgb(75, 80, 88);\">Cocktail Sugar Body Scrub er et af de bedste naturlige sk\u00f8nhedsprodukter til at eksfoliere huden. Med vidunderlige dufte og tils\u00e6tning af sheasm\u00f8r opl\u00f8fter de sanserne og beroliger huden. Dine kunder kan bruge dem hele \u00e5ret rundt for en bl\u00f8d og str\u00e5lende hud.<\/span><\/p>\n<p><span style=\"color: rgb(75, 80, 88);\"><strong>Cocktail Sugar Body Scrubs<\/strong> med deres cremede tekstur eksfolierer blidt, fremmer blodcirkulationen og fjerner d\u00f8de hudceller ved at skrubbe dem v\u00e6k. De hj\u00e6lper med at fjerne alle urenheder og efterlader huden med en fornyet og frisk f\u00f8lelse. AW sukker-bodyscrubs er den perfekte m\u00e5de at fork\u00e6le sig selv p\u00e5.<\/span><\/p>\n<p><span style=\"color: rgb(75, 80, 88);\"><br \/><\/span><\/p>\n<p><span style=\"color: rgb(75, 80, 88);\"><strong>S\u00e5dan bruges den:<\/strong> Fordel en rigelig m\u00e6ngde p\u00e5 huden, v\u00e5d eller t\u00f8r! Mass\u00e9r hudens overflade med cirkul\u00e6re bev\u00e6gelser. Skyl med varmt vand. Dup t\u00f8r og p\u00e5f\u00f8r din yndlingsfugtighedscreme. Brug en eller to gange om ugen. Opbevar den et k\u00f8ligt og t\u00f8rt sted.<\/span><\/p>\n<p><span style=\"color: rgb(75, 80, 88);\"><em>* Vegansk * Ikke testet p\u00e5 dyr * Velegnet til alle hudtyper * H\u00e5ndlavet * Lavet i Storbritannien *<\/em><\/span><\/p>\n<p><span style=\"color: rgb(75, 80, 88);\"><strong>Skrubb dig nu og f\u00e5 en sund fortjeneste! Bestil i dag.<\/p>\n","protected":false},"excerpt":{"rendered":"<p>Det er fantastisk, men sandt&#8230; nu kan dine kunder f\u00e5 en luksuri\u00f8s sukkerpeeling, der minder dem om deres yndlingscocktail &#8211; Jordb\u00e6rrom. Cocktail Sugar Body Scrub er et af de bedste naturlige sk\u00f8nhedsprodukter til at eksfoliere huden. Med vidunderlige dufte og tils\u00e6tning af sheasm\u00f8r opl\u00f8fter de sanserne og beroliger huden. Dine kunder kan bruge dem hele [&hellip;]<\/p>\n","protected":false},"featured_media":284228,"comment_status":"closed","ping_status":"open","template":"","meta":{"_angie_page":false},"product_brand":[],"product_cat":[6994,25839,26844,26519,7139],"product_tag":[],"class_list":{"0":"post-200539","1":"product","2":"type-product","3":"status-publish","4":"has-post-thumbnail","6":"product_cat-bad-og-bruser","7":"product_cat-dufte-aromaer","8":"product_cat-frugtagtig","9":"product_cat-jordbaer","10":"product_cat-kropspleje","11":"pa_collection-fragranced-sugar-body-scrub-da","12":"pa_made-in-storbritannien","13":"pa_size-300g","15":"first","16":"instock","17":"purchasable","18":"product-type-simple"},"supplier_id":null,"supplier_sku":"FSBS-06","barcode":null,"atum_controlled":true,"out_stock_date":null,"out_stock_threshold":null,"inheritable":false,"inbound_stock":null,"stock_on_hold":0,"sold_today":0,"sales_last_days":0,"reserved_stock":null,"customer_returns":null,"warehouse_damage":null,"lost_in_post":null,"other_logs":null,"out_stock_days":0,"lost_sales":0,"has_location":null,"update_date":"2026-04-27T07:04:52","atum_locations":[],"atum_stock_status":"instock","restock_status":false,"low_stock_amount":"","sales_update_date":"2025-09-05T00:19:11","calc_backorders":null,"_links":{"self":[{"href":"https:\/\/aromasentia.com\/da\/wp-json\/wp\/v2\/product\/200539","targetHints":{"allow":["GET"]}}],"collection":[{"href":"https:\/\/aromasentia.com\/da\/wp-json\/wp\/v2\/product"}],"about":[{"href":"https:\/\/aromasentia.com\/da\/wp-json\/wp\/v2\/types\/product"}],"replies":[{"embeddable":true,"href":"https:\/\/aromasentia.com\/da\/wp-json\/wp\/v2\/comments?post=200539"}],"version-history":[{"count":0,"href":"https:\/\/aromasentia.com\/da\/wp-json\/wp\/v2\/product\/200539\/revisions"}],"wp:featuredmedia":[{"embeddable":true,"href":"https:\/\/aromasentia.com\/da\/wp-json\/wp\/v2\/media\/284228"}],"wp:attachment":[{"href":"https:\/\/aromasentia.com\/da\/wp-json\/wp\/v2\/media?parent=200539"}],"wp:term":[{"taxonomy":"product_brand","embeddable":true,"href":"https:\/\/aromasentia.com\/da\/wp-json\/wp\/v2\/product_brand?post=200539"},{"taxonomy":"product_cat","embeddable":true,"href":"https:\/\/aromasentia.com\/da\/wp-json\/wp\/v2\/product_cat?post=200539"},{"taxonomy":"product_tag","embeddable":true,"href":"https:\/\/aromasentia.com\/da\/wp-json\/wp\/v2\/product_tag?post=200539"}],"curies":[{"name":"wp","href":"https:\/\/api.w.org\/{rel}","templated":true}]}}