{"id":200538,"date":"2025-03-20T16:47:59","date_gmt":"2025-03-20T16:47:59","guid":{"rendered":"https:\/\/aromasentia.com\/product\/ginger-orange-hand-body-wash-300ml\/"},"modified":"2025-06-22T03:29:30","modified_gmt":"2025-06-22T03:29:30","slug":"ginger-orange-hand-body-wash-300ml","status":"publish","type":"product","link":"https:\/\/aromasentia.com\/da\/ginger-orange-hand-body-wash-300ml\/","title":{"rendered":"ginger &#038; Orange Hand &#038; Body Wash 300ml"},"content":{"rendered":"<p><strong>Ginger &amp; Orange Hand &amp; Body Wash<\/strong> er et forfriskende og opkvikkende produkt, der er designet til at rense og pleje huden, samtidig med at det giver en energigivende og opl\u00f8ftende oplevelse.<\/p>\n<p>Ingef\u00e6ren giver en varm og krydret duft, der er b\u00e5de energigivende og opkvikkende. Den bruges ofte i aromaterapi til at hj\u00e6lpe med at reducere stress og fremme f\u00f8lelsen af afslapning. Appelsinen har en lys og citrusagtig duft, der er b\u00e5de forfriskende og opl\u00f8ftende.<\/p>\n<p>Denne h\u00e5nd- og kropsvask skummer let op og skylles ren, s\u00e5 huden f\u00f8les bl\u00f8d og glat. Den er perfekt til brug under bruseren eller i badet og kan bruges dagligt til at holde huden ren, fugtet og forfrisket.<\/p>\n","protected":false},"excerpt":{"rendered":"<p>Ginger &amp; Orange Hand &amp; Body Wash er et forfriskende og opkvikkende produkt, der er designet til at rense og pleje huden, samtidig med at det giver en energigivende og opl\u00f8ftende oplevelse. Ingef\u00e6ren giver en varm og krydret duft, der er b\u00e5de energigivende og opkvikkende. Den bruges ofte i aromaterapi til at hj\u00e6lpe med at [&hellip;]<\/p>\n","protected":false},"featured_media":284219,"comment_status":"closed","ping_status":"open","template":"","meta":{"_angie_page":false},"product_brand":[27074],"product_cat":[25972,6994,26816,25839,25949,7139,26886],"product_tag":[],"class_list":{"0":"post-200538","1":"product","2":"type-product","3":"status-publish","4":"has-post-thumbnail","6":"product_brand-aw-cosmetics","7":"product_cat-appelsin","8":"product_cat-bad-og-bruser","9":"product_cat-citrus","10":"product_cat-dufte-aromaer","11":"product_cat-ingefaer-dufte-aromaer","12":"product_cat-kropspleje","13":"product_cat-krydret","14":"pa_collection-fragranced-hand-body-wash-da","15":"pa_made-in-storbritannien","16":"pa_size-300ml","18":"first","19":"instock","20":"purchasable","21":"product-type-simple"},"supplier_id":null,"supplier_sku":"FHBW-01","barcode":null,"atum_controlled":true,"out_stock_date":null,"out_stock_threshold":null,"inheritable":false,"inbound_stock":null,"stock_on_hold":0,"sold_today":0,"sales_last_days":0,"reserved_stock":null,"customer_returns":null,"warehouse_damage":null,"lost_in_post":null,"other_logs":null,"out_stock_days":0,"lost_sales":0,"has_location":null,"update_date":"2026-04-27T07:03:21","atum_locations":[],"atum_stock_status":"instock","restock_status":false,"low_stock_amount":"","sales_update_date":"2025-09-05T00:19:10","calc_backorders":null,"_links":{"self":[{"href":"https:\/\/aromasentia.com\/da\/wp-json\/wp\/v2\/product\/200538","targetHints":{"allow":["GET"]}}],"collection":[{"href":"https:\/\/aromasentia.com\/da\/wp-json\/wp\/v2\/product"}],"about":[{"href":"https:\/\/aromasentia.com\/da\/wp-json\/wp\/v2\/types\/product"}],"replies":[{"embeddable":true,"href":"https:\/\/aromasentia.com\/da\/wp-json\/wp\/v2\/comments?post=200538"}],"version-history":[{"count":0,"href":"https:\/\/aromasentia.com\/da\/wp-json\/wp\/v2\/product\/200538\/revisions"}],"wp:featuredmedia":[{"embeddable":true,"href":"https:\/\/aromasentia.com\/da\/wp-json\/wp\/v2\/media\/284219"}],"wp:attachment":[{"href":"https:\/\/aromasentia.com\/da\/wp-json\/wp\/v2\/media?parent=200538"}],"wp:term":[{"taxonomy":"product_brand","embeddable":true,"href":"https:\/\/aromasentia.com\/da\/wp-json\/wp\/v2\/product_brand?post=200538"},{"taxonomy":"product_cat","embeddable":true,"href":"https:\/\/aromasentia.com\/da\/wp-json\/wp\/v2\/product_cat?post=200538"},{"taxonomy":"product_tag","embeddable":true,"href":"https:\/\/aromasentia.com\/da\/wp-json\/wp\/v2\/product_tag?post=200538"}],"curies":[{"name":"wp","href":"https:\/\/api.w.org\/{rel}","templated":true}]}}