{"id":200537,"date":"2025-03-20T16:47:59","date_gmt":"2025-03-20T16:47:59","guid":{"rendered":"https:\/\/aromasentia.com\/product\/blackberry-almond-hand-body-wash-300ml\/"},"modified":"2025-06-22T03:29:29","modified_gmt":"2025-06-22T03:29:29","slug":"blackberry-almond-hand-body-wash-300ml","status":"publish","type":"product","link":"https:\/\/aromasentia.com\/da\/blackberry-almond-hand-body-wash-300ml\/","title":{"rendered":"Blackberry &#038; Almond Hand &#038; Body Wash 300ml"},"content":{"rendered":"<h2>Revitalize and Refresh with 4x Blackberry &amp; Almond Hand &amp; Body Wash 300ml<\/h2>\n<p><strong>Blackberry &amp; Almond Hand &amp; Body Wash<\/strong> er et luksuri\u00f8st og n\u00e6rende produkt, der er designet til at rense og fugte huden, samtidig med at det giver en dejlig og s\u00f8dlig duft.<\/p>\n<p>Bromb\u00e6rret giver en s\u00f8d og frugtagtig duft, der er b\u00e5de forfriskende og dejlig. Mandel har p\u00e5 den anden side en varm og n\u00f8ddeagtig duft, der er b\u00e5de tr\u00f8stende og overb\u00e6rende.<\/p>\n<p>Denne h\u00e5nd- og kropsvask skummer let op og skylles ren, s\u00e5 huden f\u00f8les bl\u00f8d og glat. Den er perfekt til brug i brusebadet eller badekarret og kan bruges dagligt til at holde <a href=\"https:\/\/aromasentia.com\/wsp\" rel=\"noopener noreferrer\" target=\"_blank\">huden ren<\/a>, fugtet og opfrisket.<\/p>\n<p><strong>Pr\u00f8v den i dag, og l\u00f8ft din baderutine til et nyt niveau af fork\u00e6lelse!<\/strong> <\/p>\n","protected":false},"excerpt":{"rendered":"<p>Revitalize and Refresh with 4x Blackberry &amp; Almond Hand &amp; Body Wash 300ml Blackberry &amp; Almond Hand &amp; Body Wash er et luksuri\u00f8st og n\u00e6rende produkt, der er designet til at rense og fugte huden, samtidig med at det giver en dejlig og s\u00f8dlig duft. Bromb\u00e6rret giver en s\u00f8d og frugtagtig duft, der er b\u00e5de [&hellip;]<\/p>\n","protected":false},"featured_media":284210,"comment_status":"closed","ping_status":"open","template":"","meta":{"_angie_page":false},"product_brand":[27074],"product_cat":[6994,26517,25839,26844,26855,7139,26553],"product_tag":[],"class_list":{"0":"post-200537","1":"product","2":"type-product","3":"status-publish","4":"has-post-thumbnail","6":"product_brand-aw-cosmetics","7":"product_cat-bad-og-bruser","8":"product_cat-brombaer","9":"product_cat-dufte-aromaer","10":"product_cat-frugtagtig","11":"product_cat-gourmand","12":"product_cat-kropspleje","13":"product_cat-mandler","14":"pa_collection-fragranced-hand-body-wash-da","15":"pa_made-in-storbritannien","16":"pa_size-300ml","18":"first","19":"instock","20":"purchasable","21":"product-type-simple"},"supplier_id":null,"supplier_sku":"FHBW-02","barcode":null,"atum_controlled":true,"out_stock_date":null,"out_stock_threshold":null,"inheritable":false,"inbound_stock":null,"stock_on_hold":0,"sold_today":0,"sales_last_days":0,"reserved_stock":null,"customer_returns":null,"warehouse_damage":null,"lost_in_post":null,"other_logs":null,"out_stock_days":0,"lost_sales":0,"has_location":null,"update_date":"2026-05-04T00:03:55","atum_locations":[],"atum_stock_status":"instock","restock_status":false,"low_stock_amount":"","sales_update_date":"2026-01-30T01:24:37","calc_backorders":null,"_links":{"self":[{"href":"https:\/\/aromasentia.com\/da\/wp-json\/wp\/v2\/product\/200537","targetHints":{"allow":["GET"]}}],"collection":[{"href":"https:\/\/aromasentia.com\/da\/wp-json\/wp\/v2\/product"}],"about":[{"href":"https:\/\/aromasentia.com\/da\/wp-json\/wp\/v2\/types\/product"}],"replies":[{"embeddable":true,"href":"https:\/\/aromasentia.com\/da\/wp-json\/wp\/v2\/comments?post=200537"}],"version-history":[{"count":0,"href":"https:\/\/aromasentia.com\/da\/wp-json\/wp\/v2\/product\/200537\/revisions"}],"wp:featuredmedia":[{"embeddable":true,"href":"https:\/\/aromasentia.com\/da\/wp-json\/wp\/v2\/media\/284210"}],"wp:attachment":[{"href":"https:\/\/aromasentia.com\/da\/wp-json\/wp\/v2\/media?parent=200537"}],"wp:term":[{"taxonomy":"product_brand","embeddable":true,"href":"https:\/\/aromasentia.com\/da\/wp-json\/wp\/v2\/product_brand?post=200537"},{"taxonomy":"product_cat","embeddable":true,"href":"https:\/\/aromasentia.com\/da\/wp-json\/wp\/v2\/product_cat?post=200537"},{"taxonomy":"product_tag","embeddable":true,"href":"https:\/\/aromasentia.com\/da\/wp-json\/wp\/v2\/product_tag?post=200537"}],"curies":[{"name":"wp","href":"https:\/\/api.w.org\/{rel}","templated":true}]}}