{"id":200535,"date":"2025-03-20T16:47:59","date_gmt":"2025-03-20T16:47:59","guid":{"rendered":"https:\/\/aromasentia.com\/product\/raspberry-pomegranate-hand-body-wash-300ml\/"},"modified":"2025-06-22T03:29:29","modified_gmt":"2025-06-22T03:29:29","slug":"raspberry-pomegranate-hand-body-wash-300ml","status":"publish","type":"product","link":"https:\/\/aromasentia.com\/da\/raspberry-pomegranate-hand-body-wash-300ml\/","title":{"rendered":"Raspberry &#038; Pomegranate Hand &#038; Body Wash 300ml"},"content":{"rendered":"<p><strong>Raspberry &amp; Pomegranate Hand &amp; Body Wash<\/strong> er et luksuri\u00f8st og n\u00e6rende produkt, der er designet til at rense og fugte huden, samtidig med at det giver en s\u00f8d og frugtagtig duft.<\/p>\n<p>Hindb\u00e6rret har en s\u00f8d og frugtagtig duft, der er b\u00e5de forfriskende og dejlig. Granat\u00e6ble er en fyldig og syrlig duft, der b\u00e5de er opkvikkende og fork\u00e6lende.<\/p>\n<p>Denne h\u00e5nd- og kropsvask skummer let op og skylles ren, s\u00e5 huden f\u00f8les bl\u00f8d og glat. Den er perfekt til brug under bruseren eller i badet og kan bruges dagligt til at holde huden ren, fugtet og opfrisket.<\/p>\n","protected":false},"excerpt":{"rendered":"<p>Raspberry &amp; Pomegranate Hand &amp; Body Wash er et luksuri\u00f8st og n\u00e6rende produkt, der er designet til at rense og fugte huden, samtidig med at det giver en s\u00f8d og frugtagtig duft. Hindb\u00e6rret har en s\u00f8d og frugtagtig duft, der er b\u00e5de forfriskende og dejlig. Granat\u00e6ble er en fyldig og syrlig duft, der b\u00e5de er [&hellip;]<\/p>\n","protected":false},"featured_media":284192,"comment_status":"closed","ping_status":"open","template":"","meta":{"_angie_page":false},"product_brand":[27074],"product_cat":[6994,25839,26844,26458,7139],"product_tag":[],"class_list":{"0":"post-200535","1":"product","2":"type-product","3":"status-publish","4":"has-post-thumbnail","6":"product_brand-aw-cosmetics","7":"product_cat-bad-og-bruser","8":"product_cat-dufte-aromaer","9":"product_cat-frugtagtig","10":"product_cat-granataeble","11":"product_cat-kropspleje","12":"pa_collection-fragranced-hand-body-wash-da","13":"pa_made-in-storbritannien","14":"pa_size-300ml","16":"first","17":"instock","18":"purchasable","19":"product-type-simple"},"supplier_id":null,"supplier_sku":"FHBW-04","barcode":null,"atum_controlled":true,"out_stock_date":null,"out_stock_threshold":null,"inheritable":false,"inbound_stock":0,"stock_on_hold":0,"sold_today":0,"sales_last_days":0,"reserved_stock":0,"customer_returns":0,"warehouse_damage":0,"lost_in_post":0,"other_logs":0,"out_stock_days":0,"lost_sales":0,"has_location":false,"update_date":"2026-04-27T07:03:21","atum_locations":[],"atum_stock_status":"instock","restock_status":false,"low_stock_amount":"","sales_update_date":"2026-01-30T01:24:49","calc_backorders":null,"_links":{"self":[{"href":"https:\/\/aromasentia.com\/da\/wp-json\/wp\/v2\/product\/200535","targetHints":{"allow":["GET"]}}],"collection":[{"href":"https:\/\/aromasentia.com\/da\/wp-json\/wp\/v2\/product"}],"about":[{"href":"https:\/\/aromasentia.com\/da\/wp-json\/wp\/v2\/types\/product"}],"replies":[{"embeddable":true,"href":"https:\/\/aromasentia.com\/da\/wp-json\/wp\/v2\/comments?post=200535"}],"version-history":[{"count":0,"href":"https:\/\/aromasentia.com\/da\/wp-json\/wp\/v2\/product\/200535\/revisions"}],"wp:featuredmedia":[{"embeddable":true,"href":"https:\/\/aromasentia.com\/da\/wp-json\/wp\/v2\/media\/284192"}],"wp:attachment":[{"href":"https:\/\/aromasentia.com\/da\/wp-json\/wp\/v2\/media?parent=200535"}],"wp:term":[{"taxonomy":"product_brand","embeddable":true,"href":"https:\/\/aromasentia.com\/da\/wp-json\/wp\/v2\/product_brand?post=200535"},{"taxonomy":"product_cat","embeddable":true,"href":"https:\/\/aromasentia.com\/da\/wp-json\/wp\/v2\/product_cat?post=200535"},{"taxonomy":"product_tag","embeddable":true,"href":"https:\/\/aromasentia.com\/da\/wp-json\/wp\/v2\/product_tag?post=200535"}],"curies":[{"name":"wp","href":"https:\/\/api.w.org\/{rel}","templated":true}]}}