{"id":200534,"date":"2025-03-20T16:47:59","date_gmt":"2025-03-20T16:47:59","guid":{"rendered":"https:\/\/aromasentia.com\/product\/coconut-lemon-hand-body-wash-300ml\/"},"modified":"2025-06-22T03:29:28","modified_gmt":"2025-06-22T03:29:28","slug":"kokos-citron-haand-og-kropsvask-300ml","status":"publish","type":"product","link":"https:\/\/aromasentia.com\/da\/kokos-citron-haand-og-kropsvask-300ml\/","title":{"rendered":"Kokos &#038; Citron H\u00e5nd- Og Kropsvask 300ml"},"content":{"rendered":"<p><strong>Coconut &amp; Lemon Hand &amp; Body Wash<\/strong> er forfriskende og n\u00e6rende, designet til at rense og fugte huden, samtidig med at den giver en tropisk og citrusagtig duft.<\/p>\n<p>I dette produkt har vi kombineret s\u00f8d og tropisk kokosn\u00f8d, der er forfriskende og overb\u00e6rende, samt lys og citrusagtig citron, der er opl\u00f8ftende og forfriskende.<\/p>\n<p>Denne h\u00e5nd- og kropsvask skummer let op og skylles ren, s\u00e5 huden f\u00f8les bl\u00f8d og glat. Den er perfekt til brug under bruseren eller i badet og kan bruges dagligt til at holde huden ren, fugtet og forfrisket.<\/p>\n","protected":false},"excerpt":{"rendered":"<p>Coconut &amp; Lemon Hand &amp; Body Wash er forfriskende og n\u00e6rende, designet til at rense og fugte huden, samtidig med at den giver en tropisk og citrusagtig duft. I dette produkt har vi kombineret s\u00f8d og tropisk kokosn\u00f8d, der er forfriskende og overb\u00e6rende, samt lys og citrusagtig citron, der er opl\u00f8ftende og forfriskende. Denne h\u00e5nd- [&hellip;]<\/p>\n","protected":false},"featured_media":284183,"comment_status":"closed","ping_status":"open","template":"","meta":[],"product_brand":[27074],"product_cat":[6994,25958,26816,25839,7139],"product_tag":[],"class_list":{"0":"post-200534","1":"product","2":"type-product","3":"status-publish","4":"has-post-thumbnail","6":"product_brand-aw-cosmetics","7":"product_cat-bad-og-bruser","8":"product_cat-citron","9":"product_cat-citrus","10":"product_cat-dufte-aromaer","11":"product_cat-kropspleje","12":"pa_collection-fragranced-hand-body-wash-da","13":"pa_made-in-storbritannien","14":"pa_size-300ml","16":"first","17":"instock","18":"purchasable","19":"product-type-simple"},"supplier_id":null,"supplier_sku":"FHBW-05","barcode":null,"atum_controlled":true,"out_stock_date":null,"out_stock_threshold":null,"inheritable":false,"inbound_stock":null,"stock_on_hold":0,"sold_today":0,"sales_last_days":0,"reserved_stock":null,"customer_returns":null,"warehouse_damage":null,"lost_in_post":null,"other_logs":null,"out_stock_days":0,"lost_sales":0,"has_location":null,"update_date":"2026-02-09T22:31:47","atum_locations":[],"atum_stock_status":"instock","restock_status":false,"low_stock_amount":"","sales_update_date":"2025-09-05T00:19:10","calc_backorders":null,"_links":{"self":[{"href":"https:\/\/aromasentia.com\/da\/wp-json\/wp\/v2\/product\/200534","targetHints":{"allow":["GET"]}}],"collection":[{"href":"https:\/\/aromasentia.com\/da\/wp-json\/wp\/v2\/product"}],"about":[{"href":"https:\/\/aromasentia.com\/da\/wp-json\/wp\/v2\/types\/product"}],"replies":[{"embeddable":true,"href":"https:\/\/aromasentia.com\/da\/wp-json\/wp\/v2\/comments?post=200534"}],"version-history":[{"count":0,"href":"https:\/\/aromasentia.com\/da\/wp-json\/wp\/v2\/product\/200534\/revisions"}],"wp:featuredmedia":[{"embeddable":true,"href":"https:\/\/aromasentia.com\/da\/wp-json\/wp\/v2\/media\/284183"}],"wp:attachment":[{"href":"https:\/\/aromasentia.com\/da\/wp-json\/wp\/v2\/media?parent=200534"}],"wp:term":[{"taxonomy":"product_brand","embeddable":true,"href":"https:\/\/aromasentia.com\/da\/wp-json\/wp\/v2\/product_brand?post=200534"},{"taxonomy":"product_cat","embeddable":true,"href":"https:\/\/aromasentia.com\/da\/wp-json\/wp\/v2\/product_cat?post=200534"},{"taxonomy":"product_tag","embeddable":true,"href":"https:\/\/aromasentia.com\/da\/wp-json\/wp\/v2\/product_tag?post=200534"}],"curies":[{"name":"wp","href":"https:\/\/api.w.org\/{rel}","templated":true}]}}