{"id":200533,"date":"2025-03-20T16:47:59","date_gmt":"2025-03-20T16:47:59","guid":{"rendered":"https:\/\/aromasentia.com\/product\/sandalwood-silk-hand-body-wash-300ml\/"},"modified":"2025-06-22T03:29:28","modified_gmt":"2025-06-22T03:29:28","slug":"sandalwood-silk-hand-body-wash-300ml","status":"publish","type":"product","link":"https:\/\/aromasentia.com\/da\/sandalwood-silk-hand-body-wash-300ml\/","title":{"rendered":"Sandalwood Silk Hand &#038; Body Wash 300ml"},"content":{"rendered":"<p><strong>Sandalwood Silk Hand &amp; Body Wash<\/strong> er et luksuri\u00f8st og fork\u00e6lende produkt, der er designet til at rense og fugte huden, samtidig med at det giver en varm og tr\u00e6agtig duft.<\/p>\n<p>Duften af sandeltr\u00e6ssilke er b\u00e5de beroligende og jordforbindelse. Denne vask giver en bl\u00f8d og silkeagtig tekstur, der er b\u00e5de luksuri\u00f8s og n\u00e6rende.&nbsp;<\/p>\n<p>Denne h\u00e5nd- og kropsvask skummer let op og skylles ren, s\u00e5 huden f\u00f8les bl\u00f8d og glat. Den er perfekt til brug under bruseren eller i badet og kan bruges dagligt til at holde huden ren, fugtet og opfrisket.<\/p>\n","protected":false},"excerpt":{"rendered":"<p>Sandalwood Silk Hand &amp; Body Wash er et luksuri\u00f8st og fork\u00e6lende produkt, der er designet til at rense og fugte huden, samtidig med at det giver en varm og tr\u00e6agtig duft. Duften af sandeltr\u00e6ssilke er b\u00e5de beroligende og jordforbindelse. Denne vask giver en bl\u00f8d og silkeagtig tekstur, der er b\u00e5de luksuri\u00f8s og n\u00e6rende.&nbsp; Denne h\u00e5nd- [&hellip;]<\/p>\n","protected":false},"featured_media":284174,"comment_status":"closed","ping_status":"open","template":"","meta":{"_angie_page":false},"product_brand":[27074],"product_cat":[6994,25839,7139,25990,26893],"product_tag":[],"class_list":{"0":"post-200533","1":"product","2":"type-product","3":"status-publish","4":"has-post-thumbnail","6":"product_brand-aw-cosmetics","7":"product_cat-bad-og-bruser","8":"product_cat-dufte-aromaer","9":"product_cat-kropspleje","10":"product_cat-sandeltrae","11":"product_cat-traeagtig","12":"pa_collection-fragranced-hand-body-wash-da","13":"pa_made-in-storbritannien","14":"pa_size-300ml","16":"first","17":"instock","18":"purchasable","19":"product-type-simple"},"supplier_id":null,"supplier_sku":"FHBW-06","barcode":null,"atum_controlled":true,"out_stock_date":null,"out_stock_threshold":null,"inheritable":false,"inbound_stock":null,"stock_on_hold":0,"sold_today":0,"sales_last_days":0,"reserved_stock":null,"customer_returns":null,"warehouse_damage":null,"lost_in_post":null,"other_logs":null,"out_stock_days":0,"lost_sales":0,"has_location":null,"update_date":"2026-05-04T00:03:55","atum_locations":[],"atum_stock_status":"instock","restock_status":false,"low_stock_amount":"","sales_update_date":"2025-09-05T00:19:10","calc_backorders":null,"_links":{"self":[{"href":"https:\/\/aromasentia.com\/da\/wp-json\/wp\/v2\/product\/200533","targetHints":{"allow":["GET"]}}],"collection":[{"href":"https:\/\/aromasentia.com\/da\/wp-json\/wp\/v2\/product"}],"about":[{"href":"https:\/\/aromasentia.com\/da\/wp-json\/wp\/v2\/types\/product"}],"replies":[{"embeddable":true,"href":"https:\/\/aromasentia.com\/da\/wp-json\/wp\/v2\/comments?post=200533"}],"version-history":[{"count":0,"href":"https:\/\/aromasentia.com\/da\/wp-json\/wp\/v2\/product\/200533\/revisions"}],"wp:featuredmedia":[{"embeddable":true,"href":"https:\/\/aromasentia.com\/da\/wp-json\/wp\/v2\/media\/284174"}],"wp:attachment":[{"href":"https:\/\/aromasentia.com\/da\/wp-json\/wp\/v2\/media?parent=200533"}],"wp:term":[{"taxonomy":"product_brand","embeddable":true,"href":"https:\/\/aromasentia.com\/da\/wp-json\/wp\/v2\/product_brand?post=200533"},{"taxonomy":"product_cat","embeddable":true,"href":"https:\/\/aromasentia.com\/da\/wp-json\/wp\/v2\/product_cat?post=200533"},{"taxonomy":"product_tag","embeddable":true,"href":"https:\/\/aromasentia.com\/da\/wp-json\/wp\/v2\/product_tag?post=200533"}],"curies":[{"name":"wp","href":"https:\/\/api.w.org\/{rel}","templated":true}]}}