{"id":200532,"date":"2025-03-20T16:47:59","date_gmt":"2025-03-20T16:47:59","guid":{"rendered":"https:\/\/aromasentia.com\/product\/ginger-orange-lotion-300ml-white-label\/"},"modified":"2025-06-22T03:29:27","modified_gmt":"2025-06-22T03:29:27","slug":"ingefaer-og-appelsinlotion-300ml-hvid-label","status":"publish","type":"product","link":"https:\/\/aromasentia.com\/da\/ingefaer-og-appelsinlotion-300ml-hvid-label\/","title":{"rendered":"Ingef\u00e6r- Og Appelsinlotion 300ml &#8211; Hvid Label"},"content":{"rendered":"<p>Giv din hud energi og varme med vores Ginger &#038; Orange Lotion. Denne 300 ml white label-lotion byder p\u00e5 en levende blanding af krydret, varmende ingef\u00e6r og s\u00f8d, opl\u00f8ftende appelsin. Den n\u00e6rende formel absorberes let, giver varig fugt og efterlader din hud bl\u00f8d, glat og revitaliseret. Den pikante og beroligende aroma v\u00e6kker sanserne og g\u00f8r den til en perfekt daglig fugtighedscreme, der opfrisker din hud og g\u00f8r dig i bedre hum\u00f8r med sin muntre, aromatiske charme.<\/p>\n","protected":false},"excerpt":{"rendered":"<p>Giv din hud energi og varme med vores Ginger &#038; Orange Lotion. Denne 300 ml white label-lotion byder p\u00e5 en levende blanding af krydret, varmende ingef\u00e6r og s\u00f8d, opl\u00f8ftende appelsin. Den n\u00e6rende formel absorberes let, giver varig fugt og efterlader din hud bl\u00f8d, glat og revitaliseret. Den pikante og beroligende aroma v\u00e6kker sanserne og g\u00f8r [&hellip;]<\/p>\n","protected":false},"featured_media":284165,"comment_status":"closed","ping_status":"open","template":"","meta":[],"product_brand":[],"product_cat":[25972,6994,26816,25839,25949,7139,26886],"product_tag":[],"class_list":{"0":"post-200532","1":"product","2":"type-product","3":"status-publish","4":"has-post-thumbnail","6":"product_cat-appelsin","7":"product_cat-bad-og-bruser","8":"product_cat-citrus","9":"product_cat-dufte-aromaer","10":"product_cat-ingefaer-dufte-aromaer","11":"product_cat-kropspleje","12":"product_cat-krydret","13":"pa_collection-unlabelled-fragranced-hand-body-lotions-da","14":"pa_made-in-storbritannien","15":"pa_size-300ml","17":"first","18":"instock","19":"purchasable","20":"product-type-simple"},"supplier_id":null,"supplier_sku":"FHBLUL-01DS","barcode":null,"atum_controlled":true,"out_stock_date":null,"out_stock_threshold":null,"inheritable":false,"inbound_stock":null,"stock_on_hold":0,"sold_today":0,"sales_last_days":0,"reserved_stock":null,"customer_returns":null,"warehouse_damage":null,"lost_in_post":null,"other_logs":null,"out_stock_days":0,"lost_sales":0,"has_location":null,"update_date":"2026-02-05T22:37:01","atum_locations":[],"atum_stock_status":"instock","restock_status":false,"low_stock_amount":"","sales_update_date":"2026-01-30T01:24:30","calc_backorders":null,"_links":{"self":[{"href":"https:\/\/aromasentia.com\/da\/wp-json\/wp\/v2\/product\/200532","targetHints":{"allow":["GET"]}}],"collection":[{"href":"https:\/\/aromasentia.com\/da\/wp-json\/wp\/v2\/product"}],"about":[{"href":"https:\/\/aromasentia.com\/da\/wp-json\/wp\/v2\/types\/product"}],"replies":[{"embeddable":true,"href":"https:\/\/aromasentia.com\/da\/wp-json\/wp\/v2\/comments?post=200532"}],"version-history":[{"count":0,"href":"https:\/\/aromasentia.com\/da\/wp-json\/wp\/v2\/product\/200532\/revisions"}],"wp:featuredmedia":[{"embeddable":true,"href":"https:\/\/aromasentia.com\/da\/wp-json\/wp\/v2\/media\/284165"}],"wp:attachment":[{"href":"https:\/\/aromasentia.com\/da\/wp-json\/wp\/v2\/media?parent=200532"}],"wp:term":[{"taxonomy":"product_brand","embeddable":true,"href":"https:\/\/aromasentia.com\/da\/wp-json\/wp\/v2\/product_brand?post=200532"},{"taxonomy":"product_cat","embeddable":true,"href":"https:\/\/aromasentia.com\/da\/wp-json\/wp\/v2\/product_cat?post=200532"},{"taxonomy":"product_tag","embeddable":true,"href":"https:\/\/aromasentia.com\/da\/wp-json\/wp\/v2\/product_tag?post=200532"}],"curies":[{"name":"wp","href":"https:\/\/api.w.org\/{rel}","templated":true}]}}