{"id":200531,"date":"2025-03-20T16:47:59","date_gmt":"2025-03-20T16:47:59","guid":{"rendered":"https:\/\/aromasentia.com\/product\/blackberry-almond-lotion-300ml-white-label\/"},"modified":"2025-06-22T03:29:27","modified_gmt":"2025-06-22T03:29:27","slug":"blackberry-almond-lotion-300ml-hvid-label","status":"publish","type":"product","link":"https:\/\/aromasentia.com\/da\/blackberry-almond-lotion-300ml-hvid-label\/","title":{"rendered":"Blackberry &#038; Almond Lotion 300ml &#8211; Hvid Label"},"content":{"rendered":"<p>Plej din hud med den beroligende blanding af vores Blackberry &#038; Almond Lotion. Denne 300 ml white label lotion kombinerer den s\u00f8de, let syrlige aroma af modne bromb\u00e6r med den varme, n\u00f8ddeagtige s\u00f8dme fra mandel. Den rige, fugtgivende formel plejer huden i dybden, s\u00e5 den f\u00f8les us\u00e6dvanligt bl\u00f8d, glat og hydreret. En vidunderlig tr\u00f8stende og overb\u00e6rende daglig lotion, der fork\u00e6ler din hud, mens den indhyller dig i en l\u00e6kker, subtilt sofistikeret duft.<\/p>\n","protected":false},"excerpt":{"rendered":"<p>Plej din hud med den beroligende blanding af vores Blackberry &#038; Almond Lotion. Denne 300 ml white label lotion kombinerer den s\u00f8de, let syrlige aroma af modne bromb\u00e6r med den varme, n\u00f8ddeagtige s\u00f8dme fra mandel. Den rige, fugtgivende formel plejer huden i dybden, s\u00e5 den f\u00f8les us\u00e6dvanligt bl\u00f8d, glat og hydreret. En vidunderlig tr\u00f8stende og [&hellip;]<\/p>\n","protected":false},"featured_media":284156,"comment_status":"closed","ping_status":"open","template":"","meta":{"_angie_page":false},"product_brand":[],"product_cat":[6994,26517,25839,26844,26855,7139,26553],"product_tag":[],"class_list":{"0":"post-200531","1":"product","2":"type-product","3":"status-publish","4":"has-post-thumbnail","6":"product_cat-bad-og-bruser","7":"product_cat-brombaer","8":"product_cat-dufte-aromaer","9":"product_cat-frugtagtig","10":"product_cat-gourmand","11":"product_cat-kropspleje","12":"product_cat-mandler","13":"pa_collection-unlabelled-fragranced-hand-body-lotions-da","14":"pa_made-in-storbritannien","15":"pa_size-300ml","17":"first","18":"instock","19":"purchasable","20":"product-type-simple"},"supplier_id":null,"supplier_sku":"FHBLUL-02DS","barcode":null,"atum_controlled":true,"out_stock_date":null,"out_stock_threshold":null,"inheritable":false,"inbound_stock":null,"stock_on_hold":0,"sold_today":0,"sales_last_days":0,"reserved_stock":null,"customer_returns":null,"warehouse_damage":null,"lost_in_post":null,"other_logs":null,"out_stock_days":0,"lost_sales":0,"has_location":null,"update_date":"2026-04-27T07:03:21","atum_locations":[],"atum_stock_status":"instock","restock_status":false,"low_stock_amount":"","sales_update_date":"2025-09-05T00:19:09","calc_backorders":null,"_links":{"self":[{"href":"https:\/\/aromasentia.com\/da\/wp-json\/wp\/v2\/product\/200531","targetHints":{"allow":["GET"]}}],"collection":[{"href":"https:\/\/aromasentia.com\/da\/wp-json\/wp\/v2\/product"}],"about":[{"href":"https:\/\/aromasentia.com\/da\/wp-json\/wp\/v2\/types\/product"}],"replies":[{"embeddable":true,"href":"https:\/\/aromasentia.com\/da\/wp-json\/wp\/v2\/comments?post=200531"}],"version-history":[{"count":0,"href":"https:\/\/aromasentia.com\/da\/wp-json\/wp\/v2\/product\/200531\/revisions"}],"wp:featuredmedia":[{"embeddable":true,"href":"https:\/\/aromasentia.com\/da\/wp-json\/wp\/v2\/media\/284156"}],"wp:attachment":[{"href":"https:\/\/aromasentia.com\/da\/wp-json\/wp\/v2\/media?parent=200531"}],"wp:term":[{"taxonomy":"product_brand","embeddable":true,"href":"https:\/\/aromasentia.com\/da\/wp-json\/wp\/v2\/product_brand?post=200531"},{"taxonomy":"product_cat","embeddable":true,"href":"https:\/\/aromasentia.com\/da\/wp-json\/wp\/v2\/product_cat?post=200531"},{"taxonomy":"product_tag","embeddable":true,"href":"https:\/\/aromasentia.com\/da\/wp-json\/wp\/v2\/product_tag?post=200531"}],"curies":[{"name":"wp","href":"https:\/\/api.w.org\/{rel}","templated":true}]}}