{"id":200530,"date":"2025-03-20T16:47:59","date_gmt":"2025-03-20T16:47:59","guid":{"rendered":"https:\/\/aromasentia.com\/product\/mango-lime-lotion-300ml-white-label\/"},"modified":"2025-06-22T03:29:26","modified_gmt":"2025-06-22T03:29:26","slug":"mango-lime-lotion-300ml-hvid-label","status":"publish","type":"product","link":"https:\/\/aromasentia.com\/da\/mango-lime-lotion-300ml-hvid-label\/","title":{"rendered":"Mango &#038; Lime Lotion 300ml &#8211; Hvid Label"},"content":{"rendered":"<p>Flygt til troperne med vores Mango &#038; Lime Lotion. Denne 300 ml white label-lotion har en l\u00e6kker blanding af s\u00f8d, saftig mango og syrlig, forfriskende lime. Den fugtgivende formel smelter ind i huden og giver varig bl\u00f8dhed og en sund gl\u00f8d. Den livlige, eksotiske aroma l\u00f8fter \u00f8jeblikkeligt dit hum\u00f8r og styrker dine sanser, s\u00e5 din daglige fugtighedsrutine bliver en miniferie. Perfekt til at efterlade din hud glat, velplejet og velduftende.<\/p>\n","protected":false},"excerpt":{"rendered":"<p>Flygt til troperne med vores Mango &#038; Lime Lotion. Denne 300 ml white label-lotion har en l\u00e6kker blanding af s\u00f8d, saftig mango og syrlig, forfriskende lime. Den fugtgivende formel smelter ind i huden og giver varig bl\u00f8dhed og en sund gl\u00f8d. Den livlige, eksotiske aroma l\u00f8fter \u00f8jeblikkeligt dit hum\u00f8r og styrker dine sanser, s\u00e5 din [&hellip;]<\/p>\n","protected":false},"featured_media":284147,"comment_status":"closed","ping_status":"open","template":"","meta":{"_angie_page":false},"product_brand":[],"product_cat":[6994,26816,25839,7139,25962],"product_tag":[],"class_list":{"0":"post-200530","1":"product","2":"type-product","3":"status-publish","4":"has-post-thumbnail","6":"product_cat-bad-og-bruser","7":"product_cat-citrus","8":"product_cat-dufte-aromaer","9":"product_cat-kropspleje","10":"product_cat-lime","11":"pa_collection-unlabelled-fragranced-hand-body-lotions-da","12":"pa_made-in-storbritannien","13":"pa_size-300ml","15":"first","16":"instock","17":"purchasable","18":"product-type-simple"},"supplier_id":null,"supplier_sku":"FHBLUL-03DS","barcode":null,"atum_controlled":true,"out_stock_date":null,"out_stock_threshold":null,"inheritable":false,"inbound_stock":null,"stock_on_hold":0,"sold_today":0,"sales_last_days":0,"reserved_stock":null,"customer_returns":null,"warehouse_damage":null,"lost_in_post":null,"other_logs":null,"out_stock_days":0,"lost_sales":0,"has_location":null,"update_date":"2026-04-27T07:03:21","atum_locations":[],"atum_stock_status":"instock","restock_status":false,"low_stock_amount":"","sales_update_date":"2025-09-05T00:19:09","calc_backorders":null,"_links":{"self":[{"href":"https:\/\/aromasentia.com\/da\/wp-json\/wp\/v2\/product\/200530","targetHints":{"allow":["GET"]}}],"collection":[{"href":"https:\/\/aromasentia.com\/da\/wp-json\/wp\/v2\/product"}],"about":[{"href":"https:\/\/aromasentia.com\/da\/wp-json\/wp\/v2\/types\/product"}],"replies":[{"embeddable":true,"href":"https:\/\/aromasentia.com\/da\/wp-json\/wp\/v2\/comments?post=200530"}],"version-history":[{"count":0,"href":"https:\/\/aromasentia.com\/da\/wp-json\/wp\/v2\/product\/200530\/revisions"}],"wp:featuredmedia":[{"embeddable":true,"href":"https:\/\/aromasentia.com\/da\/wp-json\/wp\/v2\/media\/284147"}],"wp:attachment":[{"href":"https:\/\/aromasentia.com\/da\/wp-json\/wp\/v2\/media?parent=200530"}],"wp:term":[{"taxonomy":"product_brand","embeddable":true,"href":"https:\/\/aromasentia.com\/da\/wp-json\/wp\/v2\/product_brand?post=200530"},{"taxonomy":"product_cat","embeddable":true,"href":"https:\/\/aromasentia.com\/da\/wp-json\/wp\/v2\/product_cat?post=200530"},{"taxonomy":"product_tag","embeddable":true,"href":"https:\/\/aromasentia.com\/da\/wp-json\/wp\/v2\/product_tag?post=200530"}],"curies":[{"name":"wp","href":"https:\/\/api.w.org\/{rel}","templated":true}]}}