{"id":200527,"date":"2025-03-20T16:47:59","date_gmt":"2025-03-20T16:47:59","guid":{"rendered":"https:\/\/aromasentia.com\/product\/sandalwood-silk-lotion-300ml-white-label\/"},"modified":"2025-06-22T03:29:25","modified_gmt":"2025-06-22T03:29:25","slug":"sandeltrae-silk-lotion-300ml-hvid-label","status":"publish","type":"product","link":"https:\/\/aromasentia.com\/da\/sandeltrae-silk-lotion-300ml-hvid-label\/","title":{"rendered":"Sandeltr\u00e6 Silk Lotion 300ml &#8211; Hvid Label"},"content":{"rendered":"<p>Fork\u00e6l din hud med den luksuri\u00f8se Sandalwood Silk Lotion. Denne 300 ml white label-lotion giver dyb hydrering med en sofistikeret, jordn\u00e6r aroma af rigt sandeltr\u00e6. Dens silkeagtige formel absorberes smukt og efterlader din hud us\u00e6dvanligt bl\u00f8d, glat og n\u00e6ret uden nogen fedtede rester. Den er perfekt til daglig fugtpleje og giver varig komfort og en subtil, elegant duft, der beroliger sanserne og tilf\u00f8jer et strejf af tidl\u00f8s luksus til din hudplejerutine.<\/p>\n","protected":false},"excerpt":{"rendered":"<p>Fork\u00e6l din hud med den luksuri\u00f8se Sandalwood Silk Lotion. Denne 300 ml white label-lotion giver dyb hydrering med en sofistikeret, jordn\u00e6r aroma af rigt sandeltr\u00e6. Dens silkeagtige formel absorberes smukt og efterlader din hud us\u00e6dvanligt bl\u00f8d, glat og n\u00e6ret uden nogen fedtede rester. Den er perfekt til daglig fugtpleje og giver varig komfort og en [&hellip;]<\/p>\n","protected":false},"featured_media":284120,"comment_status":"closed","ping_status":"open","template":"","meta":{"_angie_page":false},"product_brand":[],"product_cat":[6994,25839,7139,25990,26893],"product_tag":[],"class_list":{"0":"post-200527","1":"product","2":"type-product","3":"status-publish","4":"has-post-thumbnail","6":"product_cat-bad-og-bruser","7":"product_cat-dufte-aromaer","8":"product_cat-kropspleje","9":"product_cat-sandeltrae","10":"product_cat-traeagtig","11":"pa_collection-unlabelled-fragranced-hand-body-lotions-da","12":"pa_made-in-storbritannien","13":"pa_size-300ml","15":"first","16":"instock","17":"purchasable","18":"product-type-simple"},"supplier_id":null,"supplier_sku":"FHBLUL-06DS","barcode":null,"atum_controlled":true,"out_stock_date":null,"out_stock_threshold":null,"inheritable":false,"inbound_stock":null,"stock_on_hold":0,"sold_today":0,"sales_last_days":0,"reserved_stock":null,"customer_returns":null,"warehouse_damage":null,"lost_in_post":null,"other_logs":null,"out_stock_days":0,"lost_sales":0,"has_location":null,"update_date":"2026-05-04T00:03:55","atum_locations":[],"atum_stock_status":"instock","restock_status":false,"low_stock_amount":"","sales_update_date":"2025-09-05T00:19:08","calc_backorders":null,"_links":{"self":[{"href":"https:\/\/aromasentia.com\/da\/wp-json\/wp\/v2\/product\/200527","targetHints":{"allow":["GET"]}}],"collection":[{"href":"https:\/\/aromasentia.com\/da\/wp-json\/wp\/v2\/product"}],"about":[{"href":"https:\/\/aromasentia.com\/da\/wp-json\/wp\/v2\/types\/product"}],"replies":[{"embeddable":true,"href":"https:\/\/aromasentia.com\/da\/wp-json\/wp\/v2\/comments?post=200527"}],"version-history":[{"count":0,"href":"https:\/\/aromasentia.com\/da\/wp-json\/wp\/v2\/product\/200527\/revisions"}],"wp:featuredmedia":[{"embeddable":true,"href":"https:\/\/aromasentia.com\/da\/wp-json\/wp\/v2\/media\/284120"}],"wp:attachment":[{"href":"https:\/\/aromasentia.com\/da\/wp-json\/wp\/v2\/media?parent=200527"}],"wp:term":[{"taxonomy":"product_brand","embeddable":true,"href":"https:\/\/aromasentia.com\/da\/wp-json\/wp\/v2\/product_brand?post=200527"},{"taxonomy":"product_cat","embeddable":true,"href":"https:\/\/aromasentia.com\/da\/wp-json\/wp\/v2\/product_cat?post=200527"},{"taxonomy":"product_tag","embeddable":true,"href":"https:\/\/aromasentia.com\/da\/wp-json\/wp\/v2\/product_tag?post=200527"}],"curies":[{"name":"wp","href":"https:\/\/api.w.org\/{rel}","templated":true}]}}