{"id":200526,"date":"2025-03-20T16:47:59","date_gmt":"2025-03-20T16:47:59","guid":{"rendered":"https:\/\/aromasentia.com\/product\/sandalwood-silk-lotion-300ml\/"},"modified":"2025-06-22T03:29:25","modified_gmt":"2025-06-22T03:29:25","slug":"sandeltrae-silke-lotion-300ml","status":"publish","type":"product","link":"https:\/\/aromasentia.com\/da\/sandeltrae-silke-lotion-300ml\/","title":{"rendered":"Sandeltr\u00e6 Silke Lotion 300ml"},"content":{"rendered":"<p>Aroma Sentia <strong>&nbsp;Parfumerede H\u00e5nd- &#038; Bodylotions &#8211; Sandeltr\u00e6 Silke Lotion 300ml<\/strong> er perfekte til daglig brug. Hvis dine kunder kan lide opl\u00f8ftende dufte og overkommelige priser, b\u00f8r du helt sikkert overveje at bestille disse.<\/p>\n<p>Designet til at holde huden naturligt glat, vil de efterlade dine h\u00e6nder og krop perfekt n\u00e6ret, beskyttet og bl\u00f8dt duftende. V\u00e6lg mellem seks fantastiske dufte, og din kunde vil s\u00e6tte pris p\u00e5, at de alle er fri for parabener, sulfater og andre kemikalier.<\/p>\n<p>Du vil m\u00e5ske ogs\u00e5 kunne lide vores <a href=\"https:\/\/aromasentia.com\/wsp\"><span style=\"color: rgb(141, 186, 216);\"><strong>Ansigts-toner-mists<\/strong><\/span><\/a>. Giv dem disse lotions sammen med dem for at skabe et ideelt valgfrit gaves\u00e6t.<\/p>\n<p><em>* Fremstillet i Storbritannien * Vegansk * B\u00e6redygtige materialer * Ingen dyrefors\u00f8g *<\/em><\/p>\n<p><span style=\"color: rgb(141, 186, 216);\"><strong>Overrask dine kunder i dag og berig dit udvalg af hudplejeprodukter.<\/strong><\/span><\/p>\n","protected":false},"excerpt":{"rendered":"<p>Aroma Sentia &nbsp;Parfumerede H\u00e5nd- &#038; Bodylotions &#8211; Sandeltr\u00e6 Silke Lotion 300ml er perfekte til daglig brug. Hvis dine kunder kan lide opl\u00f8ftende dufte og overkommelige priser, b\u00f8r du helt sikkert overveje at bestille disse. Designet til at holde huden naturligt glat, vil de efterlade dine h\u00e6nder og krop perfekt n\u00e6ret, beskyttet og bl\u00f8dt duftende. V\u00e6lg [&hellip;]<\/p>\n","protected":false},"featured_media":284103,"comment_status":"closed","ping_status":"open","template":"","meta":{"_angie_page":false},"product_brand":[27074],"product_cat":[6994,25839,7139,25990,26893],"product_tag":[],"class_list":{"0":"post-200526","1":"product","2":"type-product","3":"status-publish","4":"has-post-thumbnail","6":"product_brand-aw-cosmetics","7":"product_cat-bad-og-bruser","8":"product_cat-dufte-aromaer","9":"product_cat-kropspleje","10":"product_cat-sandeltrae","11":"product_cat-traeagtig","12":"pa_collection-fragranced-hand-body-lotions-da","13":"pa_made-in-storbritannien","14":"pa_size-300ml","16":"first","17":"instock","18":"purchasable","19":"product-type-simple"},"supplier_id":null,"supplier_sku":"FHBL-06DS","barcode":null,"atum_controlled":true,"out_stock_date":null,"out_stock_threshold":null,"inheritable":false,"inbound_stock":null,"stock_on_hold":0,"sold_today":0,"sales_last_days":0,"reserved_stock":null,"customer_returns":null,"warehouse_damage":null,"lost_in_post":null,"other_logs":null,"out_stock_days":0,"lost_sales":0,"has_location":null,"update_date":"2026-04-27T07:03:21","atum_locations":[],"atum_stock_status":"instock","restock_status":false,"low_stock_amount":"","sales_update_date":"2025-09-05T00:19:08","calc_backorders":null,"_links":{"self":[{"href":"https:\/\/aromasentia.com\/da\/wp-json\/wp\/v2\/product\/200526","targetHints":{"allow":["GET"]}}],"collection":[{"href":"https:\/\/aromasentia.com\/da\/wp-json\/wp\/v2\/product"}],"about":[{"href":"https:\/\/aromasentia.com\/da\/wp-json\/wp\/v2\/types\/product"}],"replies":[{"embeddable":true,"href":"https:\/\/aromasentia.com\/da\/wp-json\/wp\/v2\/comments?post=200526"}],"version-history":[{"count":0,"href":"https:\/\/aromasentia.com\/da\/wp-json\/wp\/v2\/product\/200526\/revisions"}],"wp:featuredmedia":[{"embeddable":true,"href":"https:\/\/aromasentia.com\/da\/wp-json\/wp\/v2\/media\/284103"}],"wp:attachment":[{"href":"https:\/\/aromasentia.com\/da\/wp-json\/wp\/v2\/media?parent=200526"}],"wp:term":[{"taxonomy":"product_brand","embeddable":true,"href":"https:\/\/aromasentia.com\/da\/wp-json\/wp\/v2\/product_brand?post=200526"},{"taxonomy":"product_cat","embeddable":true,"href":"https:\/\/aromasentia.com\/da\/wp-json\/wp\/v2\/product_cat?post=200526"},{"taxonomy":"product_tag","embeddable":true,"href":"https:\/\/aromasentia.com\/da\/wp-json\/wp\/v2\/product_tag?post=200526"}],"curies":[{"name":"wp","href":"https:\/\/api.w.org\/{rel}","templated":true}]}}