{"id":200513,"date":"2025-03-20T16:48:36","date_gmt":"2025-03-20T16:48:36","guid":{"rendered":"https:\/\/aromasentia.com\/product\/fruity-scrub-soap-on-a-rope-mango\/"},"modified":"2025-06-22T03:29:17","modified_gmt":"2025-06-22T03:29:17","slug":"frugtscrub-saebe-paa-snor-mango","status":"publish","type":"product","link":"https:\/\/aromasentia.com\/da\/frugtscrub-saebe-paa-snor-mango\/","title":{"rendered":"Frugtscrub-S\u00e6be P\u00e5 Snor &#8211; Mango"},"content":{"rendered":"<p>F\u00e5 skrubbet din hud med disse <strong>Fruity Scrub Soap on a Rope<\/strong>. Eksfoliering er noget af det bedste, du kan g\u00f8re for din hud. Vores produktion har arbejdet i d\u00f8gndrift for at kunne tilbyde dine kunder denne nye serie af Fruity Scrub Soap on a Rope, der er fremstillet af duftolier af h\u00f8jeste kvalitet og naturlig egyptisk luksusloofah. Disse s\u00e6ber kommer p\u00e5 en bomuldssnor, som g\u00f8r det nemt at holde p\u00e5 dem og h\u00e6nge dem fra bruseren eller vandhanen.<\/p>\n<p>Fruity Scrub Soap on a Rope giver en fremragende eksfoliering. De er perfekte til brug under bruseren og i badet, og p\u00e5 grund af de unikke fibre er en loofah fantastisk til at skrubbe kroppen og efterlader din hud smukt glat og velduftende. De tropiske dufte i disse s\u00e6ber vil f\u00e5 dine kunders h\u00e6nder, krop og sj\u00e6l til at f\u00f8le sig renset, n\u00e6ret og fugtet. S\u00e5dan bruges den som bodyscrub: &nbsp;V\u00e5d s\u00e6beskrubbe og luffa, og skrub forsigtigt over hele kroppen. Du er m\u00e5ske ogs\u00e5 interesseret i vores <a href=\"https:\/\/aromasentia.com\/elloofah\"><strong>Egyptian Luxury Loofah<\/strong><\/a><strong>&nbsp;<\/strong>og<a href=\"https:\/\/aromasentia.com\/hss\"><strong>&nbsp;Happy Scrub Soap.<\/strong><\/a><\/p>\n<p><strong>Vegan Friendly &#8211; Made in UK &ndash; Beautiful fragrances &#8211; Gift Box &#8211; Hand-crafted with<\/strong> loveSoap Scrub dimension: D: 10cm H: 2cm v\u00e6gt: 150g<\/p>\n<p><strong>Bestil i dag og tilbyd dine kunder den glade scrub-f\u00f8lelse<\/strong><\/p>\n","protected":false},"excerpt":{"rendered":"<p>F\u00e5 skrubbet din hud med disse Fruity Scrub Soap on a Rope. Eksfoliering er noget af det bedste, du kan g\u00f8re for din hud. Vores produktion har arbejdet i d\u00f8gndrift for at kunne tilbyde dine kunder denne nye serie af Fruity Scrub Soap on a Rope, der er fremstillet af duftolier af h\u00f8jeste kvalitet og [&hellip;]<\/p>\n","protected":false},"featured_media":284642,"comment_status":"closed","ping_status":"open","template":"","meta":[],"product_brand":[],"product_cat":[6994,7012],"product_tag":[],"class_list":{"0":"post-200513","1":"product","2":"type-product","3":"status-publish","4":"has-post-thumbnail","6":"product_cat-bad-og-bruser","7":"product_cat-okologiske-saeber-saebebar","8":"pa_made-in-storbritannien","10":"first","11":"outofstock","12":"purchasable","13":"product-type-simple"},"supplier_id":null,"supplier_sku":"FSS-05","barcode":null,"atum_controlled":true,"out_stock_date":"2025-10-09 13:09:52","out_stock_threshold":null,"inheritable":false,"inbound_stock":null,"stock_on_hold":0,"sold_today":0,"sales_last_days":0,"reserved_stock":null,"customer_returns":null,"warehouse_damage":null,"lost_in_post":null,"other_logs":null,"out_stock_days":112,"lost_sales":0,"has_location":null,"update_date":"2026-01-30T01:25:14","atum_locations":[],"atum_stock_status":"outofstock","restock_status":false,"low_stock_amount":"","sales_update_date":"2026-01-30T01:25:14","calc_backorders":null,"_links":{"self":[{"href":"https:\/\/aromasentia.com\/da\/wp-json\/wp\/v2\/product\/200513","targetHints":{"allow":["GET"]}}],"collection":[{"href":"https:\/\/aromasentia.com\/da\/wp-json\/wp\/v2\/product"}],"about":[{"href":"https:\/\/aromasentia.com\/da\/wp-json\/wp\/v2\/types\/product"}],"replies":[{"embeddable":true,"href":"https:\/\/aromasentia.com\/da\/wp-json\/wp\/v2\/comments?post=200513"}],"version-history":[{"count":0,"href":"https:\/\/aromasentia.com\/da\/wp-json\/wp\/v2\/product\/200513\/revisions"}],"wp:featuredmedia":[{"embeddable":true,"href":"https:\/\/aromasentia.com\/da\/wp-json\/wp\/v2\/media\/284642"}],"wp:attachment":[{"href":"https:\/\/aromasentia.com\/da\/wp-json\/wp\/v2\/media?parent=200513"}],"wp:term":[{"taxonomy":"product_brand","embeddable":true,"href":"https:\/\/aromasentia.com\/da\/wp-json\/wp\/v2\/product_brand?post=200513"},{"taxonomy":"product_cat","embeddable":true,"href":"https:\/\/aromasentia.com\/da\/wp-json\/wp\/v2\/product_cat?post=200513"},{"taxonomy":"product_tag","embeddable":true,"href":"https:\/\/aromasentia.com\/da\/wp-json\/wp\/v2\/product_tag?post=200513"}],"curies":[{"name":"wp","href":"https:\/\/api.w.org\/{rel}","templated":true}]}}