{"id":200491,"date":"2025-03-20T16:49:31","date_gmt":"2025-03-20T16:49:31","guid":{"rendered":"https:\/\/aromasentia.com\/product\/the-sun-of-africa-bath-gems\/"},"modified":"2025-06-22T03:29:05","modified_gmt":"2025-06-22T03:29:05","slug":"the-sun-of-africa-bath-gems","status":"publish","type":"product","link":"https:\/\/aromasentia.com\/da\/the-sun-of-africa-bath-gems\/","title":{"rendered":"The Sun Of Africa Bath Gems"},"content":{"rendered":"<p><strong><span style=\"color: rgb(75, 80, 88);\">Duft: Chloe<\/span><\/strong><\/p>\n<p><span style=\"color: rgb(75, 80, 88);\"><strong>Topnoter:<\/strong> P\u00e6on &#8211; Litchi<\/span><\/p>\n<p><span style=\"color: rgb(75, 80, 88);\"><strong>Hjertenoter:<\/strong> Rose &#8211; Magnolia &#8211; Freesia<\/span><\/p>\n<p><span style=\"color: rgb(75, 80, 88);\"><strong>Basenoter:<\/strong> Cedertr\u00e6 &#8211; Rav<\/span><\/p>\n<p><span style=\"color: rgb(75, 80, 88);\">* Lavet i England * H\u00e5ndlavet * Vegansk * Vedvarende duft * Unik badeoplevelse * Hver duft vejer 180 gram *<\/span><\/p>\n<p><span style=\"color: rgb(75, 80, 88);\">NB: P\u00e5 grund af den h\u00e5ndlavede natur er v\u00e6gten omtrentlig og kan variere med +- 20g.<\/span><\/p>\n","protected":false},"excerpt":{"rendered":"<p>Duft: Chloe Topnoter: P\u00e6on &#8211; Litchi Hjertenoter: Rose &#8211; Magnolia &#8211; Freesia Basenoter: Cedertr\u00e6 &#8211; Rav * Lavet i England * H\u00e5ndlavet * Vegansk * Vedvarende duft * Unik badeoplevelse * Hver duft vejer 180 gram * NB: P\u00e5 grund af den h\u00e5ndlavede natur er v\u00e6gten omtrentlig og kan variere med +- 20g.<\/p>\n","protected":false},"featured_media":286475,"comment_status":"closed","ping_status":"open","template":"","meta":[],"product_brand":[],"product_cat":[6994],"product_tag":[],"class_list":{"0":"post-200491","1":"product","2":"type-product","3":"status-publish","4":"has-post-thumbnail","6":"product_cat-bad-og-bruser","7":"pa_made-in-storbritannien","9":"first","10":"outofstock","11":"purchasable","12":"product-type-simple"},"supplier_id":null,"supplier_sku":"GSB-05","barcode":null,"atum_controlled":true,"out_stock_date":"2025-10-09 13:08:39","out_stock_threshold":null,"inheritable":false,"inbound_stock":null,"stock_on_hold":0,"sold_today":0,"sales_last_days":0,"reserved_stock":null,"customer_returns":null,"warehouse_damage":null,"lost_in_post":null,"other_logs":null,"out_stock_days":112,"lost_sales":0,"has_location":null,"update_date":"2026-01-30T01:25:14","atum_locations":[],"atum_stock_status":"outofstock","restock_status":false,"low_stock_amount":"","sales_update_date":"2026-01-30T01:25:14","calc_backorders":null,"_links":{"self":[{"href":"https:\/\/aromasentia.com\/da\/wp-json\/wp\/v2\/product\/200491","targetHints":{"allow":["GET"]}}],"collection":[{"href":"https:\/\/aromasentia.com\/da\/wp-json\/wp\/v2\/product"}],"about":[{"href":"https:\/\/aromasentia.com\/da\/wp-json\/wp\/v2\/types\/product"}],"replies":[{"embeddable":true,"href":"https:\/\/aromasentia.com\/da\/wp-json\/wp\/v2\/comments?post=200491"}],"version-history":[{"count":0,"href":"https:\/\/aromasentia.com\/da\/wp-json\/wp\/v2\/product\/200491\/revisions"}],"wp:featuredmedia":[{"embeddable":true,"href":"https:\/\/aromasentia.com\/da\/wp-json\/wp\/v2\/media\/286475"}],"wp:attachment":[{"href":"https:\/\/aromasentia.com\/da\/wp-json\/wp\/v2\/media?parent=200491"}],"wp:term":[{"taxonomy":"product_brand","embeddable":true,"href":"https:\/\/aromasentia.com\/da\/wp-json\/wp\/v2\/product_brand?post=200491"},{"taxonomy":"product_cat","embeddable":true,"href":"https:\/\/aromasentia.com\/da\/wp-json\/wp\/v2\/product_cat?post=200491"},{"taxonomy":"product_tag","embeddable":true,"href":"https:\/\/aromasentia.com\/da\/wp-json\/wp\/v2\/product_tag?post=200491"}],"curies":[{"name":"wp","href":"https:\/\/api.w.org\/{rel}","templated":true}]}}