{"id":200489,"date":"2025-03-20T16:49:31","date_gmt":"2025-03-20T16:49:31","guid":{"rendered":"https:\/\/aromasentia.com\/product\/greenman-soap-100g-coconut-cool-calm\/"},"modified":"2025-06-22T03:29:04","modified_gmt":"2025-06-22T03:29:04","slug":"greenman-saebe-100g-coconut-cool-calm","status":"publish","type":"product","link":"https:\/\/aromasentia.com\/da\/greenman-saebe-100g-coconut-cool-calm\/","title":{"rendered":"Greenman S\u00e6be 100g &#8211; Coconut Cool &#038; Calm"},"content":{"rendered":"<p>Coconut Cool &#038; Calm Greenman-s\u00e6berne er rene, naturlige og aromatiske, lavet med botaniske og \u00e6teriske olier. De er friske og forfriskende og parfumeret med den naturlige duft af kokos og lime. Denne s\u00e6be er ekstra mild og giver dyb n\u00e6ring og hydrering, s\u00e5 din hud f\u00f8les ren, forfrisket og silkebl\u00f8d.<\/p>\n<p>Inspireret af den gamle keltiske myte om Greenman: naturlig, jordagtig og livlig.<\/p>\n<p>Disse n\u00e6sten mytiske s\u00e6ber bruger udelukkende b\u00e6redygtig palmeolie, \u00e6ldgamle botaniske ingredienser og rene aromatiske olier, og de vil forvandle din daglige vask til et rensende ritual, der skal nydes.<\/p>\n<p>* SLS- og parabenfri * H\u00e5ndlavet i England * Med aromatiske olier og botaniske ingredienser * En s\u00e6be til enhver lejlighed *<\/p>\n","protected":false},"excerpt":{"rendered":"<p>Coconut Cool &#038; Calm Greenman-s\u00e6berne er rene, naturlige og aromatiske, lavet med botaniske og \u00e6teriske olier. De er friske og forfriskende og parfumeret med den naturlige duft af kokos og lime. Denne s\u00e6be er ekstra mild og giver dyb n\u00e6ring og hydrering, s\u00e5 din hud f\u00f8les ren, forfrisket og silkebl\u00f8d. Inspireret af den gamle keltiske [&hellip;]<\/p>\n","protected":false},"featured_media":286223,"comment_status":"closed","ping_status":"open","template":"","meta":{"_angie_page":false},"product_brand":[],"product_cat":[6994,7012],"product_tag":[],"class_list":{"0":"post-200489","1":"product","2":"type-product","3":"status-publish","4":"has-post-thumbnail","6":"product_cat-bad-og-bruser","7":"product_cat-okologiske-saeber-saebebar","8":"pa_collection-greenman-soaps-da","9":"pa_made-in-storbritannien","10":"pa_size-100g","12":"first","13":"instock","14":"purchasable","15":"product-type-simple"},"supplier_id":null,"supplier_sku":"GMSoap-08","barcode":null,"atum_controlled":true,"out_stock_date":null,"out_stock_threshold":null,"inheritable":false,"inbound_stock":null,"stock_on_hold":0,"sold_today":0,"sales_last_days":0,"reserved_stock":null,"customer_returns":null,"warehouse_damage":null,"lost_in_post":null,"other_logs":null,"out_stock_days":0,"lost_sales":0,"has_location":null,"update_date":"2026-05-04T00:03:55","atum_locations":[],"atum_stock_status":"instock","restock_status":false,"low_stock_amount":"","sales_update_date":"2025-09-05T00:19:17","calc_backorders":null,"_links":{"self":[{"href":"https:\/\/aromasentia.com\/da\/wp-json\/wp\/v2\/product\/200489","targetHints":{"allow":["GET"]}}],"collection":[{"href":"https:\/\/aromasentia.com\/da\/wp-json\/wp\/v2\/product"}],"about":[{"href":"https:\/\/aromasentia.com\/da\/wp-json\/wp\/v2\/types\/product"}],"replies":[{"embeddable":true,"href":"https:\/\/aromasentia.com\/da\/wp-json\/wp\/v2\/comments?post=200489"}],"version-history":[{"count":0,"href":"https:\/\/aromasentia.com\/da\/wp-json\/wp\/v2\/product\/200489\/revisions"}],"wp:featuredmedia":[{"embeddable":true,"href":"https:\/\/aromasentia.com\/da\/wp-json\/wp\/v2\/media\/286223"}],"wp:attachment":[{"href":"https:\/\/aromasentia.com\/da\/wp-json\/wp\/v2\/media?parent=200489"}],"wp:term":[{"taxonomy":"product_brand","embeddable":true,"href":"https:\/\/aromasentia.com\/da\/wp-json\/wp\/v2\/product_brand?post=200489"},{"taxonomy":"product_cat","embeddable":true,"href":"https:\/\/aromasentia.com\/da\/wp-json\/wp\/v2\/product_cat?post=200489"},{"taxonomy":"product_tag","embeddable":true,"href":"https:\/\/aromasentia.com\/da\/wp-json\/wp\/v2\/product_tag?post=200489"}],"curies":[{"name":"wp","href":"https:\/\/api.w.org\/{rel}","templated":true}]}}