{"id":200482,"date":"2025-03-20T16:49:31","date_gmt":"2025-03-20T16:49:31","guid":{"rendered":"https:\/\/aromasentia.com\/product\/greenman-soap-100g-gardeners-scrub\/"},"modified":"2025-06-22T03:29:01","modified_gmt":"2025-06-22T03:29:01","slug":"greenman-saebe-100g-gartnerens-scrub","status":"publish","type":"product","link":"https:\/\/aromasentia.com\/da\/greenman-saebe-100g-gartnerens-scrub\/","title":{"rendered":"Greenman S\u00e6be 100g &#8211; Gartnerens Scrub"},"content":{"rendered":"<p>The Gardener&#8217;s Scrub Greenman-s\u00e6ber er rene, naturlige og aromatiske, lavet med botaniske og \u00e6teriske olier. Med citron og basilikum afgifter, toner og lysner denne fyldige s\u00e6be din hud, samtidig med at den renser den.<\/p>\n<p>Inspireret af den gamle keltiske myte om Greenman: naturlig, jordagtig og livlig.<\/p>\n<p>Ved kun at bruge b\u00e6redygtig palmeolie, \u00e6ldgamle botaniske ingredienser og rene aromatiske olier, vil disse n\u00e6sten mytiske s\u00e6ber forvandle din daglige vask til et rensende ritual, der skal nydes.<\/p>\n<p>* SLS- og parabenfri * H\u00e5ndlavet i England * Med aromatiske olier og botaniske ingredienser * En s\u00e6be til enhver situation *<\/p>\n","protected":false},"excerpt":{"rendered":"<p>The Gardener&#8217;s Scrub Greenman-s\u00e6ber er rene, naturlige og aromatiske, lavet med botaniske og \u00e6teriske olier. Med citron og basilikum afgifter, toner og lysner denne fyldige s\u00e6be din hud, samtidig med at den renser den. Inspireret af den gamle keltiske myte om Greenman: naturlig, jordagtig og livlig. Ved kun at bruge b\u00e6redygtig palmeolie, \u00e6ldgamle botaniske ingredienser [&hellip;]<\/p>\n","protected":false},"featured_media":285480,"comment_status":"closed","ping_status":"open","template":"","meta":{"_angie_page":false},"product_brand":[],"product_cat":[6994,7012],"product_tag":[],"class_list":{"0":"post-200482","1":"product","2":"type-product","3":"status-publish","4":"has-post-thumbnail","6":"product_cat-bad-og-bruser","7":"product_cat-okologiske-saeber-saebebar","8":"pa_collection-greenman-soaps-da","9":"pa_made-in-storbritannien","10":"pa_size-100g","12":"first","13":"instock","14":"purchasable","15":"product-type-simple"},"supplier_id":null,"supplier_sku":"GMSoap-01","barcode":null,"atum_controlled":true,"out_stock_date":null,"out_stock_threshold":null,"inheritable":false,"inbound_stock":null,"stock_on_hold":0,"sold_today":0,"sales_last_days":0,"reserved_stock":null,"customer_returns":null,"warehouse_damage":null,"lost_in_post":null,"other_logs":null,"out_stock_days":0,"lost_sales":0,"has_location":null,"update_date":"2026-05-04T00:03:55","atum_locations":[],"atum_stock_status":"instock","restock_status":false,"low_stock_amount":"","sales_update_date":"2025-09-05T00:19:16","calc_backorders":null,"_links":{"self":[{"href":"https:\/\/aromasentia.com\/da\/wp-json\/wp\/v2\/product\/200482","targetHints":{"allow":["GET"]}}],"collection":[{"href":"https:\/\/aromasentia.com\/da\/wp-json\/wp\/v2\/product"}],"about":[{"href":"https:\/\/aromasentia.com\/da\/wp-json\/wp\/v2\/types\/product"}],"replies":[{"embeddable":true,"href":"https:\/\/aromasentia.com\/da\/wp-json\/wp\/v2\/comments?post=200482"}],"version-history":[{"count":0,"href":"https:\/\/aromasentia.com\/da\/wp-json\/wp\/v2\/product\/200482\/revisions"}],"wp:featuredmedia":[{"embeddable":true,"href":"https:\/\/aromasentia.com\/da\/wp-json\/wp\/v2\/media\/285480"}],"wp:attachment":[{"href":"https:\/\/aromasentia.com\/da\/wp-json\/wp\/v2\/media?parent=200482"}],"wp:term":[{"taxonomy":"product_brand","embeddable":true,"href":"https:\/\/aromasentia.com\/da\/wp-json\/wp\/v2\/product_brand?post=200482"},{"taxonomy":"product_cat","embeddable":true,"href":"https:\/\/aromasentia.com\/da\/wp-json\/wp\/v2\/product_cat?post=200482"},{"taxonomy":"product_tag","embeddable":true,"href":"https:\/\/aromasentia.com\/da\/wp-json\/wp\/v2\/product_tag?post=200482"}],"curies":[{"name":"wp","href":"https:\/\/api.w.org\/{rel}","templated":true}]}}